{"id":380,"date":"2018-10-25T21:38:04","date_gmt":"2018-10-25T19:38:04","guid":{"rendered":"https:\/\/ent2d.ac-bordeaux.fr\/disciplines\/allemand\/?page_id=380"},"modified":"2025-10-28T16:14:17","modified_gmt":"2025-10-28T15:14:17","slug":"espace-culturel","status":"publish","type":"page","link":"https:\/\/ent2d.ac-bordeaux.fr\/disciplines\/allemand\/espace-culturel\/","title":{"rendered":"ESPACE CULTUREL"},"content":{"rendered":"<p>Cette page propose diff\u00e9rentes ressources sur les pays germanophones.<\/p>\n<p style=\"text-align: center\"><a href=\"https:\/\/www.goethe.de\/ins\/fr\/fr\/sta\/bor.html\" target=\"_blank\" rel=\"noopener\"><img loading=\"lazy\" decoding=\"async\" class=\"alignnone wp-image-920\" src=\"https:\/\/ent2d.ac-bordeaux.fr\/disciplines\/allemand\/wp-content\/uploads\/sites\/11\/2018\/10\/Goethe-Institut.png\" alt=\"\" width=\"167\" height=\"92\" \/><\/a><\/p>\n<p><strong>La bpb<\/strong> propose des cahiers complets sur des th\u00e8mes de civilisation et de soci\u00e9t\u00e9. On y trouve des <a href=\"http:\/\/www.bpb.de\/lernen\/themen-im-unterricht\/\" target=\"_blank\" rel=\"noopener\">cahiers documentaires,<\/a> d&rsquo;autres avec des <a href=\"http:\/\/www.bpb.de\/lernen\/zielgruppe\/sekundarstufe-1\/\" target=\"_blank\" rel=\"noopener\">fiches de travail<\/a> \u00e0 utiliser en classe. On y trouve \u00e9galement des <a href=\"http:\/\/www.bpb.de\/shop\/lernen\/filmhefte\/\" target=\"_blank\" rel=\"noopener\">didactisations de films<\/a> \u00e0 t\u00e9l\u00e9charger en .pdf<\/p>\n<p style=\"text-align: center\"><a href=\"https:\/\/www.bpb.de\/\" target=\"_blank\" rel=\"noopener\"><img loading=\"lazy\" decoding=\"async\" class=\" wp-image-924 aligncenter\" src=\"https:\/\/ent2d.ac-bordeaux.fr\/disciplines\/allemand\/wp-content\/uploads\/sites\/11\/2018\/10\/bpb-300x125.jpg\" alt=\"\" width=\"192\" height=\"80\" srcset=\"https:\/\/ent2d.ac-bordeaux.fr\/disciplines\/allemand\/wp-content\/uploads\/sites\/11\/2018\/10\/bpb-300x125.jpg 300w, https:\/\/ent2d.ac-bordeaux.fr\/disciplines\/allemand\/wp-content\/uploads\/sites\/11\/2018\/10\/bpb-768x321.jpg 768w, https:\/\/ent2d.ac-bordeaux.fr\/disciplines\/allemand\/wp-content\/uploads\/sites\/11\/2018\/10\/bpb-1024x428.jpg 1024w, https:\/\/ent2d.ac-bordeaux.fr\/disciplines\/allemand\/wp-content\/uploads\/sites\/11\/2018\/10\/bpb.jpg 1415w\" sizes=\"auto, (max-width: 192px) 100vw, 192px\" \/><\/a><\/p>\n<p style=\"text-align: center\"><a href=\"https:\/\/www.wissen.de\/\" target=\"_blank\" rel=\"noopener\"><img loading=\"lazy\" decoding=\"async\" class=\"alignnone size-full wp-image-925\" src=\"https:\/\/ent2d.ac-bordeaux.fr\/disciplines\/allemand\/wp-content\/uploads\/sites\/11\/2018\/10\/Wissen.de_.png\" alt=\"\" width=\"220\" height=\"46\" \/><\/a><\/p>\n<p><strong>LeMo<\/strong> (das Lebendige Museum Online) est un site proposant un panorama complet de l&rsquo;Histoire de l&rsquo;Allemagne de 1850 \u00e0 nos jours. Ce site b\u00e9n\u00e9ficie du soutien de la \u00ab\u00a0Haus der Geschichte der Bundesrepublik Deutschland\u00a0\u00bb et de la Maison de l&rsquo;Histoire Allemande.<\/p>\n<p style=\"text-align: center\"><a href=\"https:\/\/www.dhm.de\/lemo\/\" target=\"_blank\" rel=\"noopener\"><img loading=\"lazy\" decoding=\"async\" class=\"alignnone size-full wp-image-927\" src=\"https:\/\/ent2d.ac-bordeaux.fr\/disciplines\/allemand\/wp-content\/uploads\/sites\/11\/2018\/10\/Lebendiges-Museum-Online.png\" alt=\"\" width=\"222\" height=\"52\" \/><\/a><\/p>\n<p><strong>Le portail de l&rsquo;Allemagne<\/strong> contient des informations sur l&rsquo;\u00e9ducation, la sant\u00e9, la culture, les m\u00e9dias, la religion, les sports, l&rsquo;Etat, le tourisme, l&rsquo;environnement, l&rsquo;\u00e9conomie et les sciences de l&rsquo;Allemagne.<a href=\"https:\/\/www.deutschland.de\/de\" target=\"_blank\" rel=\"noopener\"><br \/>\n<img loading=\"lazy\" decoding=\"async\" class=\" wp-image-929 aligncenter\" src=\"https:\/\/ent2d.ac-bordeaux.fr\/disciplines\/allemand\/wp-content\/uploads\/sites\/11\/2018\/10\/Deutschland-Portal.png\" alt=\"\" width=\"180\" height=\"82\" \/><\/a><\/p>\n<p><strong>Faits et r\u00e9alit\u00e9s<\/strong> est une brochure pr\u00e9sentant des informations actuelles et fond\u00e9es sur tous les aspects de la vie en Allemagne, allant de la politique \u00e0 l&rsquo;\u00e9conomie en passant par la culture. La brochure est publi\u00e9e et r\u00e9guli\u00e8rement mise \u00e0 jour par le CIDAL (Centre d&rsquo;Information et de Documentation de l&rsquo;Ambassade d&rsquo;Allemagne).<\/p>\n<p><a href=\"https:\/\/www.tatsachen-ueber-deutschland.de\/de\" target=\"_blank\" rel=\"noopener\"><img loading=\"lazy\" decoding=\"async\" class=\"aligncenter wp-image-933 size-full\" src=\"https:\/\/ent2d.ac-bordeaux.fr\/disciplines\/allemand\/wp-content\/uploads\/sites\/11\/2018\/10\/Faits-et-re\u0301alite\u0301s.png\" alt=\"\" width=\"141\" height=\"184\" \/><\/a><\/p>\n<p><strong>Fluter<\/strong> est un magazine de la Bundeszentrale f\u00fcr politische Bildung (bpb). Il propose des dossiers th\u00e9matiques sur des faits d&rsquo;actualit\u00e9, des faits de soci\u00e9t\u00e9, sur la culture et propose \u00e9galement une m\u00e9diath\u00e8que contenant de nombreux liens vers des supports audio ou vers des vid\u00e9os.<\/p>\n<p><a href=\"https:\/\/www.fluter.de\/\" target=\"_blank\" rel=\"noopener\"><img loading=\"lazy\" decoding=\"async\" class=\"wp-image-935 aligncenter\" src=\"https:\/\/ent2d.ac-bordeaux.fr\/disciplines\/allemand\/wp-content\/uploads\/sites\/11\/2018\/10\/Fluter.png\" alt=\"\" width=\"154\" height=\"103\" \/><\/a><\/p>\n<p><strong>Der Weg<\/strong> est un magazine gratuit destin\u00e9 aux germanistes apprenants, enseignants et \/ ou curieux. Il propose un panorama tr\u00e8s complet de la litt\u00e9rature et de la civilisation allemande&#8230; assorti d&rsquo;explications lexicales.<\/p>\n<p><a href=\"https:\/\/derweg.org\/\" target=\"_blank\" rel=\"noopener\"><img loading=\"lazy\" decoding=\"async\" class=\"aligncenter wp-image-937 size-medium\" src=\"https:\/\/ent2d.ac-bordeaux.fr\/disciplines\/allemand\/wp-content\/uploads\/sites\/11\/2018\/10\/Der-Weg-300x77.png\" alt=\"\" width=\"300\" height=\"77\" srcset=\"https:\/\/ent2d.ac-bordeaux.fr\/disciplines\/allemand\/wp-content\/uploads\/sites\/11\/2018\/10\/Der-Weg-300x77.png 300w, https:\/\/ent2d.ac-bordeaux.fr\/disciplines\/allemand\/wp-content\/uploads\/sites\/11\/2018\/10\/Der-Weg.png 364w\" sizes=\"auto, (max-width: 300px) 100vw, 300px\" \/><\/a><\/p>\n<p><strong>Sowieso.de<\/strong> est un site d&rsquo;informations (\u00ab\u00a0Nachrichten\u00a0\u00bb) destin\u00e9es aux enfants.<\/p>\n<p><a href=\"https:\/\/sowieso.de\/\" target=\"_blank\" rel=\"noopener\"><img loading=\"lazy\" decoding=\"async\" class=\"size-full wp-image-939 aligncenter\" src=\"https:\/\/ent2d.ac-bordeaux.fr\/disciplines\/allemand\/wp-content\/uploads\/sites\/11\/2018\/10\/Sowieso.de_.png\" alt=\"\" width=\"212\" height=\"95\" \/><\/a><\/p>\n<p style=\"text-align: center\">\n","protected":false},"excerpt":{"rendered":"<p>Cette page propose diff\u00e9rentes ressources sur les pays germanophones. La bpb propose des cahiers complets sur des th\u00e8mes de civilisation et de soci\u00e9t\u00e9. On y trouve des cahiers documentaires, d&rsquo;autres &#8230;<\/p>\n","protected":false},"author":33,"featured_media":430,"parent":0,"menu_order":0,"comment_status":"closed","ping_status":"closed","template":"template-fullwidth.php","meta":{"footnotes":""},"class_list":["post-380","page","type-page","status-publish","has-post-thumbnail","hentry"],"_links":{"self":[{"href":"https:\/\/ent2d.ac-bordeaux.fr\/disciplines\/allemand\/wp-json\/wp\/v2\/pages\/380","targetHints":{"allow":["GET"]}}],"collection":[{"href":"https:\/\/ent2d.ac-bordeaux.fr\/disciplines\/allemand\/wp-json\/wp\/v2\/pages"}],"about":[{"href":"https:\/\/ent2d.ac-bordeaux.fr\/disciplines\/allemand\/wp-json\/wp\/v2\/types\/page"}],"author":[{"embeddable":true,"href":"https:\/\/ent2d.ac-bordeaux.fr\/disciplines\/allemand\/wp-json\/wp\/v2\/users\/33"}],"replies":[{"embeddable":true,"href":"https:\/\/ent2d.ac-bordeaux.fr\/disciplines\/allemand\/wp-json\/wp\/v2\/comments?post=380"}],"version-history":[{"count":17,"href":"https:\/\/ent2d.ac-bordeaux.fr\/disciplines\/allemand\/wp-json\/wp\/v2\/pages\/380\/revisions"}],"predecessor-version":[{"id":1650,"href":"https:\/\/ent2d.ac-bordeaux.fr\/disciplines\/allemand\/wp-json\/wp\/v2\/pages\/380\/revisions\/1650"}],"wp:featuredmedia":[{"embeddable":true,"href":"https:\/\/ent2d.ac-bordeaux.fr\/disciplines\/allemand\/wp-json\/wp\/v2\/media\/430"}],"wp:attachment":[{"href":"https:\/\/ent2d.ac-bordeaux.fr\/disciplines\/allemand\/wp-json\/wp\/v2\/media?parent=380"}],"curies":[{"name":"wp","href":"https:\/\/api.w.org\/{rel}","templated":true}]}}