{"id":367,"date":"2016-06-10T21:05:34","date_gmt":"2016-06-10T19:05:34","guid":{"rendered":"https:\/\/ent2d.ac-bordeaux.fr\/disciplines\/allemand\/?page_id=367"},"modified":"2018-10-24T22:34:41","modified_gmt":"2018-10-24T20:34:41","slug":"creer-des-ressources-multimedia","status":"publish","type":"page","link":"https:\/\/ent2d.ac-bordeaux.fr\/disciplines\/allemand\/creer-des-ressources-multimedia\/","title":{"rendered":"Tutoriels d&rsquo;outils"},"content":{"rendered":"<h4><strong><span style=\"color: #800000\"><span style=\"color: #0000ff\">Video Download Helper<\/span>\u00a0 <a href=\"https:\/\/ent2d.ac-bordeaux.fr\/disciplines\/allemand\/wp-content\/uploads\/sites\/11\/2016\/06\/VDH.jpg\"><img loading=\"lazy\" decoding=\"async\" class=\"alignnone wp-image-475\" src=\"https:\/\/ent2d.ac-bordeaux.fr\/disciplines\/allemand\/wp-content\/uploads\/sites\/11\/2016\/06\/VDH.jpg\" alt=\"VDH\" width=\"34\" height=\"34\" srcset=\"https:\/\/ent2d.ac-bordeaux.fr\/disciplines\/allemand\/wp-content\/uploads\/sites\/11\/2016\/06\/VDH.jpg 208w, https:\/\/ent2d.ac-bordeaux.fr\/disciplines\/allemand\/wp-content\/uploads\/sites\/11\/2016\/06\/VDH-150x150.jpg 150w\" sizes=\"auto, (max-width: 34px) 100vw, 34px\" \/><\/a>\u00a0<\/span><\/strong><\/h4>\n<p>Video DownloadHelper est un plugin pour Firefox qui sert \u00e0 extraire des vid\u00e9os ou images en ligne.<\/p>\n<ul>\n<li><a href=\"https:\/\/ent2d.ac-bordeaux.fr\/disciplines\/allemand\/wp-content\/uploads\/sites\/11\/2016\/06\/Vid\u00e9o-Downloadhelper.pdf\">Tutoriel en pdf<\/a><\/li>\n<\/ul>\n<p>____________________________________________________________________________________________<\/p>\n<h4><strong><span style=\"color: #800000\"><span style=\"color: #0000ff\">Fomat Factory<\/span>\u00a0<a href=\"https:\/\/ent2d.ac-bordeaux.fr\/disciplines\/allemand\/wp-content\/uploads\/sites\/11\/2016\/06\/Format-Factory.jpg\"><img loading=\"lazy\" decoding=\"async\" class=\"alignnone wp-image-479\" src=\"https:\/\/ent2d.ac-bordeaux.fr\/disciplines\/allemand\/wp-content\/uploads\/sites\/11\/2016\/06\/Format-Factory.jpg\" alt=\"Format Factory\" width=\"52\" height=\"52\" srcset=\"https:\/\/ent2d.ac-bordeaux.fr\/disciplines\/allemand\/wp-content\/uploads\/sites\/11\/2016\/06\/Format-Factory.jpg 225w, https:\/\/ent2d.ac-bordeaux.fr\/disciplines\/allemand\/wp-content\/uploads\/sites\/11\/2016\/06\/Format-Factory-150x150.jpg 150w\" sizes=\"auto, (max-width: 52px) 100vw, 52px\" \/><\/a><\/span><\/strong><\/h4>\n<p>Un outil de conversion gratuit et multifonctionnel.<\/p>\n<ul>\n<li><a href=\"http:\/\/www.audiolangues.fr\/images\/tuto\/Tutoriel-Format-Factory.pdf\">Tutoriel en pdf<\/a><\/li>\n<\/ul>\n<p>____________________________________________________________________________________________<\/p>\n<h4><strong><span style=\"color: #800000\"><span style=\"color: #0000ff\">Audacity<\/span>\u00a0<a href=\"https:\/\/ent2d.ac-bordeaux.fr\/disciplines\/allemand\/wp-content\/uploads\/sites\/11\/2016\/06\/audacity.png\"><img loading=\"lazy\" decoding=\"async\" class=\"wp-image-369 alignnone\" src=\"https:\/\/ent2d.ac-bordeaux.fr\/disciplines\/allemand\/wp-content\/uploads\/sites\/11\/2016\/06\/audacity.png\" alt=\"audacity\" width=\"35\" height=\"31\" \/><\/a><\/span><\/strong><\/h4>\n<p>Pour la capture ou le traitement d\u2019un document sonore : \u00a0<a href=\"http:\/\/audacity.fr\/\" target=\"_blank\" rel=\"noopener\">Audacity<\/a><\/p>\n<p>Deux tutoriels pour l&rsquo;utilisation d&rsquo;Audacity:<\/p>\n<ul>\n<li>Fichier PDF \u00a0sur le site\u00a0<a href=\"http:\/\/www.educlasse.ch\/activites\/coursinfo\/documents\/Audacity_tutoriel.pdf\" target=\"_blank\" rel=\"noopener\">educlasse.ch<\/a>.<\/li>\n<li>Tutoriel\u00a0anim\u00e9\u00a0<a href=\"http:\/\/www.tutoriels-animes.com\/tutoriels-audacity.html\" target=\"_blank\" rel=\"noopener\">ici<\/a>.<\/li>\n<\/ul>\n<hr \/>\n<h4><span style=\"color: #800000\"><strong><span style=\"color: #0000ff\">VLC Media Player<\/span>\u00a0<a href=\"https:\/\/ent2d.ac-bordeaux.fr\/disciplines\/allemand\/wp-content\/uploads\/sites\/11\/2016\/06\/vlc-logo.gif\"><img loading=\"lazy\" decoding=\"async\" class=\"alignnone wp-image-371\" src=\"https:\/\/ent2d.ac-bordeaux.fr\/disciplines\/allemand\/wp-content\/uploads\/sites\/11\/2016\/06\/vlc-logo.gif\" alt=\"vlc-logo\" width=\"36\" height=\"37\" \/><\/a><\/strong><\/span><\/h4>\n<p><a href=\"http:\/\/vlc-media-player.org\/modules\/telecharge\/\" target=\"_blank\" rel=\"noopener\">VLC Media Player<\/a>\u00a0 permet de diffuser des\u00a0documents audio ou vid\u00e9os sans passer par internet.<\/p>\n<hr \/>\n<h4><strong><span style=\"color: #800000\"><span style=\"color: #0000ff\">Windows Movie Maker<\/span><a href=\"https:\/\/ent2d.ac-bordeaux.fr\/disciplines\/allemand\/wp-content\/uploads\/sites\/11\/2016\/06\/windows-movie-maker.jpg\"><img loading=\"lazy\" decoding=\"async\" class=\"alignnone wp-image-372\" src=\"https:\/\/ent2d.ac-bordeaux.fr\/disciplines\/allemand\/wp-content\/uploads\/sites\/11\/2016\/06\/windows-movie-maker.jpg\" alt=\"windows-movie-maker\" width=\"42\" height=\"42\" \/><\/a><\/span><\/strong><\/h4>\n<p>Pour r\u00e9aliser facilement des\u00a0montages vid\u00e9os : \u00a0<a href=\"http:\/\/windows.microsoft.com\/fr-fr\/windows\/movie-maker\" target=\"_blank\" rel=\"noopener\">Windows Movie Maker<\/a><\/p>\n<p>Tutoriel en version PDF: \u00a0<a href=\"http:\/\/www.audiolangues.fr\/images\/tuto\/Tutoriel-live-movie-maker.pdf\" target=\"_blank\" rel=\"noopener\">Audiolangues.fr<\/a><\/p>\n<hr \/>\n<h4><span style=\"color: #800000\"><span style=\"color: #0000ff\"><strong>Prezi<\/strong><\/span>\u00a0<a href=\"https:\/\/ent2d.ac-bordeaux.fr\/disciplines\/allemand\/wp-content\/uploads\/sites\/11\/2016\/06\/prezi.png\"><img loading=\"lazy\" decoding=\"async\" class=\"alignnone wp-image-373\" src=\"https:\/\/ent2d.ac-bordeaux.fr\/disciplines\/allemand\/wp-content\/uploads\/sites\/11\/2016\/06\/prezi.png\" alt=\"prezi\" width=\"101\" height=\"40\" \/><\/a><\/span><\/h4>\n<p>Pour dynamiser vos pr\u00e9sentations : \u00a0<a href=\"https:\/\/prezi.com\/\" target=\"_blank\" rel=\"noopener\">Prezi<\/a><\/p>\n<p>Tutoriel : sur la\u00a0<a href=\"http:\/\/www.discip.ac-caen.fr\/ses\/tutoriel\/tuto-prezi-2015-2016.pdf\" target=\"_blank\" rel=\"noopener\">page de l\u2019Acad\u00e9mie de Caen<\/a><\/p>\n<hr \/>\n<h4><span style=\"color: #0000ff\"><strong>Pearltrees<\/strong><\/span> \u00a0 \u00a0<a href=\"https:\/\/ent2d.ac-bordeaux.fr\/disciplines\/allemand\/wp-content\/uploads\/sites\/11\/2016\/06\/Pearltrees.jpg\"><img loading=\"lazy\" decoding=\"async\" class=\"alignnone wp-image-374\" src=\"https:\/\/ent2d.ac-bordeaux.fr\/disciplines\/allemand\/wp-content\/uploads\/sites\/11\/2016\/06\/Pearltrees.jpg\" alt=\"Pearltrees\" width=\"122\" height=\"41\" \/><\/a><\/h4>\n<p>Outil innovant pour partager vos favoris ou vos ressources sur Internet :\u00a0\u00a0<a href=\"http:\/\/www.pearltrees.com\/\" target=\"_blank\" rel=\"noopener\">Pearltrees<\/a><\/p>\n<p>Tutoriel\u00a0en version PDF de l\u2019Acad\u00e9mie de Poitiers :\u00a0\u00a0<a href=\"http:\/\/ww2.ac-poitiers.fr\/techno\/IMG\/pdf\/tutoriel_pearltrees.pdf\" target=\"_blank\" rel=\"noopener\">ici<\/a><\/p>\n<hr \/>\n<h4><strong><span style=\"color: #800000\"><span style=\"color: #0000ff\">Padlet<\/span>\u00a0<a href=\"https:\/\/ent2d.ac-bordeaux.fr\/disciplines\/allemand\/wp-content\/uploads\/sites\/11\/2016\/06\/padlet.png\"><img loading=\"lazy\" decoding=\"async\" class=\"alignnone wp-image-375\" src=\"https:\/\/ent2d.ac-bordeaux.fr\/disciplines\/allemand\/wp-content\/uploads\/sites\/11\/2016\/06\/padlet.png\" alt=\"padlet\" width=\"114\" height=\"34\" \/><\/a><\/span><\/strong><\/h4>\n<p>Pour cr\u00e9er et collaborer :\u00a0<a href=\"https:\/\/padlet.com\/\" target=\"_blank\" rel=\"noopener\">Padlet<\/a><\/p>\n<p>Tutoriel de l\u2019Acad\u00e9mie de Strasbourg :\u00a0<a href=\"https:\/\/www.ac-strasbourg.fr\/fileadmin\/...\/Fiche_utiliser_Padlet.pdf\" target=\"_blank\" rel=\"noopener\">ici<\/a><\/p>\n<hr \/>\n<h4><span style=\"color: #800000\"><strong><span style=\"color: #0000ff\">Storyboard that<\/span>\u00a0<a href=\"https:\/\/ent2d.ac-bordeaux.fr\/disciplines\/allemand\/wp-content\/uploads\/sites\/11\/2016\/06\/storyboardthat.png\"><img loading=\"lazy\" decoding=\"async\" class=\"alignnone wp-image-376\" src=\"https:\/\/ent2d.ac-bordeaux.fr\/disciplines\/allemand\/wp-content\/uploads\/sites\/11\/2016\/06\/storyboardthat.png\" alt=\"storyboardthat\" width=\"153\" height=\"27\" \/><\/a><\/strong><\/span><\/h4>\n<p><a href=\"http:\/\/www.storyboardthat.com\/\" target=\"_blank\" rel=\"noopener\">Storyboard That<\/a>\u00a0: permet de diversifier vos outils pour int\u00e9resser vos \u00e9l\u00e8ves en cr\u00e9ant vous-m\u00eame vos\u00a0<em>storyboards<\/em>.<\/p>\n<hr \/>\n<h4><span style=\"color: #800000\"><strong>Quizlet\u00a0<\/strong><\/span><a href=\"https:\/\/ent2d.ac-bordeaux.fr\/disciplines\/allemand\/wp-content\/uploads\/sites\/11\/2016\/06\/Quizlet.jpg\"><img loading=\"lazy\" decoding=\"async\" class=\"alignnone wp-image-377\" src=\"https:\/\/ent2d.ac-bordeaux.fr\/disciplines\/allemand\/wp-content\/uploads\/sites\/11\/2016\/06\/Quizlet.jpg\" alt=\"Quizlet\" width=\"37\" height=\"37\" srcset=\"https:\/\/ent2d.ac-bordeaux.fr\/disciplines\/allemand\/wp-content\/uploads\/sites\/11\/2016\/06\/Quizlet.jpg 151w, https:\/\/ent2d.ac-bordeaux.fr\/disciplines\/allemand\/wp-content\/uploads\/sites\/11\/2016\/06\/Quizlet-150x150.jpg 150w\" sizes=\"auto, (max-width: 37px) 100vw, 37px\" \/><\/a><\/h4>\n<p><a href=\"https:\/\/quizlet.com\">Quizlet<\/a> permet de cr\u00e9er des activit\u00e9s ludiques pour faire acqu\u00e9rir du lexique.<\/p>\n<p>Tutoriel sur le site interlangues de l&rsquo;acad\u00e9mie de Versailles : <a href=\"http:\/\/www.langues.ac-versailles.fr\/spip.php?article559\">ici<\/a><\/p>\n<p>____________________________________________________________________________________________<\/p>\n<h4><span style=\"color: #800000\"><strong><span style=\"color: #0000ff\">Calam\u00e9o<\/span> <a href=\"https:\/\/ent2d.ac-bordeaux.fr\/disciplines\/allemand\/wp-content\/uploads\/sites\/11\/2016\/06\/Calameo.png\"><img loading=\"lazy\" decoding=\"async\" class=\"alignnone wp-image-480\" src=\"https:\/\/ent2d.ac-bordeaux.fr\/disciplines\/allemand\/wp-content\/uploads\/sites\/11\/2016\/06\/Calameo.png\" alt=\"Calameo\" width=\"139\" height=\"33\" \/><\/a>\u00a0<\/strong><\/span><\/h4>\n<p>Calam\u00e9o est un service en ligne qui permet la conversion gratuite de documents en publications num\u00e9riques.<\/p>\n<ul>\n<li><a href=\"https:\/\/www.youtube.com\/watch?v=oz9ptqwZdUI\">Tutoriel vid\u00e9o<\/a><\/li>\n<\/ul>\n<p>____________________________________________________________________________________________<\/p>\n<h4><span style=\"color: #800000\"><strong><span style=\"color: #0000ff\">Dropbox<\/span>\u00a0<a href=\"https:\/\/ent2d.ac-bordeaux.fr\/disciplines\/allemand\/wp-content\/uploads\/sites\/11\/2016\/06\/Dropbox.png\"><img loading=\"lazy\" decoding=\"async\" class=\"alignnone wp-image-484\" src=\"https:\/\/ent2d.ac-bordeaux.fr\/disciplines\/allemand\/wp-content\/uploads\/sites\/11\/2016\/06\/Dropbox.png\" alt=\"Dropbox\" width=\"122\" height=\"40\" \/><\/a><\/strong><\/span><\/h4>\n<p>Il s&rsquo;agit d&rsquo;un logiciel permettant \u00e0 l&rsquo;utilisateur de partager et synchroniser ses fichiers par Internet.<\/p>\n<ul>\n<li><a href=\"https:\/\/www.youtube.com\/watch?v=Bhew16PpRRE\">Tutoriel vid\u00e9o<\/a><\/li>\n<\/ul>\n<p>____________________________________________________________________________________________<\/p>\n<h4><span style=\"color: #800000\"><strong>Mediacad \u00a0<a href=\"https:\/\/ent2d.ac-bordeaux.fr\/disciplines\/allemand\/wp-content\/uploads\/sites\/11\/2016\/06\/Mediacad.png\"><img loading=\"lazy\" decoding=\"async\" class=\"alignnone wp-image-485\" src=\"https:\/\/ent2d.ac-bordeaux.fr\/disciplines\/allemand\/wp-content\/uploads\/sites\/11\/2016\/06\/Mediacad.png\" alt=\"Mediacad\" width=\"126\" height=\"36\" \/><\/a><\/strong><\/span><\/h4>\n<p>M\u00e9diacad (M\u00e9diath\u00e8que acad\u00e9mique) est une application web qui permet l&rsquo;envoi, l&rsquo;encodage, le stockage, le partage et la diffusion (streaming, affichage et t\u00e9l\u00e9chargement) de m\u00e9dias (vid\u00e9os, sons, images et livres num\u00e9riques).<\/p>\n<ul>\n<li><a href=\"https:\/\/ent2d.ac-bordeaux.fr\/mediacad\/default\/help\/tutorial\">Tutoriel<\/a><\/li>\n<\/ul>\n<p>&nbsp;<\/p>\n","protected":false},"excerpt":{"rendered":"<p>Video Download Helper\u00a0 \u00a0 Video DownloadHelper est un plugin pour Firefox qui sert \u00e0 extraire des vid\u00e9os ou images en ligne. Tutoriel en pdf ____________________________________________________________________________________________ Fomat Factory\u00a0 Un outil de &#8230;<\/p>\n","protected":false},"author":33,"featured_media":430,"parent":0,"menu_order":0,"comment_status":"closed","ping_status":"closed","template":"template-fullwidth.php","meta":{"footnotes":""},"class_list":["post-367","page","type-page","status-publish","has-post-thumbnail","hentry"],"_links":{"self":[{"href":"https:\/\/ent2d.ac-bordeaux.fr\/disciplines\/allemand\/wp-json\/wp\/v2\/pages\/367","targetHints":{"allow":["GET"]}}],"collection":[{"href":"https:\/\/ent2d.ac-bordeaux.fr\/disciplines\/allemand\/wp-json\/wp\/v2\/pages"}],"about":[{"href":"https:\/\/ent2d.ac-bordeaux.fr\/disciplines\/allemand\/wp-json\/wp\/v2\/types\/page"}],"author":[{"embeddable":true,"href":"https:\/\/ent2d.ac-bordeaux.fr\/disciplines\/allemand\/wp-json\/wp\/v2\/users\/33"}],"replies":[{"embeddable":true,"href":"https:\/\/ent2d.ac-bordeaux.fr\/disciplines\/allemand\/wp-json\/wp\/v2\/comments?post=367"}],"version-history":[{"count":12,"href":"https:\/\/ent2d.ac-bordeaux.fr\/disciplines\/allemand\/wp-json\/wp\/v2\/pages\/367\/revisions"}],"predecessor-version":[{"id":985,"href":"https:\/\/ent2d.ac-bordeaux.fr\/disciplines\/allemand\/wp-json\/wp\/v2\/pages\/367\/revisions\/985"}],"wp:featuredmedia":[{"embeddable":true,"href":"https:\/\/ent2d.ac-bordeaux.fr\/disciplines\/allemand\/wp-json\/wp\/v2\/media\/430"}],"wp:attachment":[{"href":"https:\/\/ent2d.ac-bordeaux.fr\/disciplines\/allemand\/wp-json\/wp\/v2\/media?parent=367"}],"curies":[{"name":"wp","href":"https:\/\/api.w.org\/{rel}","templated":true}]}}