{"id":315,"date":"2018-10-10T15:45:54","date_gmt":"2018-10-10T13:45:54","guid":{"rendered":"https:\/\/ent2d.ac-bordeaux.fr\/disciplines\/allemand\/?page_id=315"},"modified":"2022-10-03T08:54:03","modified_gmt":"2022-10-03T06:54:03","slug":"formation","status":"publish","type":"page","link":"https:\/\/ent2d.ac-bordeaux.fr\/disciplines\/allemand\/formation\/","title":{"rendered":"FORMATION"},"content":{"rendered":"<table width=\"814\">\n<tbody>\n<tr>\n<td width=\"271\">\n<p style=\"text-align: center\"><strong>Plan Acad\u00e9mique de Formation<\/strong><\/p>\n<p style=\"text-align: center\">(2022 \/ 2023)<\/p>\n<p style=\"text-align: center\">\u00a0<\/p>\n<\/td>\n<td style=\"text-align: center\" width=\"271\"><strong>M@gist\u00e8re<\/strong>\n<p>\u00a0<\/p>\n<p>(formations hybrides)<\/p>\n<\/td>\n<td width=\"271\">\n<p style=\"text-align: center\"><strong>Concours de recrutement externes et internes<\/strong><\/p>\n<p style=\"text-align: center\">\u00a0<\/p>\n<\/td>\n<\/tr>\n<tr>\n<td style=\"text-align: center\" width=\"271\"><a href=\"https:\/\/ent2d.ac-bordeaux.fr\/disciplines\/allemand\/wp-content\/uploads\/sites\/11\/2022\/10\/Formations-PAF-ALLEMAND.pdf\" target=\"_blank\" rel=\"noopener noreferrer\"><img loading=\"lazy\" decoding=\"async\" class=\"alignnone wp-image-1448 size-full\" src=\"https:\/\/ent2d.ac-bordeaux.fr\/disciplines\/allemand\/wp-content\/uploads\/sites\/11\/2020\/10\/Ac-Bordeaux.png\" alt=\"\" width=\"207\" height=\"128\" \/><\/a><\/td>\n<td width=\"271\"><a href=\"https:\/\/ent2d.ac-bordeaux.fr\/disciplines\/allemand\/mgistere\/\" target=\"_blank\" rel=\"noopener noreferrer\"><img loading=\"lazy\" decoding=\"async\" class=\"alignnone wp-image-1108 size-medium\" src=\"https:\/\/ent2d.ac-bordeaux.fr\/disciplines\/allemand\/wp-content\/uploads\/sites\/11\/2018\/10\/m@giste\u0300re-300x150.png\" alt=\"\" width=\"300\" height=\"150\" srcset=\"https:\/\/ent2d.ac-bordeaux.fr\/disciplines\/allemand\/wp-content\/uploads\/sites\/11\/2018\/10\/m@giste\u0300re-300x150.png 300w, https:\/\/ent2d.ac-bordeaux.fr\/disciplines\/allemand\/wp-content\/uploads\/sites\/11\/2018\/10\/m@giste\u0300re.png 400w\" sizes=\"auto, (max-width: 300px) 100vw, 300px\" \/><\/a><\/td>\n<td width=\"271\"><a href=\"https:\/\/www.devenirenseignant.gouv.fr\/pid35072\/inscrivez-vous-aux-concours-recrutement-education.html?gclid=Cj0KCQjw28T8BRDbARIsAEOMBcz_jTBFec7zFwgtN62pdhknRZ06GNX618GjIiqm-U-mUgej5YiT2wsaAmDyEALw_wcB&amp;gclsrc=aw.ds\" target=\"_blank\" rel=\"noopener noreferrer\"><img loading=\"lazy\" decoding=\"async\" class=\"alignnone wp-image-1110 size-medium\" src=\"https:\/\/ent2d.ac-bordeaux.fr\/disciplines\/allemand\/wp-content\/uploads\/sites\/11\/2018\/10\/Devenir-enseignant-copie-300x78.png\" alt=\"\" width=\"300\" height=\"78\" srcset=\"https:\/\/ent2d.ac-bordeaux.fr\/disciplines\/allemand\/wp-content\/uploads\/sites\/11\/2018\/10\/Devenir-enseignant-copie-300x78.png 300w, https:\/\/ent2d.ac-bordeaux.fr\/disciplines\/allemand\/wp-content\/uploads\/sites\/11\/2018\/10\/Devenir-enseignant-copie.png 708w\" sizes=\"auto, (max-width: 300px) 100vw, 300px\" \/><\/a><\/td>\n<\/tr>\n<tr>\n<td width=\"271\">\u00a0<\/td>\n<td width=\"271\">\u00a0<\/td>\n<td width=\"271\">\u00a0<\/td>\n<\/tr>\n<tr>\n<td width=\"271\">\n<p style=\"text-align: center\"><strong>CANOPE<\/strong><\/p>\n<p style=\"text-align: center\">\u00a0<\/p>\n<\/td>\n<td width=\"271\">\n<p style=\"text-align: center\"><strong>OFAJ<\/strong><\/p>\n<\/td>\n<td width=\"271\">\n<p style=\"text-align: center\"><strong>STAGIAIRES \/ TUTEURS<\/strong><\/p>\n<\/td>\n<\/tr>\n<tr>\n<td width=\"271\"><a href=\"https:\/\/www.reseau-canope.fr\/formation.html\" target=\"_blank\" rel=\"noopener noreferrer\"><img loading=\"lazy\" decoding=\"async\" class=\"aligncenter wp-image-1112\" src=\"https:\/\/ent2d.ac-bordeaux.fr\/disciplines\/allemand\/wp-content\/uploads\/sites\/11\/2018\/10\/CANOPE-300x156.png\" alt=\"\" width=\"244\" height=\"127\" srcset=\"https:\/\/ent2d.ac-bordeaux.fr\/disciplines\/allemand\/wp-content\/uploads\/sites\/11\/2018\/10\/CANOPE-300x156.png 300w, https:\/\/ent2d.ac-bordeaux.fr\/disciplines\/allemand\/wp-content\/uploads\/sites\/11\/2018\/10\/CANOPE.png 318w\" sizes=\"auto, (max-width: 244px) 100vw, 244px\" \/><\/a><\/td>\n<td width=\"271\"><a href=\"https:\/\/www.ofaj.org\/programmes-formations.html?target%5B%5D=4\" target=\"_blank\" rel=\"noopener noreferrer\"><img loading=\"lazy\" decoding=\"async\" class=\"aligncenter wp-image-1111\" src=\"https:\/\/ent2d.ac-bordeaux.fr\/disciplines\/allemand\/wp-content\/uploads\/sites\/11\/2018\/10\/OFAJ-300x235.png\" alt=\"\" width=\"212\" height=\"166\" srcset=\"https:\/\/ent2d.ac-bordeaux.fr\/disciplines\/allemand\/wp-content\/uploads\/sites\/11\/2018\/10\/OFAJ-300x235.png 300w, https:\/\/ent2d.ac-bordeaux.fr\/disciplines\/allemand\/wp-content\/uploads\/sites\/11\/2018\/10\/OFAJ.png 318w\" sizes=\"auto, (max-width: 212px) 100vw, 212px\" \/><\/a><\/td>\n<td width=\"271\"><a href=\"https:\/\/ent2d.ac-bordeaux.fr\/disciplines\/allemand\/stagiaires\/\" target=\"_blank\" rel=\"noopener noreferrer\"><img loading=\"lazy\" decoding=\"async\" class=\"aligncenter wp-image-1124\" src=\"https:\/\/ent2d.ac-bordeaux.fr\/disciplines\/allemand\/wp-content\/uploads\/sites\/11\/2018\/10\/Tuteur-stagiaire-288x300.png\" alt=\"\" width=\"168\" height=\"175\" srcset=\"https:\/\/ent2d.ac-bordeaux.fr\/disciplines\/allemand\/wp-content\/uploads\/sites\/11\/2018\/10\/Tuteur-stagiaire-288x300.png 288w, https:\/\/ent2d.ac-bordeaux.fr\/disciplines\/allemand\/wp-content\/uploads\/sites\/11\/2018\/10\/Tuteur-stagiaire.png 534w\" sizes=\"auto, (max-width: 168px) 100vw, 168px\" \/><\/a><\/td>\n<\/tr>\n<\/tbody>\n<\/table>\n<p><a href=\"https:\/\/ent2d.ac-bordeaux.fr\/disciplines\/allemand\/wp-content\/uploads\/sites\/11\/2018\/10\/Goethe-Institut-1.png\"><img loading=\"lazy\" decoding=\"async\" class=\"alignnone size-full wp-image-1138\" src=\"https:\/\/ent2d.ac-bordeaux.fr\/disciplines\/allemand\/wp-content\/uploads\/sites\/11\/2018\/10\/Goethe-Institut-1.png\" alt=\"\" width=\"149\" height=\"82\" \/><\/a> Le \u00ab\u00a0Deutschlehrertag\u00a0\u00bb est report\u00e9 \u00e0 l&rsquo;ann\u00e9e 2023.<\/p>\n\n\n<p><\/p>\n","protected":false},"excerpt":{"rendered":"<p>Plan Acad\u00e9mique de Formation (2022 \/ 2023) \u00a0 M@gist\u00e8re \u00a0 (formations hybrides) Concours de recrutement externes et internes \u00a0 \u00a0 \u00a0 \u00a0 CANOPE \u00a0 OFAJ STAGIAIRES \/ TUTEURS Le \u00ab\u00a0Deutschlehrertag\u00a0\u00bb &#8230;<\/p>\n","protected":false},"author":33,"featured_media":430,"parent":0,"menu_order":0,"comment_status":"closed","ping_status":"closed","template":"template-fullwidth.php","meta":{"footnotes":""},"class_list":["post-315","page","type-page","status-publish","has-post-thumbnail","hentry"],"_links":{"self":[{"href":"https:\/\/ent2d.ac-bordeaux.fr\/disciplines\/allemand\/wp-json\/wp\/v2\/pages\/315","targetHints":{"allow":["GET"]}}],"collection":[{"href":"https:\/\/ent2d.ac-bordeaux.fr\/disciplines\/allemand\/wp-json\/wp\/v2\/pages"}],"about":[{"href":"https:\/\/ent2d.ac-bordeaux.fr\/disciplines\/allemand\/wp-json\/wp\/v2\/types\/page"}],"author":[{"embeddable":true,"href":"https:\/\/ent2d.ac-bordeaux.fr\/disciplines\/allemand\/wp-json\/wp\/v2\/users\/33"}],"replies":[{"embeddable":true,"href":"https:\/\/ent2d.ac-bordeaux.fr\/disciplines\/allemand\/wp-json\/wp\/v2\/comments?post=315"}],"version-history":[{"count":26,"href":"https:\/\/ent2d.ac-bordeaux.fr\/disciplines\/allemand\/wp-json\/wp\/v2\/pages\/315\/revisions"}],"predecessor-version":[{"id":1555,"href":"https:\/\/ent2d.ac-bordeaux.fr\/disciplines\/allemand\/wp-json\/wp\/v2\/pages\/315\/revisions\/1555"}],"wp:featuredmedia":[{"embeddable":true,"href":"https:\/\/ent2d.ac-bordeaux.fr\/disciplines\/allemand\/wp-json\/wp\/v2\/media\/430"}],"wp:attachment":[{"href":"https:\/\/ent2d.ac-bordeaux.fr\/disciplines\/allemand\/wp-json\/wp\/v2\/media?parent=315"}],"curies":[{"name":"wp","href":"https:\/\/api.w.org\/{rel}","templated":true}]}}