{"id":310,"date":"2016-06-10T13:33:14","date_gmt":"2016-06-10T11:33:14","guid":{"rendered":"https:\/\/ent2d.ac-bordeaux.fr\/disciplines\/allemand\/?page_id=310"},"modified":"2020-10-22T17:43:30","modified_gmt":"2020-10-22T15:43:30","slug":"stagiaires","status":"publish","type":"page","link":"https:\/\/ent2d.ac-bordeaux.fr\/disciplines\/allemand\/stagiaires\/","title":{"rendered":"Stagiaires \/ tuteurs"},"content":{"rendered":"<p id=\"titre_contenu\" class=\"communique\"><span style=\"color: #800000\">De nouvelles modalit\u00e9s d&rsquo;\u00e9valuation et de titularisation des enseignants stagiaires de l&rsquo;enseignement public<\/span><\/p>\n<p><a href=\"http:\/\/www.education.gouv.fr\/cid87352\/de-nouvelles-modalites-d-evaluation-et-de-titularisation-des-enseignants-stagiaires-de-l-enseignement-public.html\">http:\/\/www.education.gouv.fr\/cid87352\/de-nouvelles-modalites-d-evaluation-et-de-titularisation-des-enseignants-stagiaires-de-l-enseignement-public.html<\/a><\/p>\n<p style=\"text-align: justify\"><span style=\"color: #800000\"><a href=\"http:\/\/www.pedagogie.ac-nantes.fr\/espagnol\/des-outils-pour-enseigner-les-langues-vivantes-au-college-au-lycee-general-technologique-et-professionnel-820514.kjsp\">Des outils pour enseigner les langues vivantes<\/a> :\u00a0l&rsquo;acad\u00e9mie de Nantes nous propose un tr\u00e8s clair, complet et utile livret d&rsquo;accompagnement pour les professeurs de langues vivantes d\u00e9butants.<\/span><\/p>\n<p class=\"normal\"><span style=\"color: #800000\">Documents \u00e0 destination des chefs d&rsquo;\u00e9tablissement et des tuteurs des fonctionnaires stagiaires du 2nd degr\u00e9 :<\/span><\/p>\n<p><a href=\"http:\/\/www.ac-bordeaux.fr\/cid92907\/documents-a-destination-des-chefs-d-etablissement-et-des-tuteurs-des-fonctionnaires-stagiaires-du-2nd-degre.html\">http:\/\/www.ac-bordeaux.fr\/cid92907\/documents-a-destination-des-chefs-d-etablissement-et-des-tuteurs-des-fonctionnaires-stagiaires-du-2nd-degre.html<\/a><\/p>\n<p><span style=\"color: #800000\">Guide du tuteur 2014-2015 (valable \u00e9galement en 2020 \/ 2021) : <a href=\"http:\/\/disciplines.ac-bordeaux.fr\/viescolaire\/uploads\/rubriques\/4\/files\/GUIDE%20DU%20TUTEUR.pdf\">cliquez ici<\/a><\/span><\/p>\n<p><span style=\"color: #800000\">Site de l&rsquo;INSPE d&rsquo;Aquitaine : <a href=\"https:\/\/www.inspe-bordeaux.fr\/\">cliquez ici<\/a><\/span><\/p>\n","protected":false},"excerpt":{"rendered":"<p>De nouvelles modalit\u00e9s d&rsquo;\u00e9valuation et de titularisation des enseignants stagiaires de l&rsquo;enseignement public http:\/\/www.education.gouv.fr\/cid87352\/de-nouvelles-modalites-d-evaluation-et-de-titularisation-des-enseignants-stagiaires-de-l-enseignement-public.html Des outils pour enseigner les langues vivantes :\u00a0l&rsquo;acad\u00e9mie de Nantes nous propose un tr\u00e8s clair, complet &#8230;<\/p>\n","protected":false},"author":33,"featured_media":430,"parent":0,"menu_order":0,"comment_status":"closed","ping_status":"closed","template":"template-fullwidth.php","meta":{"footnotes":""},"class_list":["post-310","page","type-page","status-publish","has-post-thumbnail","hentry"],"_links":{"self":[{"href":"https:\/\/ent2d.ac-bordeaux.fr\/disciplines\/allemand\/wp-json\/wp\/v2\/pages\/310","targetHints":{"allow":["GET"]}}],"collection":[{"href":"https:\/\/ent2d.ac-bordeaux.fr\/disciplines\/allemand\/wp-json\/wp\/v2\/pages"}],"about":[{"href":"https:\/\/ent2d.ac-bordeaux.fr\/disciplines\/allemand\/wp-json\/wp\/v2\/types\/page"}],"author":[{"embeddable":true,"href":"https:\/\/ent2d.ac-bordeaux.fr\/disciplines\/allemand\/wp-json\/wp\/v2\/users\/33"}],"replies":[{"embeddable":true,"href":"https:\/\/ent2d.ac-bordeaux.fr\/disciplines\/allemand\/wp-json\/wp\/v2\/comments?post=310"}],"version-history":[{"count":8,"href":"https:\/\/ent2d.ac-bordeaux.fr\/disciplines\/allemand\/wp-json\/wp\/v2\/pages\/310\/revisions"}],"predecessor-version":[{"id":1445,"href":"https:\/\/ent2d.ac-bordeaux.fr\/disciplines\/allemand\/wp-json\/wp\/v2\/pages\/310\/revisions\/1445"}],"wp:featuredmedia":[{"embeddable":true,"href":"https:\/\/ent2d.ac-bordeaux.fr\/disciplines\/allemand\/wp-json\/wp\/v2\/media\/430"}],"wp:attachment":[{"href":"https:\/\/ent2d.ac-bordeaux.fr\/disciplines\/allemand\/wp-json\/wp\/v2\/media?parent=310"}],"curies":[{"name":"wp","href":"https:\/\/api.w.org\/{rel}","templated":true}]}}