{"id":283,"date":"2016-06-10T12:07:18","date_gmt":"2016-06-10T10:07:18","guid":{"rendered":"https:\/\/ent2d.ac-bordeaux.fr\/disciplines\/allemand\/?page_id=283"},"modified":"2018-10-26T22:10:44","modified_gmt":"2018-10-26T20:10:44","slug":"bienvenue-dans-lacademie-de-bordeaux","status":"publish","type":"page","link":"https:\/\/ent2d.ac-bordeaux.fr\/disciplines\/allemand\/bienvenue-dans-lacademie-de-bordeaux\/","title":{"rendered":"L&rsquo;ALLEMAND DANS L&rsquo;ACAD\u00c9MIE"},"content":{"rendered":"<p><a class=\"alignnone\" href=\"https:\/\/ent2d.ac-bordeaux.fr\/disciplines\/allemand\/wp-content\/uploads\/sites\/11\/2018\/10\/Logo-Abi-bac.png\"><img loading=\"lazy\" decoding=\"async\" class=\"alignnone wp-image-1100 aligncenter\" src=\"https:\/\/ent2d.ac-bordeaux.fr\/disciplines\/allemand\/wp-content\/uploads\/sites\/11\/2018\/10\/Logo-Abi-bac-300x133.png\" alt=\"\" width=\"210\" height=\"93\" srcset=\"https:\/\/ent2d.ac-bordeaux.fr\/disciplines\/allemand\/wp-content\/uploads\/sites\/11\/2018\/10\/Logo-Abi-bac-300x133.png 300w, https:\/\/ent2d.ac-bordeaux.fr\/disciplines\/allemand\/wp-content\/uploads\/sites\/11\/2018\/10\/Logo-Abi-bac.png 630w\" sizes=\"auto, (max-width: 210px) 100vw, 210px\" \/><\/a><\/p>\n<p><strong>Il existe deux sections \u00ab\u00a0Abi-Bac\u00a0\u00bb dans notre acad\u00e9mie :<\/strong><\/p>\n<ul>\n<li><a href=\"http:\/\/webetab.ac-bordeaux.fr\/Pedagogie\/Langues\/Allemand\/academie\/c_pclem.htm\">Lyc\u00e9e Pape Cl\u00e9ment \u00e0 Pessac<\/a><\/li>\n<li><a href=\"http:\/\/www.cyberlycee.fr\/barthou\/site\/scolarite\/secondaire\/abibac.html\">Lyc\u00e9e Louis Barthou \u00e0 Pau<\/a><\/li>\n<\/ul>\n<p><strong>BO n\u00b0 27 du 7 juillet 2016 : <\/strong>cliquez <a href=\"http:\/\/www.education.gouv.fr\/pid285\/bulletin_officiel.html?cid_bo=103796\">ici\u00a0<\/a><\/p>\n<p>&nbsp;<\/p>\n","protected":false},"excerpt":{"rendered":"<p>Il existe deux sections \u00ab\u00a0Abi-Bac\u00a0\u00bb dans notre acad\u00e9mie : Lyc\u00e9e Pape Cl\u00e9ment \u00e0 Pessac Lyc\u00e9e Louis Barthou \u00e0 Pau BO n\u00b0 27 du 7 juillet 2016 : cliquez ici\u00a0 &nbsp;<\/p>\n","protected":false},"author":33,"featured_media":714,"parent":0,"menu_order":0,"comment_status":"closed","ping_status":"closed","template":"","meta":{"footnotes":""},"class_list":["post-283","page","type-page","status-publish","has-post-thumbnail","hentry"],"_links":{"self":[{"href":"https:\/\/ent2d.ac-bordeaux.fr\/disciplines\/allemand\/wp-json\/wp\/v2\/pages\/283","targetHints":{"allow":["GET"]}}],"collection":[{"href":"https:\/\/ent2d.ac-bordeaux.fr\/disciplines\/allemand\/wp-json\/wp\/v2\/pages"}],"about":[{"href":"https:\/\/ent2d.ac-bordeaux.fr\/disciplines\/allemand\/wp-json\/wp\/v2\/types\/page"}],"author":[{"embeddable":true,"href":"https:\/\/ent2d.ac-bordeaux.fr\/disciplines\/allemand\/wp-json\/wp\/v2\/users\/33"}],"replies":[{"embeddable":true,"href":"https:\/\/ent2d.ac-bordeaux.fr\/disciplines\/allemand\/wp-json\/wp\/v2\/comments?post=283"}],"version-history":[{"count":12,"href":"https:\/\/ent2d.ac-bordeaux.fr\/disciplines\/allemand\/wp-json\/wp\/v2\/pages\/283\/revisions"}],"predecessor-version":[{"id":1213,"href":"https:\/\/ent2d.ac-bordeaux.fr\/disciplines\/allemand\/wp-json\/wp\/v2\/pages\/283\/revisions\/1213"}],"wp:featuredmedia":[{"embeddable":true,"href":"https:\/\/ent2d.ac-bordeaux.fr\/disciplines\/allemand\/wp-json\/wp\/v2\/media\/714"}],"wp:attachment":[{"href":"https:\/\/ent2d.ac-bordeaux.fr\/disciplines\/allemand\/wp-json\/wp\/v2\/media?parent=283"}],"curies":[{"name":"wp","href":"https:\/\/api.w.org\/{rel}","templated":true}]}}