{"id":277,"date":"2018-10-25T14:20:53","date_gmt":"2018-10-25T12:20:53","guid":{"rendered":"https:\/\/ent2d.ac-bordeaux.fr\/disciplines\/allemand\/?page_id=277"},"modified":"2018-10-25T15:08:06","modified_gmt":"2018-10-25T13:08:06","slug":"lycee-2","status":"publish","type":"page","link":"https:\/\/ent2d.ac-bordeaux.fr\/disciplines\/allemand\/lycee-2\/","title":{"rendered":"Lyc\u00e9e"},"content":{"rendered":"<h5><span style=\"color: #ff00ff\">Ressources p\u00e9dagogiques<\/span><\/h5>\n<p style=\"text-align: center\"><a href=\"https:\/\/ent2d.ac-bordeaux.fr\/disciplines\/allemand\/wp-content\/uploads\/sites\/11\/2018\/10\/Ze\u0301ro-de-conduite-1.png\"><img loading=\"lazy\" decoding=\"async\" class=\"alignnone wp-image-1095\" src=\"https:\/\/ent2d.ac-bordeaux.fr\/disciplines\/allemand\/wp-content\/uploads\/sites\/11\/2018\/10\/Ze\u0301ro-de-conduite-1-300x116.png\" alt=\"\" width=\"171\" height=\"66\" srcset=\"https:\/\/ent2d.ac-bordeaux.fr\/disciplines\/allemand\/wp-content\/uploads\/sites\/11\/2018\/10\/Ze\u0301ro-de-conduite-1-300x116.png 300w, https:\/\/ent2d.ac-bordeaux.fr\/disciplines\/allemand\/wp-content\/uploads\/sites\/11\/2018\/10\/Ze\u0301ro-de-conduite-1.png 519w\" sizes=\"auto, (max-width: 171px) 100vw, 171px\" \/><\/a><\/p>\n<p>Cin\u00e9ma : la R\u00e9volution Silencieuse, un film de Lars Kraume &#8211; <a href=\"https:\/\/www.zerodeconduite.net\/filter\/discipline\/5\/activite\" target=\"_blank\" rel=\"noopener\">dossier p\u00e9dagogique \u00e0 t\u00e9l\u00e9charger<\/a><\/p>\n<p>Cin\u00e9ma : Les Conqu\u00e9rantes, un film de Petra Volpe &#8211;\u00a0 <a href=\"http:\/\/www.zerodeconduite.net\/lesconquerantes\/dossier_pedagogique.html\" target=\"_blank\" rel=\"noopener\">dossier p\u00e9dagogique \u00e0 t\u00e9l\u00e9charger<\/a><\/p>\n<p style=\"text-align: center\"><a href=\"https:\/\/ent2d.ac-bordeaux.fr\/disciplines\/allemand\/wp-content\/uploads\/sites\/11\/2018\/10\/eduscolLVs.jpg\"><img loading=\"lazy\" decoding=\"async\" class=\"alignnone size-full wp-image-969\" src=\"https:\/\/ent2d.ac-bordeaux.fr\/disciplines\/allemand\/wp-content\/uploads\/sites\/11\/2018\/10\/eduscolLVs.jpg\" alt=\"\" width=\"80\" height=\"80\" \/><\/a><\/p>\n<p>Autour des 3 axes de r\u00e9flexion que sont\u00a0<strong>la m\u00e9moire, le sentiment d\u2019appartenance et les visions d\u2019avenir<\/strong>,\u00a0<a class=\"spip_out\" href=\"http:\/\/eduscol.education.fr\/pid23222-cid56575\/banque-d-idees-de-themes-d-etude.html\" target=\"_blank\" rel=\"external noopener\">Eduscol<\/a>\u00a0a rassembl\u00e9 des documents de nature diff\u00e9rente (articles, enregistrements sonores divers, r\u00e9f\u00e9rences cin\u00e9matographiques, liens vers des sites internet, interviews, couvertures de magazines, reportages t\u00e9l\u00e9vis\u00e9s, etc &#8230;) tr\u00e8s utiles pour b\u00e2tir une s\u00e9quence p\u00e9dagogique.<\/p>\n<p><a href=\"https:\/\/ent2d.ac-bordeaux.fr\/disciplines\/allemand\/wp-content\/uploads\/sites\/11\/2018\/10\/LyceeGT_Ressources_LV_2_exempletheme_allemand_182725.pdf\" target=\"_blank\" rel=\"noopener\">Ressources pour les programmes de la classe de seconde<\/a><\/p>\n<p><a href=\"https:\/\/ent2d.ac-bordeaux.fr\/disciplines\/allemand\/wp-content\/uploads\/sites\/11\/2018\/10\/RESS_LGT_cycle_terminal_LV_allemand_sujets_etudes_230674-1.pdf\" target=\"_blank\" rel=\"noopener\">Ressources pour le cycle teminal<\/a><\/p>\n<h5><span style=\"color: #ff00ff\"><strong>Les sections europ\u00e9ennes\u00a0<\/strong><\/span><\/h5>\n<ul>\n<li><strong>Les sections europ\u00e9ennes au travers d\u2019Eduscol :<\/strong><\/li>\n<\/ul>\n<p><a href=\"http:\/\/eduscol.education.fr\/cid46517\/presentation.html\">http:\/\/eduscol.education.fr\/cid46517\/presentation.html<br \/>\n<\/a><\/p>\n<ul>\n<li><strong>Le site d\u2019accompagement :\u00a0<\/strong><\/li>\n<\/ul>\n<p><a href=\"http:\/\/www.emilangues.education.fr\/\">http:\/\/www.emilangues.education.fr<\/a><\/p>\n<ul>\n<li><strong>Agence ERAMUS +<\/strong><\/li>\n<\/ul>\n<p><a href=\"http:\/\/www.europe-education-formation.fr\/\">http:\/\/www.europe-education-formation.fr\/#<\/a><\/p>\n<h5><a href=\"https:\/\/ent2d.ac-bordeaux.fr\/disciplines\/allemand\/wp-content\/uploads\/sites\/11\/2018\/10\/Logo-Abi-bac.png\"><img loading=\"lazy\" decoding=\"async\" class=\"wp-image-1100 aligncenter\" src=\"https:\/\/ent2d.ac-bordeaux.fr\/disciplines\/allemand\/wp-content\/uploads\/sites\/11\/2018\/10\/Logo-Abi-bac-300x133.png\" alt=\"\" width=\"203\" height=\"90\" srcset=\"https:\/\/ent2d.ac-bordeaux.fr\/disciplines\/allemand\/wp-content\/uploads\/sites\/11\/2018\/10\/Logo-Abi-bac-300x133.png 300w, https:\/\/ent2d.ac-bordeaux.fr\/disciplines\/allemand\/wp-content\/uploads\/sites\/11\/2018\/10\/Logo-Abi-bac.png 630w\" sizes=\"auto, (max-width: 203px) 100vw, 203px\" \/><\/a><\/h5>\n<h5><span style=\"color: #ff00ff\"><strong>ABI-BAC<\/strong><\/span><\/h5>\n<p><a href=\"http:\/\/www.education.gouv.fr\/cid20998\/l-abibac.html\">http:\/\/www.education.gouv.fr\/cid20998\/l-abibac.html<\/a><\/p>\n<p>&nbsp;<\/p>\n","protected":false},"excerpt":{"rendered":"<p>Ressources p\u00e9dagogiques Cin\u00e9ma : la R\u00e9volution Silencieuse, un film de Lars Kraume &#8211; dossier p\u00e9dagogique \u00e0 t\u00e9l\u00e9charger Cin\u00e9ma : Les Conqu\u00e9rantes, un film de Petra Volpe &#8211;\u00a0 dossier p\u00e9dagogique \u00e0 &#8230;<\/p>\n","protected":false},"author":33,"featured_media":430,"parent":0,"menu_order":0,"comment_status":"closed","ping_status":"closed","template":"template-fullwidth.php","meta":{"footnotes":""},"class_list":["post-277","page","type-page","status-publish","has-post-thumbnail","hentry"],"_links":{"self":[{"href":"https:\/\/ent2d.ac-bordeaux.fr\/disciplines\/allemand\/wp-json\/wp\/v2\/pages\/277","targetHints":{"allow":["GET"]}}],"collection":[{"href":"https:\/\/ent2d.ac-bordeaux.fr\/disciplines\/allemand\/wp-json\/wp\/v2\/pages"}],"about":[{"href":"https:\/\/ent2d.ac-bordeaux.fr\/disciplines\/allemand\/wp-json\/wp\/v2\/types\/page"}],"author":[{"embeddable":true,"href":"https:\/\/ent2d.ac-bordeaux.fr\/disciplines\/allemand\/wp-json\/wp\/v2\/users\/33"}],"replies":[{"embeddable":true,"href":"https:\/\/ent2d.ac-bordeaux.fr\/disciplines\/allemand\/wp-json\/wp\/v2\/comments?post=277"}],"version-history":[{"count":10,"href":"https:\/\/ent2d.ac-bordeaux.fr\/disciplines\/allemand\/wp-json\/wp\/v2\/pages\/277\/revisions"}],"predecessor-version":[{"id":1101,"href":"https:\/\/ent2d.ac-bordeaux.fr\/disciplines\/allemand\/wp-json\/wp\/v2\/pages\/277\/revisions\/1101"}],"wp:featuredmedia":[{"embeddable":true,"href":"https:\/\/ent2d.ac-bordeaux.fr\/disciplines\/allemand\/wp-json\/wp\/v2\/media\/430"}],"wp:attachment":[{"href":"https:\/\/ent2d.ac-bordeaux.fr\/disciplines\/allemand\/wp-json\/wp\/v2\/media?parent=277"}],"curies":[{"name":"wp","href":"https:\/\/api.w.org\/{rel}","templated":true}]}}