{"id":271,"date":"2016-06-10T11:44:41","date_gmt":"2016-06-10T09:44:41","guid":{"rendered":"https:\/\/ent2d.ac-bordeaux.fr\/disciplines\/allemand\/?page_id=271"},"modified":"2018-10-25T15:05:56","modified_gmt":"2018-10-25T13:05:56","slug":"college","status":"publish","type":"page","link":"https:\/\/ent2d.ac-bordeaux.fr\/disciplines\/allemand\/college\/","title":{"rendered":"Coll\u00e8ge"},"content":{"rendered":"<p style=\"text-align: center\"><a href=\"https:\/\/ent2d.ac-bordeaux.fr\/disciplines\/allemand\/wp-content\/uploads\/sites\/11\/2018\/10\/eduscolLVs.jpg\"><img loading=\"lazy\" decoding=\"async\" class=\"alignnone wp-image-969\" src=\"https:\/\/ent2d.ac-bordeaux.fr\/disciplines\/allemand\/wp-content\/uploads\/sites\/11\/2018\/10\/eduscolLVs.jpg\" alt=\"\" width=\"103\" height=\"103\" \/><\/a><\/p>\n<h5><span style=\"color: #ff00ff\">Documents d&rsquo;accompagnement :<\/span><\/h5>\n<p><a href=\"https:\/\/ent2d.ac-bordeaux.fr\/disciplines\/allemand\/wp-content\/uploads\/sites\/11\/2016\/09\/Pr\u00e9sentation-g\u00e9n\u00e9rale-des-ressources.pdf\">Pr\u00e9sentation g\u00e9n\u00e9rale des ressources<\/a><\/p>\n<p><a href=\"https:\/\/ent2d.ac-bordeaux.fr\/disciplines\/allemand\/wp-content\/uploads\/sites\/11\/2016\/09\/\u00c9laborer-une-progression-coh\u00e9rente.pdf\">\u00c9laborer une progression coh\u00e9rente<\/a><\/p>\n<p><a href=\"https:\/\/ent2d.ac-bordeaux.fr\/disciplines\/allemand\/wp-content\/uploads\/sites\/11\/2016\/09\/Ancrer-l\u2019apprentissage-dans-la-culture-de-l\u2019aire-linguistique-concern\u00e9e.pdf\">Ancrer l\u2019apprentissage dans la culture de l\u2019aire linguistique concern\u00e9e<\/a><\/p>\n<p><a href=\"https:\/\/ent2d.ac-bordeaux.fr\/disciplines\/allemand\/wp-content\/uploads\/sites\/11\/2016\/09\/Cr\u00e9er-un-environnement-et-un-climat-propices-\u00e0-l\u2019apprentissage-des-langues-\u00e9trang\u00e8res-et-r\u00e9gionales-et-ouvrir-aux-autres-cultures-et-\u00e0-la-dimension-internationale.pdf\">Cr\u00e9er un environnement et un climat propices \u00e0 l\u2019apprentissage des langues \u00e9trang\u00e8res et r\u00e9gionales et ouvrir aux autres cultures et \u00e0 la dimension internationale<\/a><\/p>\n<p><a href=\"https:\/\/ent2d.ac-bordeaux.fr\/disciplines\/allemand\/wp-content\/uploads\/sites\/11\/2016\/09\/Croiser-les-enseignements-et-les-pratiques.pdf\">Croiser les enseignements et les pratiques<\/a><\/p>\n<p><a href=\"https:\/\/ent2d.ac-bordeaux.fr\/disciplines\/allemand\/wp-content\/uploads\/sites\/11\/2016\/09\/Glossaire.pdf\">Glossaire<\/a><\/p>\n<h5><span style=\"color: #ff00ff\">R\u00e9forme du coll\u00e8ge 2015\/2016<\/span><\/h5>\n<p><span style=\"text-decoration: underline\">Diaporamas\u00a0pr\u00e9sent\u00e9s lors de la journ\u00e9e J1<\/span><\/p>\n<ul>\n<li><a href=\"https:\/\/ent2d.ac-bordeaux.fr\/disciplines\/allemand\/wp-content\/uploads\/sites\/11\/2016\/06\/R\u00e9forme-du-coll\u00e8ge-journ\u00e9es-disciplinaires.pdf\">R\u00e9forme du coll\u00e8ge journ\u00e9es disciplinaires<\/a><\/li>\n<\/ul>\n<ul>\n<li><a href=\"https:\/\/ent2d.ac-bordeaux.fr\/disciplines\/allemand\/wp-content\/uploads\/sites\/11\/2016\/06\/Continuit\u00e9-des-th\u00e9matiques.pdf\">Continuit\u00e9 des th\u00e9matiques<\/a><\/li>\n<\/ul>\n<ul>\n<li><a href=\"https:\/\/ent2d.ac-bordeaux.fr\/disciplines\/allemand\/wp-content\/uploads\/sites\/11\/2016\/06\/Pr\u00e9sentation_Continuit\u00e9-des-notions.pdf\">Continuit\u00e9 des notions<\/a><\/li>\n<\/ul>\n<p><span style=\"text-decoration: underline\">Documents de travail utilis\u00e9s lors de la journ\u00e9e J1<\/span><\/p>\n<p><a href=\"https:\/\/ent2d.ac-bordeaux.fr\/disciplines\/allemand\/wp-content\/uploads\/sites\/11\/2016\/06\/Canevas-conception-s\u00e9quence.pdf\">Canevas de conception de s\u00e9quence<\/a><\/p>\n<p><span style=\"color: #993366\">Notion \u00ab\u00a0\u00e9cole et soci\u00e9t\u00e9\u00a0\u00bb :\u00a0<\/span><\/p>\n<div><iframe loading=\"lazy\" frameborder=\"0\" width=\"550\" height=\"515.27027027027\" src=\"https:\/\/ent2d.ac-bordeaux.fr\/mediacad\/m\/7987\/d\/i\" webkitAllowFullScreen=\"true\" mozallowfullscreen=\"true\" allowFullScreen=\"true\" ><\/iframe><\/div>\n<div><iframe loading=\"lazy\" frameborder=\"0\" width=\"550\" height=\"515.27027027027\" src=\"https:\/\/ent2d.ac-bordeaux.fr\/mediacad\/m\/7989\/d\/i\" webkitAllowFullScreen=\"true\" mozallowfullscreen=\"true\" allowFullScreen=\"true\" ><\/iframe><\/div>\n<p><a href=\"https:\/\/ent2d.ac-bordeaux.fr\/disciplines\/allemand\/wp-content\/uploads\/sites\/11\/2016\/06\/Prinzessinenbad-Consignes.pdf\">Prinzessinenbad &#8211; Consignes<\/a><\/p>\n<p><a href=\"https:\/\/ent2d.ac-bordeaux.fr\/disciplines\/allemand\/wp-content\/uploads\/sites\/11\/2016\/06\/Mein-Freibad-.pdf\">Mein Freibad<\/a>\u00a0(CE)<\/p>\n<p><a href=\"https:\/\/ent2d.ac-bordeaux.fr\/disciplines\/allemand\/wp-content\/uploads\/sites\/11\/2016\/06\/Sonne-Strand-und-ganz-viel-Meer.pdf\">Sonne, Strand und ganz viel Meer<\/a>\u00a0(CE)<\/p>\n<p><a href=\"https:\/\/ent2d.ac-bordeaux.fr\/disciplines\/allemand\/wp-content\/uploads\/sites\/11\/2016\/06\/AB-zu-CE.pdf\">Consignes Sonne, Strand und ganz viel Meer<\/a><\/p>\n<p><a href=\"https:\/\/ent2d.ac-bordeaux.fr\/disciplines\/allemand\/wp-content\/uploads\/sites\/11\/2016\/06\/Im-Freibad-Canevas-conception-s\u00e9quence.pdf\">Proposition de conception de s\u00e9quence<\/a><\/p>\n<p>&nbsp;<\/p>\n<p><span style=\"color: #993366\">Notion \u00ab\u00a0voyages et migrations\u00a0\u00bb (1) :<\/span><\/p>\n<p><a href=\"https:\/\/www.tivi.de\/mediathek\/flucht-nach-europa-2434430\/fluechtlingen-helfen-2481972\/\">Fl\u00fcchtlingen helfen <span style=\"color: #000000\">(vid\u00e9o)<\/span><\/a><\/p>\n<p><a href=\"https:\/\/ent2d.ac-bordeaux.fr\/disciplines\/allemand\/wp-content\/uploads\/sites\/11\/2016\/06\/Schulaktion-f\u00fcr-die-Fl\u00fcchtlinge.pdf\">Schulaktion f\u00fcr die Fl\u00fcchtlinge<\/a><\/p>\n<p><a href=\"https:\/\/ent2d.ac-bordeaux.fr\/disciplines\/allemand\/wp-content\/uploads\/sites\/11\/2016\/06\/5-Fragen-zum-Fl\u00fcchtlingsschutz.pdf\">5 Fragen zum Fl\u00fcchtlingsschutz<\/a><\/p>\n<p><a href=\"https:\/\/ent2d.ac-bordeaux.fr\/disciplines\/allemand\/wp-content\/uploads\/sites\/11\/2016\/06\/Proposition-de-conception-de-s\u00e9quence.pdf\">Proposition de conception de s\u00e9quence<\/a><\/p>\n<p>&nbsp;<\/p>\n<p><span style=\"color: #993366\">Notion \u00ab\u00a0voyages et migrations\u00a0\u00bb (2) :<\/span><\/p>\n<p><a href=\"https:\/\/ent2d.ac-bordeaux.fr\/disciplines\/allemand\/wp-content\/uploads\/sites\/11\/2016\/06\/Document-vid\u00e9o.pdf\">Document vid\u00e9o<\/a><\/p>\n<p><a href=\"https:\/\/ent2d.ac-bordeaux.fr\/disciplines\/allemand\/wp-content\/uploads\/sites\/11\/2016\/06\/Document-texte.pdf\">Document texte<\/a><\/p>\n<p><a href=\"https:\/\/ent2d.ac-bordeaux.fr\/disciplines\/allemand\/wp-content\/uploads\/sites\/11\/2016\/06\/Document-iconographique.pdf\">Document iconographique<\/a><\/p>\n<p><a href=\"https:\/\/ent2d.ac-bordeaux.fr\/disciplines\/allemand\/wp-content\/uploads\/sites\/11\/2016\/06\/Proposition-de-conception-de-s\u00e9quence-1.pdf\">Proposition de conception de s\u00e9quence<\/a><\/p>\n<h5><span style=\"color: #ff00ff\">Un exemple d&rsquo;EPI : Langues vivantes + histoire-g\u00e9ographie<\/span><\/h5>\n<p><a href=\"https:\/\/ent2d.ac-bordeaux.fr\/disciplines\/allemand\/wp-content\/uploads\/sites\/11\/2016\/06\/EPI-Enfant-Guerre.pptx\">EPI \u00a0: Destins Crois\u00e9s : L&rsquo;enfant dans la guerre<\/a>\u00a0(1936-1945)<\/p>\n<p>&nbsp;<\/p>\n<p><img loading=\"lazy\" decoding=\"async\" class=\"aligncenter wp-image-1005 size-full\" src=\"https:\/\/ent2d.ac-bordeaux.fr\/disciplines\/allemand\/wp-content\/uploads\/sites\/11\/2018\/10\/Ressources-nume\u0301riques.png\" alt=\"\" width=\"169\" height=\"146\" \/><\/p>\n<p>Suite \u00e0 l\u2019<a class=\"spip_out\" href=\"http:\/\/ecolenumerique.education.gouv.fr\/2016\/04\/21\/banque-de-ressources-numeriques-pour-les-cycles-3-et-4-resultats-de-lappel-doffres\/\" target=\"_blank\" rel=\"external noopener\">appel d\u2019offre lanc\u00e9 en octobre 2015<\/a>\u00a0aupr\u00e8s des \u00e9diteurs de contenus et de services pour l\u2019\u00e9cole, le Minist\u00e8re de l\u2019Education nationale a publi\u00e9 fin avril 2016 la liste des laur\u00e9ats dans les 5 disciplines cibl\u00e9es.<\/p>\n<p>En allemand, ce sont les\u00a0<strong>\u00e9ditions\u00a0<a class=\"spip_out\" href=\"http:\/\/www.editions-hatier.fr\/\" target=\"_blank\" rel=\"external noopener\">Hatier<\/a>,\u00a0<a class=\"spip_out\" href=\"https:\/\/www.kiosque-edu.com\/accueil\" target=\"_blank\" rel=\"external noopener\">KNE<\/a>,\u00a0<a class=\"spip_out\" href=\"https:\/\/www.maskott.com\/\" target=\"_blank\" rel=\"external noopener\">Maskott<\/a><\/strong>\u00a0qui ont \u00e9t\u00e9 s\u00e9lectionn\u00e9es pour mettre au point des\u00a0<strong>ressources num\u00e9riques pour le cycle 4<\/strong>. Vous pouvez d\u00e9couvrir\u00a0<a class=\"spip_out\" href=\"http:\/\/www.dailymotion.com\/video\/x473sf3\" target=\"_blank\" rel=\"external noopener\">ici<\/a>\u00a0le clip de pr\u00e9sentation de la ressource.<br class=\"autobr\" \/>Il s\u2019agit de proposer une banque de ressources souple d\u2019utilisation qui viendra en compl\u00e9ment des nouveaux outils et manuels. Ces ressources seront\u00a0<strong>t\u00e9l\u00e9chargeables, imprimables, modifiables et accessibles partout<\/strong>. La\u00a0<strong>banque de ressources \u00ab\u00a0<a class=\"spip_out\" href=\"http:\/\/www.blickundklick-hatier.fr\/\" target=\"_blank\" rel=\"external noopener\">Blick und Klick<\/a>\u00ab\u00a0<\/strong>\u00a0(exemple du parcours \u00ab\u00a0Essen\u00a0\u00bb A1 consultable en ligne) facilitera le travail de pr\u00e9paration des enseignants et la mise en oeuvre des nouveaux programmes. Pas moins de\u00a0<strong>15 th\u00e9matiques<\/strong>\u00a0seront abord\u00e9es et d\u00e9clin\u00e9es en\u00a0<strong>parcours adapt\u00e9s<\/strong>\u00a0aux diff\u00e9rents profils d\u2019\u00e9l\u00e8ves. Les\u00a0<strong>supports vari\u00e9s<\/strong>\u00a0visent le\u00a0<strong>d\u00e9veloppement de l\u2019autonomie<\/strong>\u00a0chez les \u00e9l\u00e8ves et le\u00a0<strong>travail diff\u00e9renci\u00e9<\/strong>. Enfin, l\u2019\u00e9l\u00e8ve aura la possibilit\u00e9 de\u00a0<strong>s\u2019enregistrer sur la plateforme<\/strong>\u00a0et de partager ses productions avec le groupe classe.<\/p>\n<p>Cette\u00a0<strong>plateforme gratuite<\/strong>\u00a0ne sera accessible qu\u2019aux enseignants d\u2019allemand exer\u00e7ant en cycle 4.<\/p>\n<p><a href=\"https:\/\/ent2d.ac-bordeaux.fr\/disciplines\/allemand\/wp-content\/uploads\/sites\/11\/2018\/10\/Lallemand-partage\u0301.png\"><img loading=\"lazy\" decoding=\"async\" class=\"wp-image-1102 aligncenter\" src=\"https:\/\/ent2d.ac-bordeaux.fr\/disciplines\/allemand\/wp-content\/uploads\/sites\/11\/2018\/10\/Lallemand-partage\u0301.png\" alt=\"\" width=\"115\" height=\"155\" \/><\/a><\/p>\n<p>R\u00e9seau Canop\u00e9 a publi\u00e9 une ressource pour travailler en allemand au cycle 4.<\/p>\n<p><a class=\"external-link-new-window\" title=\"L'allemand partag\u00e9 - Nouvelle fen\u00eatre\" href=\"https:\/\/www.reseau-canope.fr\/notice\/lallemand-partage.html\" target=\"_blank\" rel=\"noopener\"><em>L&rsquo;allemand partag\u00e9<\/em><\/a>\u00a0permet de placer l\u2019\u00e9l\u00e8ve au c\u0153ur de l\u2019apprentissage de la langue allemande, d\u2019asseoir ses comp\u00e9tences culturelles, interculturelles et linguistiques tout en encourageant les d\u00e9marches interdisciplinaires pour donner plus de sens aux apprentissages en les int\u00e9grant au quotidien du cours.<\/p>\n<p>L\u2019allemand partag\u00e9 propose notamment 8 s\u00e9quences th\u00e9matiques et 10 propositions pour les EPI.<\/p>\n<p>En lien avec ces s\u00e9quences, l\u2019enseignant b\u00e9n\u00e9ficie, sur reseau-canope.fr, des fiches p\u00e9dagogiques et des ressources utiles au d\u00e9roulement des activit\u00e9s.<\/p>\n","protected":false},"excerpt":{"rendered":"<p>Documents d&rsquo;accompagnement : Pr\u00e9sentation g\u00e9n\u00e9rale des ressources \u00c9laborer une progression coh\u00e9rente Ancrer l\u2019apprentissage dans la culture de l\u2019aire linguistique concern\u00e9e Cr\u00e9er un environnement et un climat propices \u00e0 l\u2019apprentissage des &#8230;<\/p>\n","protected":false},"author":33,"featured_media":430,"parent":0,"menu_order":0,"comment_status":"closed","ping_status":"closed","template":"template-fullwidth.php","meta":{"footnotes":""},"class_list":["post-271","page","type-page","status-publish","has-post-thumbnail","hentry"],"_links":{"self":[{"href":"https:\/\/ent2d.ac-bordeaux.fr\/disciplines\/allemand\/wp-json\/wp\/v2\/pages\/271","targetHints":{"allow":["GET"]}}],"collection":[{"href":"https:\/\/ent2d.ac-bordeaux.fr\/disciplines\/allemand\/wp-json\/wp\/v2\/pages"}],"about":[{"href":"https:\/\/ent2d.ac-bordeaux.fr\/disciplines\/allemand\/wp-json\/wp\/v2\/types\/page"}],"author":[{"embeddable":true,"href":"https:\/\/ent2d.ac-bordeaux.fr\/disciplines\/allemand\/wp-json\/wp\/v2\/users\/33"}],"replies":[{"embeddable":true,"href":"https:\/\/ent2d.ac-bordeaux.fr\/disciplines\/allemand\/wp-json\/wp\/v2\/comments?post=271"}],"version-history":[{"count":9,"href":"https:\/\/ent2d.ac-bordeaux.fr\/disciplines\/allemand\/wp-json\/wp\/v2\/pages\/271\/revisions"}],"predecessor-version":[{"id":1103,"href":"https:\/\/ent2d.ac-bordeaux.fr\/disciplines\/allemand\/wp-json\/wp\/v2\/pages\/271\/revisions\/1103"}],"wp:featuredmedia":[{"embeddable":true,"href":"https:\/\/ent2d.ac-bordeaux.fr\/disciplines\/allemand\/wp-json\/wp\/v2\/media\/430"}],"wp:attachment":[{"href":"https:\/\/ent2d.ac-bordeaux.fr\/disciplines\/allemand\/wp-json\/wp\/v2\/media?parent=271"}],"curies":[{"name":"wp","href":"https:\/\/api.w.org\/{rel}","templated":true}]}}