{"id":1322,"date":"2019-02-05T19:01:47","date_gmt":"2019-02-05T18:01:47","guid":{"rendered":"https:\/\/ent2d.ac-bordeaux.fr\/disciplines\/allemand\/?page_id=1322"},"modified":"2019-02-05T19:03:26","modified_gmt":"2019-02-05T18:03:26","slug":"escape-game","status":"publish","type":"page","link":"https:\/\/ent2d.ac-bordeaux.fr\/disciplines\/allemand\/escape-game\/","title":{"rendered":"Escape game"},"content":{"rendered":"<div class=\"page\" title=\"Page 1\">\n<div class=\"section\">\n<div class=\"layoutArea\">\n<div class=\"column\">\n<p>Escape game en interlangue : Une exp\u00e9rience scolaire grandeur nature,<br \/>\nau plus proche de l\u2019authenticit\u00e9<\/p>\n<\/div>\n<\/div>\n<div class=\"layoutArea\">\n<div class=\"column\">Intervenantes du coll\u00e8ge Berthelot de B\u00e8gles: Adeline Bloem, professeur d\u2019anglais<\/div>\n<\/div>\n<div class=\"layoutArea\">\n<div class=\"column\">Kathleen Dupuy-Roudel, professeur d\u2019allemand<\/div>\n<\/div>\n<div class=\"layoutArea\">\n<div class=\"column\">\n<p>Pr\u00e9sent\u00e9 le samedi 24 novembre 2018 au Deutschlehrertag (Goethe Institut)<\/p>\n<p><a href=\"https:\/\/ent2d.ac-bordeaux.fr\/disciplines\/allemand\/wp-content\/uploads\/sites\/11\/2019\/01\/Escapegame.pdf\" target=\"_blank\" rel=\"noopener\">Diaporama consultable ici.<\/a><\/p>\n<p><a href=\"https:\/\/ent2d.ac-bordeaux.fr\/disciplines\/allemand\/wp-content\/uploads\/sites\/11\/2019\/02\/image-escape-game.png\" target=\"_blank\" rel=\"noopener\">Dipl\u00f4me t\u00e9l\u00e9chargeable<\/a><\/p>\n<\/div>\n<\/div>\n<\/div>\n<\/div>\n","protected":false},"excerpt":{"rendered":"<p>Escape game en interlangue : Une exp\u00e9rience scolaire grandeur nature, au plus proche de l\u2019authenticit\u00e9 Intervenantes du coll\u00e8ge Berthelot de B\u00e8gles: Adeline Bloem, professeur d\u2019anglais Kathleen Dupuy-Roudel, professeur d\u2019allemand Pr\u00e9sent\u00e9 &#8230;<\/p>\n","protected":false},"author":33,"featured_media":430,"parent":0,"menu_order":0,"comment_status":"closed","ping_status":"closed","template":"","meta":{"footnotes":""},"class_list":["post-1322","page","type-page","status-publish","has-post-thumbnail","hentry"],"_links":{"self":[{"href":"https:\/\/ent2d.ac-bordeaux.fr\/disciplines\/allemand\/wp-json\/wp\/v2\/pages\/1322","targetHints":{"allow":["GET"]}}],"collection":[{"href":"https:\/\/ent2d.ac-bordeaux.fr\/disciplines\/allemand\/wp-json\/wp\/v2\/pages"}],"about":[{"href":"https:\/\/ent2d.ac-bordeaux.fr\/disciplines\/allemand\/wp-json\/wp\/v2\/types\/page"}],"author":[{"embeddable":true,"href":"https:\/\/ent2d.ac-bordeaux.fr\/disciplines\/allemand\/wp-json\/wp\/v2\/users\/33"}],"replies":[{"embeddable":true,"href":"https:\/\/ent2d.ac-bordeaux.fr\/disciplines\/allemand\/wp-json\/wp\/v2\/comments?post=1322"}],"version-history":[{"count":1,"href":"https:\/\/ent2d.ac-bordeaux.fr\/disciplines\/allemand\/wp-json\/wp\/v2\/pages\/1322\/revisions"}],"predecessor-version":[{"id":1323,"href":"https:\/\/ent2d.ac-bordeaux.fr\/disciplines\/allemand\/wp-json\/wp\/v2\/pages\/1322\/revisions\/1323"}],"wp:featuredmedia":[{"embeddable":true,"href":"https:\/\/ent2d.ac-bordeaux.fr\/disciplines\/allemand\/wp-json\/wp\/v2\/media\/430"}],"wp:attachment":[{"href":"https:\/\/ent2d.ac-bordeaux.fr\/disciplines\/allemand\/wp-json\/wp\/v2\/media?parent=1322"}],"curies":[{"name":"wp","href":"https:\/\/api.w.org\/{rel}","templated":true}]}}