{"id":1268,"date":"2018-11-04T18:25:12","date_gmt":"2018-11-04T17:25:12","guid":{"rendered":"https:\/\/ent2d.ac-bordeaux.fr\/disciplines\/allemand\/?page_id=1268"},"modified":"2021-02-23T09:08:09","modified_gmt":"2021-02-23T08:08:09","slug":"ofaj","status":"publish","type":"page","link":"https:\/\/ent2d.ac-bordeaux.fr\/disciplines\/allemand\/ofaj\/","title":{"rendered":"OFAJ"},"content":{"rendered":"<p><strong>Formations \/ Webinaires 2021<\/strong><\/p>\n<p style=\"font-weight: 400\"><strong>Formations<\/strong><\/p>\n<table style=\"font-weight: 400\" width=\"96%\">\n<tbody>\n<tr>\n<td width=\"33%\">Du 3 au 6 juin 2021, Berlin<\/td>\n<td width=\"66%\"><a href=\"https:\/\/www.ofaj.org\/media\/echange-scolaire-primhybride.pdf\" data-saferedirecturl=\"https:\/\/www.google.com\/url?q=https:\/\/www.ofaj.org\/media\/echange-scolaire-primhybride.pdf&amp;source=gmail&amp;ust=1614103239182000&amp;usg=AFQjCNHo2CPT3Cxn24ybo3OsbIjOgfj9uQ\">Formation \u201cPremiers \u00e9changes \u2013 mode d\u2018emploi\u201c<\/a>\u00a0(2<sup>\u00e8me<\/sup>\u00a0partie, complet)<\/td>\n<\/tr>\n<tr>\n<td width=\"33%\">Du 2 au 7 juillet 2021, Berlin<\/td>\n<td width=\"66%\"><a href=\"https:\/\/www.ofaj.org\/media\/invitation-stage-de-base-al-2021-enseignants.pdf\" data-saferedirecturl=\"https:\/\/www.google.com\/url?q=https:\/\/www.ofaj.org\/media\/invitation-stage-de-base-al-2021-enseignants.pdf&amp;source=gmail&amp;ust=1614103239182000&amp;usg=AFQjCNHGzpXQ9PZLbbTiCPrFQH1ydpw-PQ\">Animation linguistique \u2013 stage de base<\/a><\/td>\n<\/tr>\n<\/tbody>\n<\/table>\n<p style=\"font-weight: 400\">\n<p style=\"font-weight: 400\">Ces formations sont propos\u00e9es sous r\u00e9serve des conditions sanitaires n\u00e9cessaires.<\/p>\n<p style=\"font-weight: 400\">Plus d\u2019informations et inscriptions\u00a0:\u00a0<a href=\"https:\/\/www.ofaj.org\/programmes-formations\/formations-pour-enseignants.html\" data-saferedirecturl=\"https:\/\/www.google.com\/url?q=https:\/\/www.ofaj.org\/programmes-formations\/formations-pour-enseignants.html&amp;source=gmail&amp;ust=1614103239182000&amp;usg=AFQjCNGb3zBYZcJYttOHW6p-1yhn7lfb7Q\">https:\/\/www.ofaj.org\/programmes-formations\/formations-pour-enseignants.html<\/a><\/p>\n<p style=\"font-weight: 400\"><strong>Webinaires<\/strong><\/p>\n<p style=\"font-weight: 400\">L\u2019OFAJ propose de nombreux webinaires gratuits sur le th\u00e8me de l\u2019\u00e9change scolaire. Prochains webinaires :<\/p>\n<p style=\"font-weight: 400\">Soutien pour monter un \u00e9change scolaire num\u00e9rique<strong><br \/>\n<\/strong>11 mars 2021, 20:00 &#8211; 21:30 h\u00a0<a href=\"https:\/\/www.edudip.com\/de\/webinar\/unterstutzung-bei-digitalen-projekten-soutien-pour-monter-un-projet-numerique\/965650\" data-saferedirecturl=\"https:\/\/www.google.com\/url?q=https:\/\/www.edudip.com\/de\/webinar\/unterstutzung-bei-digitalen-projekten-soutien-pour-monter-un-projet-numerique\/965650&amp;source=gmail&amp;ust=1614103239182000&amp;usg=AFQjCNEFvFG2HSPR-RR8wBBuvi-Ln3gZug\">Inscription<\/a><\/p>\n<p style=\"font-weight: 400\">D\u2019abord chez toi et ensuite chez moi ! (\u00c9changes individuels)<br \/>\n18 mars 2021, 19:00 &#8211; 20:00 h\u00a0<a href=\"https:\/\/www.edudip.com\/de\/webinar\/dabord-chez-toi-et-ensuite-chez-moi-erst-bei-dir-dann-bei-mir-das-machen-wir\/972136\" data-saferedirecturl=\"https:\/\/www.google.com\/url?q=https:\/\/www.edudip.com\/de\/webinar\/dabord-chez-toi-et-ensuite-chez-moi-erst-bei-dir-dann-bei-mir-das-machen-wir\/972136&amp;source=gmail&amp;ust=1614103239182000&amp;usg=AFQjCNGmpL_RZCrUHpIwNlgaUoFvo-UrlA\">Inscription<\/a><\/p>\n<p style=\"font-weight: 400\">Les \u00e9changes virtuels avec Tele-Tandem<br \/>\n16 mars 2021, 20:00 &#8211; 21:30 h<br \/>\n23 mars 2021, 20:00 &#8211; 21:30 h<br \/>\n30 mars 2021, 20:00 &#8211; 21:00 h<br \/>\n<a href=\"https:\/\/www.edudip.com\/de\/webinar\/einfuhrung-in-die-digitale-lernplattform-des-dfjw-tele-tandem\/749066\" data-saferedirecturl=\"https:\/\/www.google.com\/url?q=https:\/\/www.edudip.com\/de\/webinar\/einfuhrung-in-die-digitale-lernplattform-des-dfjw-tele-tandem\/749066&amp;source=gmail&amp;ust=1614103239182000&amp;usg=AFQjCNENcsikeoLGtiVJ20IWbAMPMXPo9A\">Inscription<\/a><\/p>\n<p style=\"font-weight: 400\">Soutien pour monter un projet num\u00e9rique en formation professionnelle<strong><br \/>\n<\/strong>30 mars 2021, 16:00 &#8211; 17:30 h (en fran\u00e7ais)\u00a0<a href=\"https:\/\/www.edudip.com\/de\/webinar\/soutien-pour-monter-un-projet-numerique-en-formation-professionnelle-en-francais\/963242\" data-saferedirecturl=\"https:\/\/www.google.com\/url?q=https:\/\/www.edudip.com\/de\/webinar\/soutien-pour-monter-un-projet-numerique-en-formation-professionnelle-en-francais\/963242&amp;source=gmail&amp;ust=1614103239182000&amp;usg=AFQjCNEPBSesgZybcNJlM4f6PuozF4iLBw\">Inscription<\/a><br \/>\n1er avril 2021, 16:00 &#8211; 17:30 h (en allemand)\u00a0<a href=\"https:\/\/www.edudip.com\/de\/webinar\/unterstutzung-fur-digitale-austauschprojekte-im-berufsbildenden-bereich-auf-deutsch\/963278\" data-saferedirecturl=\"https:\/\/www.google.com\/url?q=https:\/\/www.edudip.com\/de\/webinar\/unterstutzung-fur-digitale-austauschprojekte-im-berufsbildenden-bereich-auf-deutsch\/963278&amp;source=gmail&amp;ust=1614103239182000&amp;usg=AFQjCNGz1kq7s56vAkXCMy1aQWDLqlQPFw\">Inscription<\/a><\/p>\n<p style=\"font-weight: 400\">\n","protected":false},"excerpt":{"rendered":"<p>Formations \/ Webinaires 2021 Formations Du 3 au 6 juin 2021, Berlin Formation \u201cPremiers \u00e9changes \u2013 mode d\u2018emploi\u201c\u00a0(2\u00e8me\u00a0partie, complet) Du 2 au 7 juillet 2021, Berlin Animation linguistique \u2013 stage &#8230;<\/p>\n","protected":false},"author":33,"featured_media":0,"parent":0,"menu_order":0,"comment_status":"closed","ping_status":"closed","template":"","meta":{"footnotes":""},"class_list":["post-1268","page","type-page","status-publish","hentry"],"_links":{"self":[{"href":"https:\/\/ent2d.ac-bordeaux.fr\/disciplines\/allemand\/wp-json\/wp\/v2\/pages\/1268","targetHints":{"allow":["GET"]}}],"collection":[{"href":"https:\/\/ent2d.ac-bordeaux.fr\/disciplines\/allemand\/wp-json\/wp\/v2\/pages"}],"about":[{"href":"https:\/\/ent2d.ac-bordeaux.fr\/disciplines\/allemand\/wp-json\/wp\/v2\/types\/page"}],"author":[{"embeddable":true,"href":"https:\/\/ent2d.ac-bordeaux.fr\/disciplines\/allemand\/wp-json\/wp\/v2\/users\/33"}],"replies":[{"embeddable":true,"href":"https:\/\/ent2d.ac-bordeaux.fr\/disciplines\/allemand\/wp-json\/wp\/v2\/comments?post=1268"}],"version-history":[{"count":4,"href":"https:\/\/ent2d.ac-bordeaux.fr\/disciplines\/allemand\/wp-json\/wp\/v2\/pages\/1268\/revisions"}],"predecessor-version":[{"id":1492,"href":"https:\/\/ent2d.ac-bordeaux.fr\/disciplines\/allemand\/wp-json\/wp\/v2\/pages\/1268\/revisions\/1492"}],"wp:attachment":[{"href":"https:\/\/ent2d.ac-bordeaux.fr\/disciplines\/allemand\/wp-json\/wp\/v2\/media?parent=1268"}],"curies":[{"name":"wp","href":"https:\/\/api.w.org\/{rel}","templated":true}]}}