{"id":1223,"date":"2018-10-26T21:58:25","date_gmt":"2018-10-26T19:58:25","guid":{"rendered":"https:\/\/ent2d.ac-bordeaux.fr\/disciplines\/allemand\/?page_id=1223"},"modified":"2018-10-26T21:58:40","modified_gmt":"2018-10-26T19:58:40","slug":"videos-de-promotion-de-lallemand","status":"publish","type":"page","link":"https:\/\/ent2d.ac-bordeaux.fr\/disciplines\/allemand\/videos-de-promotion-de-lallemand\/","title":{"rendered":"Vid\u00e9os de promotion de l&rsquo;allemand"},"content":{"rendered":"<p style=\"font-weight: 400\">Les vid\u00e9os de promotion, produites en coop\u00e9ration avec le Goethe-Institut et Arte Studio, sont finalis\u00e9es et se trouvent d\u2019ores et d\u00e9j\u00e0 sur le site internet et la chaine YouTube du Goethe-Institut de France.<\/p>\n<p style=\"font-weight: 400\">Site internet\u00a0:<\/p>\n<p style=\"font-weight: 400\"><a href=\"https:\/\/www.goethe.de\/ins\/fr\/de\/spr\/wdl\/tes.html\">https:\/\/www.goethe.de\/ins\/fr\/de\/spr\/wdl\/tes.html<\/a><\/p>\n<p style=\"font-weight: 400\"><a href=\"https:\/\/www.goethe.de\/ins\/fr\/fr\/spr\/wdl\/tes.html\">https:\/\/www.goethe.de\/ins\/fr\/fr\/spr\/wdl\/tes.html<\/a><\/p>\n<p style=\"font-weight: 400\">YouTube\u00a0:<\/p>\n<p style=\"font-weight: 400\"><a href=\"https:\/\/www.youtube.com\/watch?v=HDn60MEQS0M&amp;list=PLRlzQ5TXSmY3q5vC76shKuYDdHO29f_YQ\">https:\/\/www.youtube.com\/watch?v=HDn60MEQS0M&amp;list=PLRlzQ5TXSmY3q5vC76shKuYDdHO29f_YQ<\/a><\/p>\n<p style=\"font-weight: 400\">Les vid\u00e9os existent avec et sans sous-titres. Toutefois, pour une utilisation optimale sur les r\u00e9seaux sociaux, il est conseill\u00e9 d\u2019utiliser les vid\u00e9os avec sous-titres.<\/p>\n<p style=\"font-weight: 400\">N&rsquo;h\u00e9sitez pas partager les vid\u00e9os sur vos canaux respectifs. Normalement, vous devriez pouvoir les int\u00e9grer sur vos sites gr\u00e2ce aux codes pr\u00e9vus \u00e0 cet effet. Si vous avez besoin des fichiers, n\u2019h\u00e9sitez pas \u00e0\u00a0 contacter Madame Franken.<\/p>\n<p style=\"font-weight: 400\">Par ailleurs, le Goethe-Institut va les publier la semaine prochaine sur ses comptes Facebook et Twitter (une vid\u00e9o par jour du 12 au 15 f\u00e9vrier). Si chacun pouvait partager ces publications, nous pourrions \u00eatre s\u00fbrs de cr\u00e9er une grande visibilit\u00e9 autour de ces vid\u00e9os.<\/p>\n<p style=\"font-weight: 400\">N\u2019h\u00e9sitez pas \u00e0\u00a0 contacter Madame Hilla Franken si vous avez encore des questions ou besoin de plus d\u2019informations.<\/p>\n<p style=\"font-weight: 400\">Hilla Franken -Coordinatrice communication et multim\u00e9dia<br \/>\nCoop\u00e9ration linguistique et \u00e9ducative<br \/>\nGoethe-Institut Paris<br \/>\n17 avenue d\u2019I\u00e9na<br \/>\n75116 Paris<br \/>\n01.44.43.92.85<br \/>\n01.44.43.92.40<br \/>\n<a href=\"mailto:Hilla.Franken@goethe.de\">Hilla.Franken@goethe.de<\/a><br \/>\n<a href=\"http:\/\/www.goethe.de\/paris\">www.goethe.de\/paris<\/a><\/p>\n<div style=\"width: 800px;\" class=\"wp-video\"><video class=\"wp-video-shortcode\" id=\"video-1223-1\" width=\"800\" height=\"360\" preload=\"metadata\" controls=\"controls\"><source type=\"video\/mp4\" src=\"https:\/\/ent2d.ac-bordeaux.fr\/disciplines\/allemand\/wp-content\/uploads\/sites\/11\/2018\/02\/Quest-ce-qui-est-vert-rond-et-petit-Lallemand-un-plus.mp4?_=1\" \/><a href=\"https:\/\/ent2d.ac-bordeaux.fr\/disciplines\/allemand\/wp-content\/uploads\/sites\/11\/2018\/02\/Quest-ce-qui-est-vert-rond-et-petit-Lallemand-un-plus.mp4\">https:\/\/ent2d.ac-bordeaux.fr\/disciplines\/allemand\/wp-content\/uploads\/sites\/11\/2018\/02\/Quest-ce-qui-est-vert-rond-et-petit-Lallemand-un-plus.mp4<\/a><\/video><\/div>\n<div style=\"width: 640px;\" class=\"wp-video\"><video class=\"wp-video-shortcode\" id=\"video-1223-2\" width=\"640\" height=\"360\" preload=\"metadata\" controls=\"controls\"><source type=\"video\/mp4\" src=\"https:\/\/ent2d.ac-bordeaux.fr\/disciplines\/allemand\/wp-content\/uploads\/sites\/11\/2018\/02\/LAllemagne-me-fait-penser-a\u0300...-Lallemand-un-plus.mp4?_=2\" \/><a href=\"https:\/\/ent2d.ac-bordeaux.fr\/disciplines\/allemand\/wp-content\/uploads\/sites\/11\/2018\/02\/LAllemagne-me-fait-penser-a\u0300...-Lallemand-un-plus.mp4\">https:\/\/ent2d.ac-bordeaux.fr\/disciplines\/allemand\/wp-content\/uploads\/sites\/11\/2018\/02\/LAllemagne-me-fait-penser-a\u0300...-Lallemand-un-plus.mp4<\/a><\/video><\/div>\n<div style=\"width: 640px;\" class=\"wp-video\"><video class=\"wp-video-shortcode\" id=\"video-1223-3\" width=\"640\" height=\"360\" preload=\"metadata\" controls=\"controls\"><source type=\"video\/mp4\" src=\"https:\/\/ent2d.ac-bordeaux.fr\/disciplines\/allemand\/wp-content\/uploads\/sites\/11\/2018\/02\/Ce-que-lallemand-me-permet-de-faire-Lallemand-un-plus.mp4?_=3\" \/><a href=\"https:\/\/ent2d.ac-bordeaux.fr\/disciplines\/allemand\/wp-content\/uploads\/sites\/11\/2018\/02\/Ce-que-lallemand-me-permet-de-faire-Lallemand-un-plus.mp4\">https:\/\/ent2d.ac-bordeaux.fr\/disciplines\/allemand\/wp-content\/uploads\/sites\/11\/2018\/02\/Ce-que-lallemand-me-permet-de-faire-Lallemand-un-plus.mp4<\/a><\/video><\/div>\n","protected":false},"excerpt":{"rendered":"<p>Les vid\u00e9os de promotion, produites en coop\u00e9ration avec le Goethe-Institut et Arte Studio, sont finalis\u00e9es et se trouvent d\u2019ores et d\u00e9j\u00e0 sur le site internet et la chaine YouTube du &#8230;<\/p>\n","protected":false},"author":33,"featured_media":430,"parent":0,"menu_order":0,"comment_status":"closed","ping_status":"closed","template":"template-fullwidth.php","meta":{"footnotes":""},"class_list":["post-1223","page","type-page","status-publish","has-post-thumbnail","hentry"],"_links":{"self":[{"href":"https:\/\/ent2d.ac-bordeaux.fr\/disciplines\/allemand\/wp-json\/wp\/v2\/pages\/1223","targetHints":{"allow":["GET"]}}],"collection":[{"href":"https:\/\/ent2d.ac-bordeaux.fr\/disciplines\/allemand\/wp-json\/wp\/v2\/pages"}],"about":[{"href":"https:\/\/ent2d.ac-bordeaux.fr\/disciplines\/allemand\/wp-json\/wp\/v2\/types\/page"}],"author":[{"embeddable":true,"href":"https:\/\/ent2d.ac-bordeaux.fr\/disciplines\/allemand\/wp-json\/wp\/v2\/users\/33"}],"replies":[{"embeddable":true,"href":"https:\/\/ent2d.ac-bordeaux.fr\/disciplines\/allemand\/wp-json\/wp\/v2\/comments?post=1223"}],"version-history":[{"count":1,"href":"https:\/\/ent2d.ac-bordeaux.fr\/disciplines\/allemand\/wp-json\/wp\/v2\/pages\/1223\/revisions"}],"predecessor-version":[{"id":1224,"href":"https:\/\/ent2d.ac-bordeaux.fr\/disciplines\/allemand\/wp-json\/wp\/v2\/pages\/1223\/revisions\/1224"}],"wp:featuredmedia":[{"embeddable":true,"href":"https:\/\/ent2d.ac-bordeaux.fr\/disciplines\/allemand\/wp-json\/wp\/v2\/media\/430"}],"wp:attachment":[{"href":"https:\/\/ent2d.ac-bordeaux.fr\/disciplines\/allemand\/wp-json\/wp\/v2\/media?parent=1223"}],"curies":[{"name":"wp","href":"https:\/\/api.w.org\/{rel}","templated":true}]}}