{"id":1178,"date":"2018-10-25T23:03:35","date_gmt":"2018-10-25T21:03:35","guid":{"rendered":"https:\/\/ent2d.ac-bordeaux.fr\/disciplines\/allemand\/?page_id=1178"},"modified":"2020-10-06T08:54:31","modified_gmt":"2020-10-06T06:54:31","slug":"prix-concours","status":"publish","type":"page","link":"https:\/\/ent2d.ac-bordeaux.fr\/disciplines\/allemand\/prix-concours\/","title":{"rendered":"PRIX \/ CONCOURS"},"content":{"rendered":"\n<div class=\"wp-block-image\"><figure class=\"aligncenter size-large\"><img loading=\"lazy\" decoding=\"async\" width=\"156\" height=\"289\" src=\"https:\/\/ent2d.ac-bordeaux.fr\/disciplines\/allemand\/wp-content\/uploads\/sites\/11\/2018\/11\/OFAJ-JFA.png\" alt=\"\" class=\"wp-image-1270\" \/><\/figure><\/div>\n\n\n\n<p>Le confinement en France et en Allemagne nous a amen\u00e9s \u00e0 prendre conscience qu\u2019une alternative \u00e9tait possible&nbsp;! La nature a pu reprendre son souffle partout dans le monde pendant que nous attendions l\u2019am\u00e9lioration des conditions sanitaires derri\u00e8re nos quatre murs. C\u2019\u00e9tait une p\u00e9riode difficile qui a mis \u00e0 l\u2019\u00e9preuve bon nombre d\u2019 entre nous. Nous esp\u00e9rons que cette exp\u00e9rience hors du commun pourra \u00eatre transform\u00e9e en \u00e9nergie positive afin qu&rsquo;\u00e0 l&rsquo;avenir nous accordions plus d&rsquo;attention \u00e0 notre environnement et \u00e0 notre climat. Plus que jamais, prenons le changement climatique au s\u00e9rieux et engageons-nous pour le climat&nbsp;!<\/p>\n\n\n\n<p>L\u2019Office franco-allemand pour la Jeunesse (OFAJ) a ainsi d\u00e9cid\u00e9 de renouveler en 2021 l\u2019appel \u00e0 projets \u00ab Prends ta plan\u00e8te en main ! \u00bb. En raison de la situation actuelle, nous tenons \u00e0 souligner que des projets en formats hybrides ou virtuels peuvent \u00e9galement \u00eatre d\u00e9pos\u00e9s. Une attention particuli\u00e8re sera accord\u00e9e au groupe cible des jeunes avec moins d\u2019opportunit\u00e9s. L\u2019OFAJ consid\u00e8re qu&rsquo;il est particuli\u00e8rement important que ces jeunes soient sensibilis\u00e9s au th\u00e8me du changement climatique et de la protection de l&rsquo;environnement.<\/p>\n\n\n\n<p>En 2021, l\u2019OFAJ soutiendra au maximum 20 projets qui traitent du climat, de l\u2019environnement ou du d\u00e9veloppement durable et qui ont une dimension franco-allemande, trilat\u00e9rale ou multilat\u00e9rale. Les partenaires dont les projets s\u00e9lectionn\u00e9s en 2020 ont d\u00fb \u00eatre report\u00e9s \u00e0 2021 peuvent pr\u00e9senter une nouvelle demande de financement en utilisant une proc\u00e9dure simplifi\u00e9e.<\/p>\n\n\n\n<p>La date limite de candidature est le 1er d\u00e9cembre 2020.<\/p>\n\n\n\n<p>Vous trouverez plus d\u2019informations sur l\u2019appel \u00e0 projets&nbsp;<a href=\"https:\/\/www.ofaj.org\/appels-a-projets-et-a-candidatures\/appel-a-projets-ofaj-2021-prends-ta-planete-en-main.html\" target=\"_blank\" rel=\"noreferrer noopener\">ici<\/a>.<\/p>\n","protected":false},"excerpt":{"rendered":"<p>Le confinement en France et en Allemagne nous a amen\u00e9s \u00e0 prendre conscience qu\u2019une alternative \u00e9tait possible&nbsp;! La nature a pu reprendre son souffle partout dans le monde pendant que &#8230;<\/p>\n","protected":false},"author":33,"featured_media":430,"parent":0,"menu_order":0,"comment_status":"closed","ping_status":"closed","template":"template-fullwidth.php","meta":{"footnotes":""},"class_list":["post-1178","page","type-page","status-publish","has-post-thumbnail","hentry"],"_links":{"self":[{"href":"https:\/\/ent2d.ac-bordeaux.fr\/disciplines\/allemand\/wp-json\/wp\/v2\/pages\/1178","targetHints":{"allow":["GET"]}}],"collection":[{"href":"https:\/\/ent2d.ac-bordeaux.fr\/disciplines\/allemand\/wp-json\/wp\/v2\/pages"}],"about":[{"href":"https:\/\/ent2d.ac-bordeaux.fr\/disciplines\/allemand\/wp-json\/wp\/v2\/types\/page"}],"author":[{"embeddable":true,"href":"https:\/\/ent2d.ac-bordeaux.fr\/disciplines\/allemand\/wp-json\/wp\/v2\/users\/33"}],"replies":[{"embeddable":true,"href":"https:\/\/ent2d.ac-bordeaux.fr\/disciplines\/allemand\/wp-json\/wp\/v2\/comments?post=1178"}],"version-history":[{"count":5,"href":"https:\/\/ent2d.ac-bordeaux.fr\/disciplines\/allemand\/wp-json\/wp\/v2\/pages\/1178\/revisions"}],"predecessor-version":[{"id":1428,"href":"https:\/\/ent2d.ac-bordeaux.fr\/disciplines\/allemand\/wp-json\/wp\/v2\/pages\/1178\/revisions\/1428"}],"wp:featuredmedia":[{"embeddable":true,"href":"https:\/\/ent2d.ac-bordeaux.fr\/disciplines\/allemand\/wp-json\/wp\/v2\/media\/430"}],"wp:attachment":[{"href":"https:\/\/ent2d.ac-bordeaux.fr\/disciplines\/allemand\/wp-json\/wp\/v2\/media?parent=1178"}],"curies":[{"name":"wp","href":"https:\/\/api.w.org\/{rel}","templated":true}]}}