{"id":1158,"date":"2018-10-25T20:15:23","date_gmt":"2018-10-25T18:15:23","guid":{"rendered":"https:\/\/ent2d.ac-bordeaux.fr\/disciplines\/allemand\/?page_id=1158"},"modified":"2018-10-25T22:20:01","modified_gmt":"2018-10-25T20:20:01","slug":"mobilite-internationale","status":"publish","type":"page","link":"https:\/\/ent2d.ac-bordeaux.fr\/disciplines\/allemand\/mobilite-internationale\/","title":{"rendered":"MOBILIT\u00c9 INTERNATIONALE"},"content":{"rendered":"<p class=\"align-justifie\">Le multilinguisme et la mobilit\u00e9 sont au c\u0153ur du projet europ\u00e9en. Des dispositifs nationaux comme\u00a0<a class=\"lienSansIcone\" href=\"http:\/\/www.agence-erasmus.fr\/page\/agence\" target=\"_blank\" rel=\"noopener\">l&rsquo;Agence\u00a0<abbr title=\"Programme d'action communautaire en mati\u00e8re de mobilit\u00e9 \u00e9tudiante (European community action scheme for the mobility of university students)\">Erasmus<\/abbr>\u00a0+ France \/ Education Formation<\/a>\u00a0ou encore le bureau\u00a0<a class=\"lienSansIcone\" href=\"http:\/\/www.etwinning.fr\/\" target=\"_blank\" rel=\"noopener\">e-Twinning France<\/a>\u00a0soutiennent et encouragent cette mobilit\u00e9.<\/p>\n<p class=\"align-justifie\">Au niveau acad\u00e9mique, la <a href=\"http:\/\/www.ac-bordeaux.fr\/pid30956\/la-dareic-missions-et-reseau.html\" target=\"_blank\" rel=\"noopener\"><b>D\u00e9l\u00e9gation Acad\u00e9mique aux Relations Europ\u00e9ennes et Internationale et \u00e0 la<\/b> Coop\u00e9ration\u00a0<\/a>informe et accompagne les \u00e9tablissements scolaires dans leur projet de mobilit\u00e9 et constitue le relais acad\u00e9mique des programmes nationaux et r\u00e9gionaux pour les mobilit\u00e9s et formations internationales des enseignants.<\/p>\n<p><em>Cliquez sur les ic\u00f4nes ci-dessous pour acc\u00e9der aux informations correspondantes.<\/em><\/p>\n<table>\n<tbody>\n<tr>\n<td width=\"236\"><a href=\"https:\/\/ent2d.ac-bordeaux.fr\/disciplines\/allemand\/wp-content\/uploads\/sites\/11\/2018\/10\/Mobilite\u0301-des-enseignants.png\"><img loading=\"lazy\" decoding=\"async\" class=\"wp-image-1144 aligncenter\" src=\"https:\/\/ent2d.ac-bordeaux.fr\/disciplines\/allemand\/wp-content\/uploads\/sites\/11\/2018\/10\/Mobilite\u0301-des-enseignants-294x300.png\" alt=\"\" width=\"195\" height=\"199\" srcset=\"https:\/\/ent2d.ac-bordeaux.fr\/disciplines\/allemand\/wp-content\/uploads\/sites\/11\/2018\/10\/Mobilite\u0301-des-enseignants-294x300.png 294w, https:\/\/ent2d.ac-bordeaux.fr\/disciplines\/allemand\/wp-content\/uploads\/sites\/11\/2018\/10\/Mobilite\u0301-des-enseignants.png 534w\" sizes=\"auto, (max-width: 195px) 100vw, 195px\" \/><\/a><\/td>\n<td width=\"236\"><a href=\"https:\/\/ent2d.ac-bordeaux.fr\/disciplines\/allemand\/wp-content\/uploads\/sites\/11\/2018\/10\/Programmes_franco-allemands_1000960.pdf\" target=\"_blank\" rel=\"noopener\"><img loading=\"lazy\" decoding=\"async\" class=\"aligncenter wp-image-1143\" src=\"https:\/\/ent2d.ac-bordeaux.fr\/disciplines\/allemand\/wp-content\/uploads\/sites\/11\/2018\/10\/Mobilite\u0301-des-apprenants-294x300.png\" alt=\"\" width=\"200\" height=\"204\" srcset=\"https:\/\/ent2d.ac-bordeaux.fr\/disciplines\/allemand\/wp-content\/uploads\/sites\/11\/2018\/10\/Mobilite\u0301-des-apprenants-294x300.png 294w, https:\/\/ent2d.ac-bordeaux.fr\/disciplines\/allemand\/wp-content\/uploads\/sites\/11\/2018\/10\/Mobilite\u0301-des-apprenants.png 534w\" sizes=\"auto, (max-width: 200px) 100vw, 200px\" \/><\/a><\/td>\n<td width=\"236\"><a href=\"http:\/\/www.ac-bordeaux.fr\/cid132923\/2018-2019-annee-allemand-dans-academie-bordeaux.html\" target=\"_blank\" rel=\"noopener\"><img loading=\"lazy\" decoding=\"async\" class=\"aligncenter wp-image-1145\" src=\"https:\/\/ent2d.ac-bordeaux.fr\/disciplines\/allemand\/wp-content\/uploads\/sites\/11\/2018\/10\/Mobilite\u0301-de\u0301velopper-des-partenariats-294x300.png\" alt=\"\" width=\"210\" height=\"214\" srcset=\"https:\/\/ent2d.ac-bordeaux.fr\/disciplines\/allemand\/wp-content\/uploads\/sites\/11\/2018\/10\/Mobilite\u0301-de\u0301velopper-des-partenariats-294x300.png 294w, https:\/\/ent2d.ac-bordeaux.fr\/disciplines\/allemand\/wp-content\/uploads\/sites\/11\/2018\/10\/Mobilite\u0301-de\u0301velopper-des-partenariats.png 534w\" sizes=\"auto, (max-width: 210px) 100vw, 210px\" \/><\/a><\/td>\n<\/tr>\n<tr>\n<td width=\"236\"><\/td>\n<td width=\"236\"><\/td>\n<td width=\"236\"><\/td>\n<\/tr>\n<tr>\n<td width=\"236\"><a href=\"http:\/\/www.agence-erasmus.fr\/\" target=\"_blank\" rel=\"noopener\"><img loading=\"lazy\" decoding=\"async\" class=\"aligncenter wp-image-1146\" src=\"https:\/\/ent2d.ac-bordeaux.fr\/disciplines\/allemand\/wp-content\/uploads\/sites\/11\/2018\/10\/Mobilite\u0301-Erasmus--294x300.png\" alt=\"\" width=\"224\" height=\"229\" srcset=\"https:\/\/ent2d.ac-bordeaux.fr\/disciplines\/allemand\/wp-content\/uploads\/sites\/11\/2018\/10\/Mobilite\u0301-Erasmus--294x300.png 294w, https:\/\/ent2d.ac-bordeaux.fr\/disciplines\/allemand\/wp-content\/uploads\/sites\/11\/2018\/10\/Mobilite\u0301-Erasmus-.png 534w\" sizes=\"auto, (max-width: 224px) 100vw, 224px\" \/><\/a><\/td>\n<td width=\"236\"><a href=\"https:\/\/www.etwinning.fr\/\" target=\"_blank\" rel=\"noopener\"><img loading=\"lazy\" decoding=\"async\" class=\"aligncenter wp-image-1148\" src=\"https:\/\/ent2d.ac-bordeaux.fr\/disciplines\/allemand\/wp-content\/uploads\/sites\/11\/2018\/10\/Mobilite\u0301-virtuelle-294x300.png\" alt=\"\" width=\"222\" height=\"227\" srcset=\"https:\/\/ent2d.ac-bordeaux.fr\/disciplines\/allemand\/wp-content\/uploads\/sites\/11\/2018\/10\/Mobilite\u0301-virtuelle-294x300.png 294w, https:\/\/ent2d.ac-bordeaux.fr\/disciplines\/allemand\/wp-content\/uploads\/sites\/11\/2018\/10\/Mobilite\u0301-virtuelle.png 534w\" sizes=\"auto, (max-width: 222px) 100vw, 222px\" \/><\/a><\/td>\n<td width=\"236\"><a href=\"https:\/\/ent2d.ac-bordeaux.fr\/disciplines\/allemand\/espace-assistants\/\" target=\"_blank\" rel=\"noopener\"><img loading=\"lazy\" decoding=\"async\" class=\"aligncenter wp-image-1147\" src=\"https:\/\/ent2d.ac-bordeaux.fr\/disciplines\/allemand\/wp-content\/uploads\/sites\/11\/2018\/10\/Mobilite\u0301-internationale-assistants-de-LVE-294x300.png\" alt=\"\" width=\"217\" height=\"222\" srcset=\"https:\/\/ent2d.ac-bordeaux.fr\/disciplines\/allemand\/wp-content\/uploads\/sites\/11\/2018\/10\/Mobilite\u0301-internationale-assistants-de-LVE-294x300.png 294w, https:\/\/ent2d.ac-bordeaux.fr\/disciplines\/allemand\/wp-content\/uploads\/sites\/11\/2018\/10\/Mobilite\u0301-internationale-assistants-de-LVE.png 534w\" sizes=\"auto, (max-width: 217px) 100vw, 217px\" \/><\/a><\/td>\n<\/tr>\n<\/tbody>\n<\/table>\n<p><a href=\"http:\/\/www.education.gouv.fr\/pid285\/bulletin_officiel.html?cid_bo=132707\" target=\"_blank\" rel=\"noopener\"><img loading=\"lazy\" decoding=\"async\" class=\"alignnone wp-image-770\" src=\"https:\/\/ent2d.ac-bordeaux.fr\/disciplines\/allemand\/wp-content\/uploads\/sites\/11\/2018\/10\/BO-300x109.png\" alt=\"\" width=\"228\" height=\"83\" srcset=\"https:\/\/ent2d.ac-bordeaux.fr\/disciplines\/allemand\/wp-content\/uploads\/sites\/11\/2018\/10\/BO-300x109.png 300w, https:\/\/ent2d.ac-bordeaux.fr\/disciplines\/allemand\/wp-content\/uploads\/sites\/11\/2018\/10\/BO.png 370w\" sizes=\"auto, (max-width: 228px) 100vw, 228px\" \/><\/a><\/p>\n","protected":false},"excerpt":{"rendered":"<p>Le multilinguisme et la mobilit\u00e9 sont au c\u0153ur du projet europ\u00e9en. Des dispositifs nationaux comme\u00a0l&rsquo;Agence\u00a0Erasmus\u00a0+ France \/ Education Formation\u00a0ou encore le bureau\u00a0e-Twinning France\u00a0soutiennent et encouragent cette mobilit\u00e9. Au niveau acad\u00e9mique, &#8230;<\/p>\n","protected":false},"author":33,"featured_media":430,"parent":0,"menu_order":0,"comment_status":"closed","ping_status":"closed","template":"template-fullwidth.php","meta":{"footnotes":""},"class_list":["post-1158","page","type-page","status-publish","has-post-thumbnail","hentry"],"_links":{"self":[{"href":"https:\/\/ent2d.ac-bordeaux.fr\/disciplines\/allemand\/wp-json\/wp\/v2\/pages\/1158","targetHints":{"allow":["GET"]}}],"collection":[{"href":"https:\/\/ent2d.ac-bordeaux.fr\/disciplines\/allemand\/wp-json\/wp\/v2\/pages"}],"about":[{"href":"https:\/\/ent2d.ac-bordeaux.fr\/disciplines\/allemand\/wp-json\/wp\/v2\/types\/page"}],"author":[{"embeddable":true,"href":"https:\/\/ent2d.ac-bordeaux.fr\/disciplines\/allemand\/wp-json\/wp\/v2\/users\/33"}],"replies":[{"embeddable":true,"href":"https:\/\/ent2d.ac-bordeaux.fr\/disciplines\/allemand\/wp-json\/wp\/v2\/comments?post=1158"}],"version-history":[{"count":10,"href":"https:\/\/ent2d.ac-bordeaux.fr\/disciplines\/allemand\/wp-json\/wp\/v2\/pages\/1158\/revisions"}],"predecessor-version":[{"id":1169,"href":"https:\/\/ent2d.ac-bordeaux.fr\/disciplines\/allemand\/wp-json\/wp\/v2\/pages\/1158\/revisions\/1169"}],"wp:featuredmedia":[{"embeddable":true,"href":"https:\/\/ent2d.ac-bordeaux.fr\/disciplines\/allemand\/wp-json\/wp\/v2\/media\/430"}],"wp:attachment":[{"href":"https:\/\/ent2d.ac-bordeaux.fr\/disciplines\/allemand\/wp-json\/wp\/v2\/media?parent=1158"}],"curies":[{"name":"wp","href":"https:\/\/api.w.org\/{rel}","templated":true}]}}