{"id":2421,"date":"2026-01-01T23:06:45","date_gmt":"2026-01-01T22:06:45","guid":{"rendered":"https:\/\/ent2d.ac-bordeaux.fr\/disciplines\/alimentation\/?page_id=2421"},"modified":"2026-01-01T23:39:24","modified_gmt":"2026-01-01T22:39:24","slug":"inscriptions","status":"publish","type":"page","link":"https:\/\/ent2d.ac-bordeaux.fr\/disciplines\/alimentation\/inscriptions\/","title":{"rendered":"Inscriptions"},"content":{"rendered":"\n<h2 class=\"wp-block-heading\">Contact<\/h2>\n\n\n\n<h4 class=\"wp-block-heading has-medium-font-size\"><strong>Direction des Examens et Concours (DEC)<\/strong><\/h4>\n\n\n\n<p class=\"has-medium-font-size\"><strong>Adresse postale<\/strong> :&nbsp;<\/p>\n\n\n\n<p class=\"has-medium-font-size\">RECTORAT DE BORDEAUX, <\/p>\n\n\n\n<p class=\"has-medium-font-size\"><strong>Direction des Examens et Concours (DEC)<br><\/strong>5, rue Joseph de Carayon Latour<br>CS 81499<br>33060 Bordeaux Cedex<\/p>\n\n\n\n<p class=\"has-medium-font-size\"><br>Gestionnaire Alimentation (p\u00e2tissier, boulanger, boucher, charcutier\u2026) : <\/p>\n\n\n\n<p class=\"has-medium-font-size\"><em>Madame Ferriere Caroline ( <strong><a href=\"mailto:ce.dec@ac-bordeaux.fr\" target=\"_blank\" rel=\"noreferrer noopener\">ce.dec3@ac-bordeaux.fr<\/a><\/strong>)<\/em><\/p>\n\n\n\n<hr class=\"wp-block-separator has-alpha-channel-opacity is-style-wide\" \/>\n\n\n\n<p class=\"has-medium-font-size\"><strong>Demande d&rsquo;am\u00e9nagement des conditions de passation des \u00e9preuves aux examens<\/strong> :<\/p>\n\n\n\n<p class=\"has-medium-font-size\"><strong><a href=\"https:\/\/www.ac-bordeaux.fr\/amenagement-d-epreuves-pour-les-eleves-presentant-un-handicap-ou-un-trouble-de-sante-invalidant-121517\">Demandes_Session 2026<\/a><\/strong><\/p>\n\n\n\n<hr class=\"wp-block-separator has-alpha-channel-opacity is-style-wide\" \/>\n\n\n\n<p class=\"has-medium-font-size\"><strong>Information pratique : <\/strong><\/p>\n\n\n\n<p class=\"has-medium-font-size\">Pi\u00e8ce d&rsquo;identit\u00e9 \u00e0 pr\u00e9senter aux examens : les cartes nationales d&rsquo;identit\u00e9 ou les passeports expir\u00e9s depuis moins de 5 ans sont autoris\u00e9s.<\/p>\n\n\n\n<hr class=\"wp-block-separator has-alpha-channel-opacity is-style-wide\" \/>\n\n\n\n<p class=\"has-medium-font-size\"><strong>Inscriptions<\/strong><\/p>\n\n\n\n<p class=\"has-medium-font-size\"><strong>CAP- Session 2026<\/strong> :  <a href=\"https:\/\/www.ac-bordeaux.fr\/certificat-d-aptitude-professionnelle-cap-121999\">Ici <\/a><\/p>\n\n\n\n<p class=\"has-medium-font-size\"><strong>BP-  Session 2026<\/strong> : <a href=\"https:\/\/www.ac-bordeaux.fr\/brevet-professionnel-bp-121996\">Ici <\/a><\/p>\n\n\n\n<p class=\"has-medium-font-size\"><strong>CS-  Session 2026<\/strong> : <a href=\"https:\/\/www.ac-bordeaux.fr\/certificat-de-specialisation-cs-122004\">Ici <\/a><\/p>\n\n\n\n<hr class=\"wp-block-separator has-alpha-channel-opacity is-style-wide\" \/>\n\n\n\n<p><\/p>\n","protected":false},"excerpt":{"rendered":"<p>Contact Direction des Examens et Concours (DEC) Adresse postale :&nbsp; RECTORAT DE BORDEAUX, Direction des Examens et Concours (DEC)5, rue<\/p>\n","protected":false},"author":957,"featured_media":0,"parent":0,"menu_order":0,"comment_status":"closed","ping_status":"closed","template":"","meta":{"footnotes":""},"class_list":["post-2421","page","type-page","status-publish","hentry"],"_links":{"self":[{"href":"https:\/\/ent2d.ac-bordeaux.fr\/disciplines\/alimentation\/wp-json\/wp\/v2\/pages\/2421","targetHints":{"allow":["GET"]}}],"collection":[{"href":"https:\/\/ent2d.ac-bordeaux.fr\/disciplines\/alimentation\/wp-json\/wp\/v2\/pages"}],"about":[{"href":"https:\/\/ent2d.ac-bordeaux.fr\/disciplines\/alimentation\/wp-json\/wp\/v2\/types\/page"}],"author":[{"embeddable":true,"href":"https:\/\/ent2d.ac-bordeaux.fr\/disciplines\/alimentation\/wp-json\/wp\/v2\/users\/957"}],"replies":[{"embeddable":true,"href":"https:\/\/ent2d.ac-bordeaux.fr\/disciplines\/alimentation\/wp-json\/wp\/v2\/comments?post=2421"}],"version-history":[{"count":11,"href":"https:\/\/ent2d.ac-bordeaux.fr\/disciplines\/alimentation\/wp-json\/wp\/v2\/pages\/2421\/revisions"}],"predecessor-version":[{"id":2442,"href":"https:\/\/ent2d.ac-bordeaux.fr\/disciplines\/alimentation\/wp-json\/wp\/v2\/pages\/2421\/revisions\/2442"}],"wp:attachment":[{"href":"https:\/\/ent2d.ac-bordeaux.fr\/disciplines\/alimentation\/wp-json\/wp\/v2\/media?parent=2421"}],"curies":[{"name":"wp","href":"https:\/\/api.w.org\/{rel}","templated":true}]}}