{"id":2376,"date":"2026-01-01T21:50:03","date_gmt":"2026-01-01T20:50:03","guid":{"rendered":"https:\/\/ent2d.ac-bordeaux.fr\/disciplines\/alimentation\/?page_id=2376"},"modified":"2026-03-26T12:10:40","modified_gmt":"2026-03-26T11:10:40","slug":"quoi-de-neuf-dans-nos-lp","status":"publish","type":"page","link":"https:\/\/ent2d.ac-bordeaux.fr\/disciplines\/alimentation\/quoi-de-neuf-dans-nos-lp\/","title":{"rendered":"Quoi de 9 dans nos LP"},"content":{"rendered":"\n<figure class=\"wp-block-image size-full is-resized\"><img loading=\"lazy\" decoding=\"async\" width=\"996\" height=\"291\" src=\"https:\/\/ent2d.ac-bordeaux.fr\/disciplines\/alimentation\/wp-content\/uploads\/sites\/56\/2026\/03\/Image-logo-et-lycee-Morlaas.jpg\" alt=\"\" class=\"wp-image-2481\" style=\"width:747px;height:auto\" srcset=\"https:\/\/ent2d.ac-bordeaux.fr\/disciplines\/alimentation\/wp-content\/uploads\/sites\/56\/2026\/03\/Image-logo-et-lycee-Morlaas.jpg 996w, https:\/\/ent2d.ac-bordeaux.fr\/disciplines\/alimentation\/wp-content\/uploads\/sites\/56\/2026\/03\/Image-logo-et-lycee-Morlaas-300x88.jpg 300w, https:\/\/ent2d.ac-bordeaux.fr\/disciplines\/alimentation\/wp-content\/uploads\/sites\/56\/2026\/03\/Image-logo-et-lycee-Morlaas-768x224.jpg 768w\" sizes=\"auto, (max-width: 996px) 100vw, 996px\" \/><\/figure>\n\n\n\n<div class=\"wp-block-columns is-layout-flex wp-container-core-columns-is-layout-28f84493 wp-block-columns-is-layout-flex\">\n<div class=\"wp-block-column is-layout-flow wp-block-column-is-layout-flow\">\n<figure class=\"wp-block-gallery has-nested-images columns-default is-cropped wp-block-gallery-1 is-layout-flex wp-block-gallery-is-layout-flex\">\n<figure class=\"wp-block-image size-large\"><img loading=\"lazy\" decoding=\"async\" width=\"1024\" height=\"576\" data-id=\"2483\" src=\"https:\/\/ent2d.ac-bordeaux.fr\/disciplines\/alimentation\/wp-content\/uploads\/sites\/56\/2026\/03\/image-photo2.jpg\" alt=\"\" class=\"wp-image-2483\" srcset=\"https:\/\/ent2d.ac-bordeaux.fr\/disciplines\/alimentation\/wp-content\/uploads\/sites\/56\/2026\/03\/image-photo2.jpg 1024w, https:\/\/ent2d.ac-bordeaux.fr\/disciplines\/alimentation\/wp-content\/uploads\/sites\/56\/2026\/03\/image-photo2-300x169.jpg 300w, https:\/\/ent2d.ac-bordeaux.fr\/disciplines\/alimentation\/wp-content\/uploads\/sites\/56\/2026\/03\/image-photo2-768x432.jpg 768w\" sizes=\"auto, (max-width: 1024px) 100vw, 1024px\" \/><\/figure>\n\n\n\n<figure class=\"wp-block-image size-large\"><img loading=\"lazy\" decoding=\"async\" width=\"1024\" height=\"576\" data-id=\"2486\" src=\"https:\/\/ent2d.ac-bordeaux.fr\/disciplines\/alimentation\/wp-content\/uploads\/sites\/56\/2026\/03\/image-photo3.jpg\" alt=\"\" class=\"wp-image-2486\" srcset=\"https:\/\/ent2d.ac-bordeaux.fr\/disciplines\/alimentation\/wp-content\/uploads\/sites\/56\/2026\/03\/image-photo3.jpg 1024w, https:\/\/ent2d.ac-bordeaux.fr\/disciplines\/alimentation\/wp-content\/uploads\/sites\/56\/2026\/03\/image-photo3-300x169.jpg 300w, https:\/\/ent2d.ac-bordeaux.fr\/disciplines\/alimentation\/wp-content\/uploads\/sites\/56\/2026\/03\/image-photo3-768x432.jpg 768w\" sizes=\"auto, (max-width: 1024px) 100vw, 1024px\" \/><\/figure>\n\n\n\n<figure class=\"wp-block-image size-large\"><img loading=\"lazy\" decoding=\"async\" width=\"1024\" height=\"819\" data-id=\"2487\" src=\"https:\/\/ent2d.ac-bordeaux.fr\/disciplines\/alimentation\/wp-content\/uploads\/sites\/56\/2026\/03\/image-photo4.jpg\" alt=\"\" class=\"wp-image-2487\" srcset=\"https:\/\/ent2d.ac-bordeaux.fr\/disciplines\/alimentation\/wp-content\/uploads\/sites\/56\/2026\/03\/image-photo4.jpg 1024w, https:\/\/ent2d.ac-bordeaux.fr\/disciplines\/alimentation\/wp-content\/uploads\/sites\/56\/2026\/03\/image-photo4-300x240.jpg 300w, https:\/\/ent2d.ac-bordeaux.fr\/disciplines\/alimentation\/wp-content\/uploads\/sites\/56\/2026\/03\/image-photo4-768x614.jpg 768w, https:\/\/ent2d.ac-bordeaux.fr\/disciplines\/alimentation\/wp-content\/uploads\/sites\/56\/2026\/03\/image-photo4-1536x1229.jpg 1536w\" sizes=\"auto, (max-width: 1024px) 100vw, 1024px\" \/><\/figure>\n\n\n\n<figure class=\"wp-block-image size-large\"><img loading=\"lazy\" decoding=\"async\" width=\"1024\" height=\"768\" data-id=\"2484\" src=\"https:\/\/ent2d.ac-bordeaux.fr\/disciplines\/alimentation\/wp-content\/uploads\/sites\/56\/2026\/03\/image-photo5.jpg\" alt=\"\" class=\"wp-image-2484\" srcset=\"https:\/\/ent2d.ac-bordeaux.fr\/disciplines\/alimentation\/wp-content\/uploads\/sites\/56\/2026\/03\/image-photo5.jpg 1024w, https:\/\/ent2d.ac-bordeaux.fr\/disciplines\/alimentation\/wp-content\/uploads\/sites\/56\/2026\/03\/image-photo5-300x225.jpg 300w, https:\/\/ent2d.ac-bordeaux.fr\/disciplines\/alimentation\/wp-content\/uploads\/sites\/56\/2026\/03\/image-photo5-768x576.jpg 768w\" sizes=\"auto, (max-width: 1024px) 100vw, 1024px\" \/><\/figure>\n\n\n\n<figure class=\"wp-block-image size-large\"><img loading=\"lazy\" decoding=\"async\" width=\"768\" height=\"1024\" data-id=\"2485\" src=\"https:\/\/ent2d.ac-bordeaux.fr\/disciplines\/alimentation\/wp-content\/uploads\/sites\/56\/2026\/03\/image-photo6.jpg\" alt=\"\" class=\"wp-image-2485\" srcset=\"https:\/\/ent2d.ac-bordeaux.fr\/disciplines\/alimentation\/wp-content\/uploads\/sites\/56\/2026\/03\/image-photo6.jpg 768w, https:\/\/ent2d.ac-bordeaux.fr\/disciplines\/alimentation\/wp-content\/uploads\/sites\/56\/2026\/03\/image-photo6-225x300.jpg 225w\" sizes=\"auto, (max-width: 768px) 100vw, 768px\" \/><\/figure>\n\n\n\n<figure class=\"wp-block-image size-large\"><img loading=\"lazy\" decoding=\"async\" width=\"1024\" height=\"768\" data-id=\"2488\" src=\"https:\/\/ent2d.ac-bordeaux.fr\/disciplines\/alimentation\/wp-content\/uploads\/sites\/56\/2026\/03\/image-photo7.jpg\" alt=\"\" class=\"wp-image-2488\" srcset=\"https:\/\/ent2d.ac-bordeaux.fr\/disciplines\/alimentation\/wp-content\/uploads\/sites\/56\/2026\/03\/image-photo7.jpg 1024w, https:\/\/ent2d.ac-bordeaux.fr\/disciplines\/alimentation\/wp-content\/uploads\/sites\/56\/2026\/03\/image-photo7-300x225.jpg 300w, https:\/\/ent2d.ac-bordeaux.fr\/disciplines\/alimentation\/wp-content\/uploads\/sites\/56\/2026\/03\/image-photo7-768x576.jpg 768w, https:\/\/ent2d.ac-bordeaux.fr\/disciplines\/alimentation\/wp-content\/uploads\/sites\/56\/2026\/03\/image-photo7-1536x1152.jpg 1536w\" sizes=\"auto, (max-width: 1024px) 100vw, 1024px\" \/><\/figure>\n\n\n\n<figure class=\"wp-block-image size-large\"><img loading=\"lazy\" decoding=\"async\" width=\"1024\" height=\"768\" data-id=\"2490\" src=\"https:\/\/ent2d.ac-bordeaux.fr\/disciplines\/alimentation\/wp-content\/uploads\/sites\/56\/2026\/03\/impage-photo1.jpg\" alt=\"\" class=\"wp-image-2490\" srcset=\"https:\/\/ent2d.ac-bordeaux.fr\/disciplines\/alimentation\/wp-content\/uploads\/sites\/56\/2026\/03\/impage-photo1.jpg 1024w, https:\/\/ent2d.ac-bordeaux.fr\/disciplines\/alimentation\/wp-content\/uploads\/sites\/56\/2026\/03\/impage-photo1-300x225.jpg 300w, https:\/\/ent2d.ac-bordeaux.fr\/disciplines\/alimentation\/wp-content\/uploads\/sites\/56\/2026\/03\/impage-photo1-768x576.jpg 768w\" sizes=\"auto, (max-width: 1024px) 100vw, 1024px\" \/><\/figure>\n\n\n\n<figure class=\"wp-block-image size-large\"><img loading=\"lazy\" decoding=\"async\" width=\"1024\" height=\"768\" data-id=\"2489\" src=\"https:\/\/ent2d.ac-bordeaux.fr\/disciplines\/alimentation\/wp-content\/uploads\/sites\/56\/2026\/03\/image-photo8.jpg\" alt=\"\" class=\"wp-image-2489\" srcset=\"https:\/\/ent2d.ac-bordeaux.fr\/disciplines\/alimentation\/wp-content\/uploads\/sites\/56\/2026\/03\/image-photo8.jpg 1024w, https:\/\/ent2d.ac-bordeaux.fr\/disciplines\/alimentation\/wp-content\/uploads\/sites\/56\/2026\/03\/image-photo8-300x225.jpg 300w, https:\/\/ent2d.ac-bordeaux.fr\/disciplines\/alimentation\/wp-content\/uploads\/sites\/56\/2026\/03\/image-photo8-768x576.jpg 768w\" sizes=\"auto, (max-width: 1024px) 100vw, 1024px\" \/><\/figure>\n<\/figure>\n<\/div>\n\n\n\n<div class=\"wp-block-column is-layout-flow wp-block-column-is-layout-flow\">\n<p class=\"has-medium-font-size\">Dans le cadre du Chef d\u2019\u0152uvre \u00ab&nbsp;les p\u00e2tisseries europ\u00e9ennes&nbsp;\u00bb de la Terminale CAP P\u00e2tissier du Lyc\u00e9e Haute-Vue de Morla\u00e0s (Pyr\u00e9n\u00e9es-Atlantiques), les \u00e9l\u00e8ves de M. NOUGUES et M. SERIS ont particip\u00e9 \u00e0 deux animations propos\u00e9es par l\u2019association Pistes Solidaires \u2013 Europe Direct Pau Pays de l\u2019Adour.<\/p>\n\n\n\n<p><\/p>\n\n\n\n<p><\/p>\n\n\n\n<p><\/p>\n<\/div>\n<\/div>\n\n\n\n<div class=\"wp-block-columns is-layout-flex wp-container-core-columns-is-layout-28f84493 wp-block-columns-is-layout-flex\">\n<div class=\"wp-block-column is-layout-flow wp-block-column-is-layout-flow\">\n<div class=\"wp-block-columns is-layout-flex wp-container-core-columns-is-layout-28f84493 wp-block-columns-is-layout-flex\">\n<div class=\"wp-block-column is-layout-flow wp-block-column-is-layout-flow\">\n<p>Le 06 Janvier 2026, la premi\u00e8re animation a permis aux \u00e9l\u00e8ves de d\u00e9couvrir le fonctionnement de l&rsquo;Union Europ\u00e9enne (UE), les diff\u00e9rentes instances officielles, et son impact dans leur quotidien. Ils ont pu \u00e9galement, \u00e0 l&rsquo;aide de petits jeux, associer diff\u00e9rentes p\u00e2tisseries traditionnelles aux 27 pays membres.<\/p>\n<\/div>\n\n\n\n<div class=\"wp-block-column is-layout-flow wp-block-column-is-layout-flow\">\n<p>Pour terminer, les \u00e9l\u00e8ves ont pu pr\u00e9senter\u00a0les P\u00e2tisseries Europ\u00e9ennes qu&rsquo;ils travaillent encore en vue d&rsquo;une exposition en fin d&rsquo;ann\u00e9e mais surtout pour l&rsquo;oral de Chef d&rsquo;\u0152uvre comptant pour leur examen du CAP P\u00e2tissier. Le 6 janvier \u00e9tant le jour de l\u2019\u00c9piphanie, ce moment tr\u00e8s int\u00e9ressant s&rsquo;est termin\u00e9 par la d\u00e9gustation de la galette des Rois originaire traditionnellement de France mais aussi d&rsquo;Espagne &#8230; deux pays importants de l&rsquo;UE.<\/p>\n<\/div>\n\n\n\n<div class=\"wp-block-column is-layout-flow wp-block-column-is-layout-flow\">\n<p>Ce partenariat s\u2019est poursuivi le 27 janvier par une visite \u00ab\u00a0Europ\u00e9enne\u00a0\u00bb de la ville de Pau afin de d\u00e9couvrir les diff\u00e9rentes influences historiques de l&rsquo;Europe sur cette ch\u00e8re ville d&rsquo;Henri IV\u00a0: le ch\u00e2teau de Pau et son espace prot\u00e9g\u00e9 Natura 2000, le parlement de Navarre, les villas anglaises du quartier Trespoey, La maison de naissance du g\u00e9n\u00e9ral Bernadotte (roi de Su\u00e8de), etc.<\/p>\n<\/div>\n<\/div>\n<\/div>\n<\/div>\n","protected":false},"excerpt":{"rendered":"<p>Dans le cadre du Chef d\u2019\u0152uvre \u00ab&nbsp;les p\u00e2tisseries europ\u00e9ennes&nbsp;\u00bb de la Terminale CAP P\u00e2tissier du Lyc\u00e9e Haute-Vue de Morla\u00e0s (Pyr\u00e9n\u00e9es-Atlantiques),<\/p>\n","protected":false},"author":957,"featured_media":0,"parent":0,"menu_order":0,"comment_status":"closed","ping_status":"closed","template":"","meta":{"footnotes":""},"class_list":["post-2376","page","type-page","status-publish","hentry"],"_links":{"self":[{"href":"https:\/\/ent2d.ac-bordeaux.fr\/disciplines\/alimentation\/wp-json\/wp\/v2\/pages\/2376","targetHints":{"allow":["GET"]}}],"collection":[{"href":"https:\/\/ent2d.ac-bordeaux.fr\/disciplines\/alimentation\/wp-json\/wp\/v2\/pages"}],"about":[{"href":"https:\/\/ent2d.ac-bordeaux.fr\/disciplines\/alimentation\/wp-json\/wp\/v2\/types\/page"}],"author":[{"embeddable":true,"href":"https:\/\/ent2d.ac-bordeaux.fr\/disciplines\/alimentation\/wp-json\/wp\/v2\/users\/957"}],"replies":[{"embeddable":true,"href":"https:\/\/ent2d.ac-bordeaux.fr\/disciplines\/alimentation\/wp-json\/wp\/v2\/comments?post=2376"}],"version-history":[{"count":8,"href":"https:\/\/ent2d.ac-bordeaux.fr\/disciplines\/alimentation\/wp-json\/wp\/v2\/pages\/2376\/revisions"}],"predecessor-version":[{"id":2499,"href":"https:\/\/ent2d.ac-bordeaux.fr\/disciplines\/alimentation\/wp-json\/wp\/v2\/pages\/2376\/revisions\/2499"}],"wp:attachment":[{"href":"https:\/\/ent2d.ac-bordeaux.fr\/disciplines\/alimentation\/wp-json\/wp\/v2\/media?parent=2376"}],"curies":[{"name":"wp","href":"https:\/\/api.w.org\/{rel}","templated":true}]}}