{"id":2315,"date":"2026-01-01T17:29:37","date_gmt":"2026-01-01T16:29:37","guid":{"rendered":"https:\/\/ent2d.ac-bordeaux.fr\/disciplines\/alimentation\/?page_id=2315"},"modified":"2026-01-01T22:30:09","modified_gmt":"2026-01-01T21:30:09","slug":"informations-jurys","status":"publish","type":"page","link":"https:\/\/ent2d.ac-bordeaux.fr\/disciplines\/alimentation\/informations-jurys\/","title":{"rendered":"Informations- Membres de Jurys"},"content":{"rendered":"\n<h4 class=\"wp-block-heading has-medium-font-size\"><strong><em>Message de l\u2019Inspecteur \u00e0 destination des membres de jury \u2013 Fili\u00e8re alimentation<\/em><\/strong><\/h4>\n\n\n\n<pre class=\"wp-block-preformatted has-medium-font-size\">\"Mesdames, Messieurs,<br><br>Je tiens \u00e0 remercier l\u2019ensemble des membres de jury de la fili\u00e8re alimentation :  professionnels du secteur priv\u00e9, enseignants et formateurs des disciplines de l\u2019enseignement professionnel, des sciences appliqu\u00e9es, de la gestion appliqu\u00e9e, des enseignements g\u00e9n\u00e9raux et des arts appliqu\u00e9s, pour leur engagement au service des examens.<br><br>Votre expertise, votre regard compl\u00e9mentaire et votre implication contribuent pleinement \u00e0 la qualit\u00e9, \u00e0 l\u2019\u00e9quit\u00e9 et \u00e0 la valeur des certifications d\u00e9livr\u00e9es aux candidats.<br><br>Je vous remercie sinc\u00e8rement pour votre investissement et votre contribution essentielle \u00e0 la r\u00e9ussite de nos sessions.\"<br>                                                                                                                                     Jocelyn Grivaud<br>Inspecteur de l'Education Nationale<\/pre>\n","protected":false},"excerpt":{"rendered":"<p>Message de l\u2019Inspecteur \u00e0 destination des membres de jury \u2013 Fili\u00e8re alimentation \u00ab\u00a0Mesdames, Messieurs,Je tiens \u00e0 remercier l\u2019ensemble des membres<\/p>\n","protected":false},"author":957,"featured_media":0,"parent":0,"menu_order":0,"comment_status":"closed","ping_status":"closed","template":"","meta":{"footnotes":""},"class_list":["post-2315","page","type-page","status-publish","hentry"],"_links":{"self":[{"href":"https:\/\/ent2d.ac-bordeaux.fr\/disciplines\/alimentation\/wp-json\/wp\/v2\/pages\/2315","targetHints":{"allow":["GET"]}}],"collection":[{"href":"https:\/\/ent2d.ac-bordeaux.fr\/disciplines\/alimentation\/wp-json\/wp\/v2\/pages"}],"about":[{"href":"https:\/\/ent2d.ac-bordeaux.fr\/disciplines\/alimentation\/wp-json\/wp\/v2\/types\/page"}],"author":[{"embeddable":true,"href":"https:\/\/ent2d.ac-bordeaux.fr\/disciplines\/alimentation\/wp-json\/wp\/v2\/users\/957"}],"replies":[{"embeddable":true,"href":"https:\/\/ent2d.ac-bordeaux.fr\/disciplines\/alimentation\/wp-json\/wp\/v2\/comments?post=2315"}],"version-history":[{"count":9,"href":"https:\/\/ent2d.ac-bordeaux.fr\/disciplines\/alimentation\/wp-json\/wp\/v2\/pages\/2315\/revisions"}],"predecessor-version":[{"id":2399,"href":"https:\/\/ent2d.ac-bordeaux.fr\/disciplines\/alimentation\/wp-json\/wp\/v2\/pages\/2315\/revisions\/2399"}],"wp:attachment":[{"href":"https:\/\/ent2d.ac-bordeaux.fr\/disciplines\/alimentation\/wp-json\/wp\/v2\/media?parent=2315"}],"curies":[{"name":"wp","href":"https:\/\/api.w.org\/{rel}","templated":true}]}}