{"id":2044,"date":"2025-10-26T14:24:25","date_gmt":"2025-10-26T13:24:25","guid":{"rendered":"https:\/\/ent2d.ac-bordeaux.fr\/disciplines\/alimentation\/?page_id=2044"},"modified":"2026-01-01T22:08:13","modified_gmt":"2026-01-01T21:08:13","slug":"examens","status":"publish","type":"page","link":"https:\/\/ent2d.ac-bordeaux.fr\/disciplines\/alimentation\/examens\/","title":{"rendered":"Examens &amp; Certifications"},"content":{"rendered":"\n<p class=\"has-medium-font-size\">Cet espace est consacr\u00e9 aux examens et certifications de la fili\u00e8re alimentation.<br>Il met \u00e0 disposition des sujets d\u2019examens, des informations \u00e0 destination des membres de jury et des candidats, ainsi que des ressources utiles pour comprendre les attendus des \u00e9preuves, les modalit\u00e9s d\u2019\u00e9valuation et les r\u00e9f\u00e9rentiels des dipl\u00f4mes.<\/p>\n\n\n\n<p class=\"has-medium-font-size\">Il a vocation \u00e0 accompagner l\u2019ensemble des acteurs \u2014 enseignants, formateurs, jurys et candidats \u2014 dans la pr\u00e9paration, l\u2019organisation et la passation des examens, dans un cadre conforme aux textes r\u00e9glementaires.<\/p>\n\n\n\n<hr class=\"wp-block-separator has-alpha-channel-opacity\" \/>\n","protected":false},"excerpt":{"rendered":"<p>Cet espace est consacr\u00e9 aux examens et certifications de la fili\u00e8re alimentation.Il met \u00e0 disposition des sujets d\u2019examens, des informations<\/p>\n","protected":false},"author":957,"featured_media":0,"parent":0,"menu_order":0,"comment_status":"closed","ping_status":"closed","template":"","meta":{"footnotes":""},"class_list":["post-2044","page","type-page","status-publish","hentry"],"_links":{"self":[{"href":"https:\/\/ent2d.ac-bordeaux.fr\/disciplines\/alimentation\/wp-json\/wp\/v2\/pages\/2044","targetHints":{"allow":["GET"]}}],"collection":[{"href":"https:\/\/ent2d.ac-bordeaux.fr\/disciplines\/alimentation\/wp-json\/wp\/v2\/pages"}],"about":[{"href":"https:\/\/ent2d.ac-bordeaux.fr\/disciplines\/alimentation\/wp-json\/wp\/v2\/types\/page"}],"author":[{"embeddable":true,"href":"https:\/\/ent2d.ac-bordeaux.fr\/disciplines\/alimentation\/wp-json\/wp\/v2\/users\/957"}],"replies":[{"embeddable":true,"href":"https:\/\/ent2d.ac-bordeaux.fr\/disciplines\/alimentation\/wp-json\/wp\/v2\/comments?post=2044"}],"version-history":[{"count":6,"href":"https:\/\/ent2d.ac-bordeaux.fr\/disciplines\/alimentation\/wp-json\/wp\/v2\/pages\/2044\/revisions"}],"predecessor-version":[{"id":2391,"href":"https:\/\/ent2d.ac-bordeaux.fr\/disciplines\/alimentation\/wp-json\/wp\/v2\/pages\/2044\/revisions\/2391"}],"wp:attachment":[{"href":"https:\/\/ent2d.ac-bordeaux.fr\/disciplines\/alimentation\/wp-json\/wp\/v2\/media?parent=2044"}],"curies":[{"name":"wp","href":"https:\/\/api.w.org\/{rel}","templated":true}]}}