{"id":2041,"date":"2025-10-26T14:23:33","date_gmt":"2025-10-26T13:23:33","guid":{"rendered":"https:\/\/ent2d.ac-bordeaux.fr\/disciplines\/alimentation\/?page_id=2041"},"modified":"2026-01-01T23:49:11","modified_gmt":"2026-01-01T22:49:11","slug":"professionnels-partenaires","status":"publish","type":"page","link":"https:\/\/ent2d.ac-bordeaux.fr\/disciplines\/alimentation\/professionnels-partenaires\/","title":{"rendered":"\u00c9tablissements &amp; Partenaires"},"content":{"rendered":"\n<p><em><a href=\"https:\/\/www.google.com\/maps\/d\/u\/0\/edit?mid=1GXQCd6JGXgtqLk4ncPwDJjTOnffsiW8&amp;usp=sharing\">Carte des \u00e9tablissements et des centres de formation<\/a><\/em><\/p>\n\n\n\n<figure class=\"wp-block-image size-full is-resized\"><a href=\"https:\/\/www.google.com\/maps\/d\/u\/0\/edit?mid=1GXQCd6JGXgtqLk4ncPwDJjTOnffsiW8&amp;usp=sharing\"><img loading=\"lazy\" decoding=\"async\" width=\"791\" height=\"749\" src=\"https:\/\/ent2d.ac-bordeaux.fr\/disciplines\/alimentation\/wp-content\/uploads\/sites\/56\/2026\/01\/carte-formation-interactive_AC-BORDEAUX.jpg\" alt=\"\" class=\"wp-image-2309\" style=\"width:795px;height:auto\" srcset=\"https:\/\/ent2d.ac-bordeaux.fr\/disciplines\/alimentation\/wp-content\/uploads\/sites\/56\/2026\/01\/carte-formation-interactive_AC-BORDEAUX.jpg 791w, https:\/\/ent2d.ac-bordeaux.fr\/disciplines\/alimentation\/wp-content\/uploads\/sites\/56\/2026\/01\/carte-formation-interactive_AC-BORDEAUX-300x284.jpg 300w, https:\/\/ent2d.ac-bordeaux.fr\/disciplines\/alimentation\/wp-content\/uploads\/sites\/56\/2026\/01\/carte-formation-interactive_AC-BORDEAUX-768x727.jpg 768w\" sizes=\"auto, (max-width: 791px) 100vw, 791px\" \/><\/a><\/figure>\n\n\n\n<div class=\"wp-block-columns are-vertically-aligned-center is-layout-flex wp-container-core-columns-is-layout-28f84493 wp-block-columns-is-layout-flex\">\n<div class=\"wp-block-column is-layout-flow wp-block-column-is-layout-flow\" style=\"flex-basis:39%\">\n<figure class=\"wp-block-image alignright size-full is-resized\"><img loading=\"lazy\" decoding=\"async\" width=\"451\" height=\"216\" src=\"https:\/\/ent2d.ac-bordeaux.fr\/disciplines\/alimentation\/wp-content\/uploads\/sites\/56\/2025\/10\/image-Biarritz.jpg\" alt=\"\" class=\"wp-image-2117\" style=\"width:317px;height:auto\" srcset=\"https:\/\/ent2d.ac-bordeaux.fr\/disciplines\/alimentation\/wp-content\/uploads\/sites\/56\/2025\/10\/image-Biarritz.jpg 451w, https:\/\/ent2d.ac-bordeaux.fr\/disciplines\/alimentation\/wp-content\/uploads\/sites\/56\/2025\/10\/image-Biarritz-300x144.jpg 300w\" sizes=\"auto, (max-width: 451px) 100vw, 451px\" \/><\/figure>\n<\/div>\n\n\n\n<div class=\"wp-block-column is-layout-flow wp-block-column-is-layout-flow\" style=\"flex-basis:61%\">\n<h2 class=\"wp-block-heading has-white-background-color has-background has-medium-font-size\">Lyc\u00e9e polyvalent Biarritz Atlantique &#8211; BIARRITZ <span class=\"fr-icon-map-pin-2-line\" aria-hidden=\"true\"><\/span> 2, rue F. Jammes bp 167&nbsp;\u2013&nbsp;64204 BIARRITZ<span class=\"fr-icon-phone-line\" aria-hidden=\"true\"><\/span> &#8211; Tel : 05 59 41 27 28  <\/h2>\n\n\n\n<h2 class=\"wp-block-heading has-white-background-color has-background has-medium-font-size\"><a href=\"https:\/\/www.ecolehotelierebiarritz.fr\/\" target=\"_blank\" rel=\"noreferrer noopener\">Site Web<\/a><\/h2>\n\n\n\n<hr class=\"wp-block-separator has-alpha-channel-opacity\" \/>\n<\/div>\n<\/div>\n\n\n\n<div class=\"wp-block-columns are-vertically-aligned-center is-layout-flex wp-container-core-columns-is-layout-28f84493 wp-block-columns-is-layout-flex\">\n<div class=\"wp-block-column is-layout-flow wp-block-column-is-layout-flow\" style=\"flex-basis:39%\">\n<figure class=\"wp-block-image alignright size-full is-resized\"><img loading=\"lazy\" decoding=\"async\" width=\"401\" height=\"125\" src=\"https:\/\/ent2d.ac-bordeaux.fr\/disciplines\/alimentation\/wp-content\/uploads\/sites\/56\/2025\/10\/image-Talence.v2.png\" alt=\"\" class=\"wp-image-2131\" style=\"width:318px;height:auto\" srcset=\"https:\/\/ent2d.ac-bordeaux.fr\/disciplines\/alimentation\/wp-content\/uploads\/sites\/56\/2025\/10\/image-Talence.v2.png 401w, https:\/\/ent2d.ac-bordeaux.fr\/disciplines\/alimentation\/wp-content\/uploads\/sites\/56\/2025\/10\/image-Talence.v2-300x94.png 300w\" sizes=\"auto, (max-width: 401px) 100vw, 401px\" \/><\/figure>\n<\/div>\n\n\n\n<div class=\"wp-block-column is-layout-flow wp-block-column-is-layout-flow\" style=\"flex-basis:61%\">\n<h3 class=\"wp-block-heading has-medium-font-size\">Lyc\u00e9e des m\u00e9tiers de l&rsquo;h\u00f4tellerie et du tourisme de Gascogne &#8211; TALENCE Avenue Fran\u00e7ois Rabelais&nbsp;\u2013&nbsp;33400 TALENCE &#8211; Tel : 05 56 84 47 50<\/h3>\n\n\n\n<h2 class=\"wp-block-heading has-white-background-color has-background has-medium-font-size\"><a href=\"https:\/\/www.lyceedegascogne.fr\/\" data-type=\"link\" data-id=\"https:\/\/www.lyceedegascogne.fr\/\" target=\"_blank\" rel=\"noreferrer noopener\">Site web<\/a><\/h2>\n\n\n\n<hr class=\"wp-block-separator has-alpha-channel-opacity\" \/>\n<\/div>\n<\/div>\n\n\n\n<div class=\"wp-block-columns are-vertically-aligned-center is-layout-flex wp-container-core-columns-is-layout-28f84493 wp-block-columns-is-layout-flex\">\n<div class=\"wp-block-column is-layout-flow wp-block-column-is-layout-flow\" style=\"flex-basis:39%\">\n<figure class=\"wp-block-image alignright size-full is-resized\"><img loading=\"lazy\" decoding=\"async\" width=\"397\" height=\"324\" src=\"https:\/\/ent2d.ac-bordeaux.fr\/disciplines\/alimentation\/wp-content\/uploads\/sites\/56\/2025\/10\/image-Morlaas.jpg\" alt=\"\" class=\"wp-image-2129\" style=\"width:274px;height:auto\" srcset=\"https:\/\/ent2d.ac-bordeaux.fr\/disciplines\/alimentation\/wp-content\/uploads\/sites\/56\/2025\/10\/image-Morlaas.jpg 397w, https:\/\/ent2d.ac-bordeaux.fr\/disciplines\/alimentation\/wp-content\/uploads\/sites\/56\/2025\/10\/image-Morlaas-300x245.jpg 300w\" sizes=\"auto, (max-width: 397px) 100vw, 397px\" \/><\/figure>\n<\/div>\n\n\n\n<div class=\"wp-block-column is-layout-flow wp-block-column-is-layout-flow\" style=\"flex-basis:61%\">\n<h3 class=\"wp-block-heading has-medium-font-size\">Lyc\u00e9e professionnel Haute Vue &#8211; PAU-MORLA\u00c0S Avenue des Cimes&nbsp;\u2013&nbsp;64160 PAU-MORLA\u00c0S &#8211; Tel : 05 59 33 02 51<\/h3>\n\n\n\n<h2 class=\"wp-block-heading has-white-background-color has-background has-medium-font-size\"><a href=\"https:\/\/www.lyceeprofessionnel-morlaas.fr\/\" data-type=\"link\" data-id=\"https:\/\/www.lyceeprofessionnel-morlaas.fr\/\" target=\"_blank\" rel=\"noreferrer noopener\">Site web<\/a><\/h2>\n\n\n\n<hr class=\"wp-block-separator has-alpha-channel-opacity\" \/>\n<\/div>\n<\/div>\n\n\n\n<div class=\"wp-block-columns are-vertically-aligned-center is-layout-flex wp-container-core-columns-is-layout-28f84493 wp-block-columns-is-layout-flex\">\n<div class=\"wp-block-column is-layout-flow wp-block-column-is-layout-flow\" style=\"flex-basis:39%\">\n<figure class=\"wp-block-image alignright size-full is-resized\"><img loading=\"lazy\" decoding=\"async\" width=\"200\" height=\"200\" src=\"https:\/\/ent2d.ac-bordeaux.fr\/disciplines\/alimentation\/wp-content\/uploads\/sites\/56\/2025\/10\/image-Capbreton.jpg\" alt=\"\" class=\"wp-image-2135\" style=\"width:228px;height:auto\" srcset=\"https:\/\/ent2d.ac-bordeaux.fr\/disciplines\/alimentation\/wp-content\/uploads\/sites\/56\/2025\/10\/image-Capbreton.jpg 200w, https:\/\/ent2d.ac-bordeaux.fr\/disciplines\/alimentation\/wp-content\/uploads\/sites\/56\/2025\/10\/image-Capbreton-150x150.jpg 150w\" sizes=\"auto, (max-width: 200px) 100vw, 200px\" \/><\/figure>\n<\/div>\n\n\n\n<div class=\"wp-block-column is-layout-flow wp-block-column-is-layout-flow\" style=\"flex-basis:61%\">\n<h3 class=\"wp-block-heading has-medium-font-size\">Lyc\u00e9e des m\u00e9tiers de l&rsquo;h\u00f4tellerie et du commerce Louis Darmant\u00e9 &#8211; CAPBRETON 23 rue Jean Baptiste Gabarra&nbsp;\u2013&nbsp;40130 CAPBRETON &#8211; Tel : 05 58 72 10 38<\/h3>\n\n\n\n<h2 class=\"wp-block-heading has-white-background-color has-background has-medium-font-size\"><a href=\"https:\/\/www.lpr-darmante-capbreton.fr\/\" data-type=\"link\" data-id=\"https:\/\/www.lpr-darmante-capbreton.fr\/\" target=\"_blank\" rel=\"noreferrer noopener\">Site web<\/a><\/h2>\n\n\n\n<hr class=\"wp-block-separator has-alpha-channel-opacity\" \/>\n<\/div>\n<\/div>\n\n\n\n<div class=\"wp-block-columns are-vertically-aligned-center is-layout-flex wp-container-core-columns-is-layout-28f84493 wp-block-columns-is-layout-flex\">\n<div class=\"wp-block-column is-layout-flow wp-block-column-is-layout-flow\" style=\"flex-basis:39%\">\n<figure class=\"wp-block-image alignright size-full is-resized\"><img loading=\"lazy\" decoding=\"async\" width=\"409\" height=\"123\" src=\"https:\/\/ent2d.ac-bordeaux.fr\/disciplines\/alimentation\/wp-content\/uploads\/sites\/56\/2025\/10\/image-St-Jean-Pied-de-Port.png\" alt=\"\" class=\"wp-image-2138\" style=\"width:325px;height:auto\" srcset=\"https:\/\/ent2d.ac-bordeaux.fr\/disciplines\/alimentation\/wp-content\/uploads\/sites\/56\/2025\/10\/image-St-Jean-Pied-de-Port.png 409w, https:\/\/ent2d.ac-bordeaux.fr\/disciplines\/alimentation\/wp-content\/uploads\/sites\/56\/2025\/10\/image-St-Jean-Pied-de-Port-300x90.png 300w\" sizes=\"auto, (max-width: 409px) 100vw, 409px\" \/><\/figure>\n<\/div>\n\n\n\n<div class=\"wp-block-column is-layout-flow wp-block-column-is-layout-flow\" style=\"flex-basis:61%\">\n<h3 class=\"wp-block-heading has-medium-font-size\">Lyc\u00e9e polyvalent de Navarre &#8211; SAINT-JEAN-PIED-DE-PORT Avenue du Ja\u00ef Ala\u00ef BP 1&nbsp;\u2013&nbsp;64 220 SAINT-JEAN-PIED-DE-PORT &#8211; Tel : 05 59 37 99 40<\/h3>\n\n\n\n<h2 class=\"wp-block-heading has-white-background-color has-background has-medium-font-size\"><a href=\"https:\/\/lyceedenavarre.org\/\" data-type=\"link\" data-id=\"https:\/\/lyceedenavarre.org\/\" target=\"_blank\" rel=\"noreferrer noopener\">Site web<\/a><\/h2>\n\n\n\n<hr class=\"wp-block-separator has-alpha-channel-opacity\" \/>\n<\/div>\n<\/div>\n\n\n\n<div class=\"wp-block-columns are-vertically-aligned-center is-layout-flex wp-container-core-columns-is-layout-28f84493 wp-block-columns-is-layout-flex\">\n<div class=\"wp-block-column is-layout-flow wp-block-column-is-layout-flow\" style=\"flex-basis:39%\">\n<figure class=\"wp-block-image alignright size-full is-resized\"><img loading=\"lazy\" decoding=\"async\" width=\"378\" height=\"133\" src=\"https:\/\/ent2d.ac-bordeaux.fr\/disciplines\/alimentation\/wp-content\/uploads\/sites\/56\/2025\/10\/image-Blanquefort.png\" alt=\"\" class=\"wp-image-2141\" style=\"width:298px;height:auto\" srcset=\"https:\/\/ent2d.ac-bordeaux.fr\/disciplines\/alimentation\/wp-content\/uploads\/sites\/56\/2025\/10\/image-Blanquefort.png 378w, https:\/\/ent2d.ac-bordeaux.fr\/disciplines\/alimentation\/wp-content\/uploads\/sites\/56\/2025\/10\/image-Blanquefort-300x106.png 300w\" sizes=\"auto, (max-width: 378px) 100vw, 378px\" \/><\/figure>\n<\/div>\n\n\n\n<div class=\"wp-block-column is-layout-flow wp-block-column-is-layout-flow\" style=\"flex-basis:61%\">\n<h3 class=\"wp-block-heading has-medium-font-size\">Lyc\u00e9e professionnel priv\u00e9 Saint-Michel &#8211; <\/h3>\n\n\n\n<h3 class=\"wp-block-heading has-medium-font-size\">20 avenue du G\u00e9n\u00e9ral de Gaulle&nbsp;\u2013&nbsp;33290 BLANQUEFORT <\/h3>\n\n\n\n<h3 class=\"wp-block-heading has-medium-font-size\">&#8211; Tel : 05 56 95 56 00<\/h3>\n\n\n\n<h2 class=\"wp-block-heading has-white-background-color has-background has-medium-font-size\"><a href=\"https:\/\/lycee-saint-michel33.fr\/\" data-type=\"link\" data-id=\"https:\/\/lyceedenavarre.org\/\" target=\"_blank\" rel=\"noreferrer noopener\">Site web<\/a><\/h2>\n\n\n\n<hr class=\"wp-block-separator has-alpha-channel-opacity\" \/>\n<\/div>\n<\/div>\n\n\n\n<div class=\"wp-block-columns are-vertically-aligned-center is-layout-flex wp-container-core-columns-is-layout-28f84493 wp-block-columns-is-layout-flex\">\n<div class=\"wp-block-column is-layout-flow wp-block-column-is-layout-flow\" style=\"flex-basis:39%\">\n<figure class=\"wp-block-image alignright size-full is-resized\"><img loading=\"lazy\" decoding=\"async\" width=\"911\" height=\"279\" src=\"https:\/\/ent2d.ac-bordeaux.fr\/disciplines\/alimentation\/wp-content\/uploads\/sites\/56\/2025\/10\/image-Lot-et-Garonne.jpg\" alt=\"\" class=\"wp-image-2146\" style=\"width:298px;height:auto\" srcset=\"https:\/\/ent2d.ac-bordeaux.fr\/disciplines\/alimentation\/wp-content\/uploads\/sites\/56\/2025\/10\/image-Lot-et-Garonne.jpg 911w, https:\/\/ent2d.ac-bordeaux.fr\/disciplines\/alimentation\/wp-content\/uploads\/sites\/56\/2025\/10\/image-Lot-et-Garonne-300x92.jpg 300w, https:\/\/ent2d.ac-bordeaux.fr\/disciplines\/alimentation\/wp-content\/uploads\/sites\/56\/2025\/10\/image-Lot-et-Garonne-768x235.jpg 768w\" sizes=\"auto, (max-width: 911px) 100vw, 911px\" \/><\/figure>\n<\/div>\n\n\n\n<div class=\"wp-block-column is-layout-flow wp-block-column-is-layout-flow\" style=\"flex-basis:61%\">\n<p class=\"has-medium-font-size\">LPO Georges Leygues \u2013 Louis Couffignal<br>BP 306 Avenue d\u2019Agen &#8211; 47307 VILLENEUVE-SUR-LOT &#8211; Site Louis Couffignal &#8211; Tel : 05.53.36.24.80<\/p>\n\n\n\n<p><\/p>\n\n\n\n<h2 class=\"wp-block-heading has-white-background-color has-background has-medium-font-size\"><a href=\"http:\/\/lyceeleyguescouffignal.fr\/\" data-type=\"link\" data-id=\"https:\/\/lyceedenavarre.org\/\" target=\"_blank\" rel=\"noreferrer noopener\">Site web<\/a><\/h2>\n\n\n\n<hr class=\"wp-block-separator has-alpha-channel-opacity\" \/>\n<\/div>\n<\/div>\n\n\n\n<div class=\"wp-block-columns are-vertically-aligned-center is-layout-flex wp-container-core-columns-is-layout-28f84493 wp-block-columns-is-layout-flex\">\n<div class=\"wp-block-column is-layout-flow wp-block-column-is-layout-flow\" style=\"flex-basis:39%\">\n<figure class=\"wp-block-image alignright size-full is-resized\"><img loading=\"lazy\" decoding=\"async\" width=\"339\" height=\"137\" src=\"https:\/\/ent2d.ac-bordeaux.fr\/disciplines\/alimentation\/wp-content\/uploads\/sites\/56\/2025\/10\/image-CMA-v2.jpg\" alt=\"\" class=\"wp-image-2154\" style=\"width:298px;height:auto\" srcset=\"https:\/\/ent2d.ac-bordeaux.fr\/disciplines\/alimentation\/wp-content\/uploads\/sites\/56\/2025\/10\/image-CMA-v2.jpg 339w, https:\/\/ent2d.ac-bordeaux.fr\/disciplines\/alimentation\/wp-content\/uploads\/sites\/56\/2025\/10\/image-CMA-v2-300x121.jpg 300w\" sizes=\"auto, (max-width: 339px) 100vw, 339px\" \/><\/figure>\n<\/div>\n\n\n\n<div class=\"wp-block-column is-layout-flow wp-block-column-is-layout-flow\" style=\"flex-basis:61%\">\n<h3 class=\"wp-block-heading has-medium-font-size\"><strong>CFA des M\u00e9tiers de la Dordogne <\/strong>&#8211; Avenue Henry Deluc&nbsp;\u2013&nbsp;24750 BOULAZAC 05 53 02 44 70<\/h3>\n\n\n\n<h3 class=\"wp-block-heading has-medium-font-size\"><strong>CFA chambre de m\u00e9tiers de la Gironde <\/strong>&#8211; 1 rue Ren\u00e9 Cassin&nbsp;\u2013&nbsp;33300 BORDEAUX-LAC &#8211; Tel : 05 57 59 25 25<\/h3>\n\n\n\n<h3 class=\"wp-block-heading has-medium-font-size\"><strong>CFA CMA des Pyr\u00e9n\u00e9es-Atlantiques<\/strong> &#8211; 34 avenue L\u00e9on Blum, Parc d&rsquo;activit\u00e9s Pau-Pyr\u00e9n\u00e9es&nbsp;\u2013&nbsp;64000 PAU &#8211; Tel : 05 59 14 85 90<\/h3>\n\n\n\n<h3 class=\"wp-block-heading has-medium-font-size\"><strong>CFA CMA des Landes <\/strong>-170 chemin Gustave Eiffel&nbsp;\u2013&nbsp;40000 MONT-DE-MARSAN &#8211; Tel : 05 58 05 81 80<\/h3>\n\n\n\n<h3 class=\"wp-block-heading has-medium-font-size\"><strong>CFA CMA des Pyr\u00e9n\u00e9es-Atlantiques<\/strong> &#8211; 25 boulevard d\u2019Aritxague&nbsp;\u2013&nbsp;64100 BAYONNE &#8211; Tel : 05 59 55 12 02<\/h3>\n\n\n\n<h3 class=\"wp-block-heading has-medium-font-size\"><strong>CFA CMA du Lot-et-Garonne<\/strong> &#8211; 2 Impasse Mor\u00e8re&nbsp;\u2013&nbsp;47000 AGEN &#8211; Tel : 05 53 77 47 75<\/h3>\n\n\n\n<p><\/p>\n\n\n\n<h2 class=\"wp-block-heading has-white-background-color has-background has-medium-font-size\"><a href=\"https:\/\/formation.cma-nouvelleaquitaine.fr\/\" data-type=\"link\" data-id=\"https:\/\/lyceedenavarre.org\/\" target=\"_blank\" rel=\"noreferrer noopener\">Site web<\/a><\/h2>\n\n\n\n<hr class=\"wp-block-separator has-alpha-channel-opacity\" \/>\n<\/div>\n<\/div>\n\n\n\n<div class=\"wp-block-columns are-vertically-aligned-center is-layout-flex wp-container-core-columns-is-layout-28f84493 wp-block-columns-is-layout-flex\">\n<div class=\"wp-block-column is-layout-flow wp-block-column-is-layout-flow\" style=\"flex-basis:39%\">\n<figure class=\"wp-block-image alignright size-full is-resized\"><img loading=\"lazy\" decoding=\"async\" width=\"224\" height=\"224\" src=\"https:\/\/ent2d.ac-bordeaux.fr\/disciplines\/alimentation\/wp-content\/uploads\/sites\/56\/2025\/10\/image-Les-compagnons.png\" alt=\"\" class=\"wp-image-2159\" style=\"width:189px;height:auto\" srcset=\"https:\/\/ent2d.ac-bordeaux.fr\/disciplines\/alimentation\/wp-content\/uploads\/sites\/56\/2025\/10\/image-Les-compagnons.png 224w, https:\/\/ent2d.ac-bordeaux.fr\/disciplines\/alimentation\/wp-content\/uploads\/sites\/56\/2025\/10\/image-Les-compagnons-150x150.png 150w\" sizes=\"auto, (max-width: 224px) 100vw, 224px\" \/><\/figure>\n<\/div>\n\n\n\n<div class=\"wp-block-column is-layout-flow wp-block-column-is-layout-flow\" style=\"flex-basis:61%\">\n<h1 class=\"wp-block-heading has-medium-font-size\">Compagnons du Devoir- Nouvelle-Aquitaine- 56 avenue de la Jall\u00e8re 33000 Bordeaux &#8211; Tel : 05 56 52 69 19<\/h1>\n\n\n\n<p><\/p>\n\n\n\n<h2 class=\"wp-block-heading has-white-background-color has-background has-medium-font-size\"><a href=\"http:\/\/lyceeleyguescouffignal.fr\/\" data-type=\"link\" data-id=\"https:\/\/lyceedenavarre.org\/\" target=\"_blank\" rel=\"noreferrer noopener\">Si<\/a><a href=\"https:\/\/compagnons-du-devoir.com\/\" data-type=\"link\" data-id=\"https:\/\/compagnons-du-devoir.com\/\" target=\"_blank\" rel=\"noreferrer noopener\">t<\/a><a href=\"http:\/\/lyceeleyguescouffignal.fr\/\" data-type=\"link\" data-id=\"https:\/\/lyceedenavarre.org\/\" target=\"_blank\" rel=\"noreferrer noopener\">e web<\/a><\/h2>\n\n\n\n<hr class=\"wp-block-separator has-alpha-channel-opacity\" \/>\n<\/div>\n<\/div>\n\n\n\n<div class=\"wp-block-columns are-vertically-aligned-center is-layout-flex wp-container-core-columns-is-layout-28f84493 wp-block-columns-is-layout-flex\">\n<div class=\"wp-block-column is-layout-flow wp-block-column-is-layout-flow\" style=\"flex-basis:39%\">\n<figure class=\"wp-block-image alignright size-full is-resized\"><img loading=\"lazy\" decoding=\"async\" width=\"404\" height=\"156\" src=\"https:\/\/ent2d.ac-bordeaux.fr\/disciplines\/alimentation\/wp-content\/uploads\/sites\/56\/2025\/10\/image-ANGLET.jpg\" alt=\"\" class=\"wp-image-2161\" style=\"width:329px;height:auto\" srcset=\"https:\/\/ent2d.ac-bordeaux.fr\/disciplines\/alimentation\/wp-content\/uploads\/sites\/56\/2025\/10\/image-ANGLET.jpg 404w, https:\/\/ent2d.ac-bordeaux.fr\/disciplines\/alimentation\/wp-content\/uploads\/sites\/56\/2025\/10\/image-ANGLET-300x116.jpg 300w\" sizes=\"auto, (max-width: 404px) 100vw, 404px\" \/><\/figure>\n<\/div>\n\n\n\n<div class=\"wp-block-column is-layout-flow wp-block-column-is-layout-flow\" style=\"flex-basis:61%\">\n<h1 class=\"wp-block-heading has-medium-font-size\">Compagnons du Tour de France d&rsquo;Anglet &#8211; 3 all\u00e9e de Bellevue- 4600 Anglet &#8211; Tel : 05 59 63 87 57<\/h1>\n\n\n\n<p><\/p>\n\n\n\n<h2 class=\"wp-block-heading has-white-background-color has-background has-medium-font-size\"><a href=\"http:\/\/lyceeleyguescouffignal.fr\/\" data-type=\"link\" data-id=\"https:\/\/lyceedenavarre.org\/\" target=\"_blank\" rel=\"noreferrer noopener\">Si<\/a><a href=\"https:\/\/compagnons-du-devoir.com\/\" data-type=\"link\" data-id=\"https:\/\/compagnons-du-devoir.com\/\" target=\"_blank\" rel=\"noreferrer noopener\">t<\/a><a href=\"https:\/\/anglet.compagnonsdutourdefrance.org\/\" data-type=\"link\" data-id=\"https:\/\/anglet.compagnonsdutourdefrance.org\/\" target=\"_blank\" rel=\"noreferrer noopener\">e web<\/a><\/h2>\n\n\n\n<hr class=\"wp-block-separator has-alpha-channel-opacity\" \/>\n<\/div>\n<\/div>\n\n\n\n<div class=\"wp-block-columns is-layout-flex wp-container-core-columns-is-layout-28f84493 wp-block-columns-is-layout-flex\">\n<div class=\"wp-block-column is-layout-flow wp-block-column-is-layout-flow\">\n<figure class=\"wp-block-image alignright size-full is-resized\"><img loading=\"lazy\" decoding=\"async\" width=\"589\" height=\"482\" src=\"https:\/\/ent2d.ac-bordeaux.fr\/disciplines\/alimentation\/wp-content\/uploads\/sites\/56\/2026\/01\/image-GRETA-CFA.jpg\" alt=\"\" class=\"wp-image-2444\" style=\"width:330px;height:auto\" srcset=\"https:\/\/ent2d.ac-bordeaux.fr\/disciplines\/alimentation\/wp-content\/uploads\/sites\/56\/2026\/01\/image-GRETA-CFA.jpg 589w, https:\/\/ent2d.ac-bordeaux.fr\/disciplines\/alimentation\/wp-content\/uploads\/sites\/56\/2026\/01\/image-GRETA-CFA-300x246.jpg 300w\" sizes=\"auto, (max-width: 589px) 100vw, 589px\" \/><\/figure>\n<\/div>\n\n\n\n<div class=\"wp-block-column is-layout-flow wp-block-column-is-layout-flow\">\n<h5 class=\"wp-block-heading\"><a href=\"https:\/\/greta-cfa-aquitaine.fr\/\" target=\"_blank\" rel=\"noreferrer noopener\">GRETA-CFA Aquitaine<\/a><\/h5>\n<\/div>\n<\/div>\n","protected":false},"excerpt":{"rendered":"<p>Carte des \u00e9tablissements et des centres de formation Lyc\u00e9e polyvalent Biarritz Atlantique &#8211; BIARRITZ 2, rue F. Jammes bp 167&nbsp;\u2013&nbsp;64204<\/p>\n","protected":false},"author":957,"featured_media":0,"parent":0,"menu_order":0,"comment_status":"closed","ping_status":"closed","template":"","meta":{"footnotes":""},"class_list":["post-2041","page","type-page","status-publish","hentry"],"_links":{"self":[{"href":"https:\/\/ent2d.ac-bordeaux.fr\/disciplines\/alimentation\/wp-json\/wp\/v2\/pages\/2041","targetHints":{"allow":["GET"]}}],"collection":[{"href":"https:\/\/ent2d.ac-bordeaux.fr\/disciplines\/alimentation\/wp-json\/wp\/v2\/pages"}],"about":[{"href":"https:\/\/ent2d.ac-bordeaux.fr\/disciplines\/alimentation\/wp-json\/wp\/v2\/types\/page"}],"author":[{"embeddable":true,"href":"https:\/\/ent2d.ac-bordeaux.fr\/disciplines\/alimentation\/wp-json\/wp\/v2\/users\/957"}],"replies":[{"embeddable":true,"href":"https:\/\/ent2d.ac-bordeaux.fr\/disciplines\/alimentation\/wp-json\/wp\/v2\/comments?post=2041"}],"version-history":[{"count":46,"href":"https:\/\/ent2d.ac-bordeaux.fr\/disciplines\/alimentation\/wp-json\/wp\/v2\/pages\/2041\/revisions"}],"predecessor-version":[{"id":2445,"href":"https:\/\/ent2d.ac-bordeaux.fr\/disciplines\/alimentation\/wp-json\/wp\/v2\/pages\/2041\/revisions\/2445"}],"wp:attachment":[{"href":"https:\/\/ent2d.ac-bordeaux.fr\/disciplines\/alimentation\/wp-json\/wp\/v2\/media?parent=2041"}],"curies":[{"name":"wp","href":"https:\/\/api.w.org\/{rel}","templated":true}]}}