{"id":2038,"date":"2025-10-26T14:22:48","date_gmt":"2025-10-26T13:22:48","guid":{"rendered":"https:\/\/ent2d.ac-bordeaux.fr\/disciplines\/alimentation\/?page_id=2038"},"modified":"2026-01-01T19:42:32","modified_gmt":"2026-01-01T18:42:32","slug":"enseignants-formateurs","status":"publish","type":"page","link":"https:\/\/ent2d.ac-bordeaux.fr\/disciplines\/alimentation\/enseignants-formateurs\/","title":{"rendered":"Enseignants &amp; formateurs"},"content":{"rendered":"\n<p class=\"has-medium-font-size\">Cette rubrique propose une s\u00e9lection de ressources institutionnelles, p\u00e9dagogiques et num\u00e9riques destin\u00e9es aux professeurs intervenant dans la fili\u00e8re alimentation.<\/p>\n\n\n\n<p class=\"has-medium-font-size\">Elle s\u2019appuie sur des ressources Nationales et Acad\u00e9miques, ainsi que sur des outils num\u00e9riques favorisant la mise en \u0153uvre des enseignements et l\u2019accompagnement des \u00e9l\u00e8ves.<\/p>\n\n\n\n<div class=\"wp-block-columns is-layout-flex wp-container-core-columns-is-layout-28f84493 wp-block-columns-is-layout-flex\">\n<div class=\"wp-block-column is-layout-flow wp-block-column-is-layout-flow\">\n<figure class=\"wp-block-image aligncenter size-full is-resized\"><a href=\"https:\/\/view.genially.com\/69562d2dae62ec746f729c82\/interactive-content-copie-1-sitealimac-bdxongletenseignantsformateurs\"><img loading=\"lazy\" decoding=\"async\" width=\"1024\" height=\"579\" src=\"https:\/\/ent2d.ac-bordeaux.fr\/disciplines\/alimentation\/wp-content\/uploads\/sites\/56\/2026\/01\/image-Info-3-Institutionnel.jpg\" alt=\"\" class=\"wp-image-2323\" style=\"width:999px;height:auto\" srcset=\"https:\/\/ent2d.ac-bordeaux.fr\/disciplines\/alimentation\/wp-content\/uploads\/sites\/56\/2026\/01\/image-Info-3-Institutionnel.jpg 1024w, https:\/\/ent2d.ac-bordeaux.fr\/disciplines\/alimentation\/wp-content\/uploads\/sites\/56\/2026\/01\/image-Info-3-Institutionnel-300x170.jpg 300w, https:\/\/ent2d.ac-bordeaux.fr\/disciplines\/alimentation\/wp-content\/uploads\/sites\/56\/2026\/01\/image-Info-3-Institutionnel-768x434.jpg 768w\" sizes=\"auto, (max-width: 1024px) 100vw, 1024px\" \/><\/a><figcaption class=\"wp-element-caption\">Cliquer sur l&rsquo;image<\/figcaption><\/figure>\n\n\n\n<figure class=\"wp-block-image size-full is-resized\"><a href=\"https:\/\/view.genially.com\/69563eafae62ec746f74414e\/interactive-content-copie-2-sitealimac-bdxongletenseignantsformateurs\"><img loading=\"lazy\" decoding=\"async\" width=\"1024\" height=\"581\" src=\"https:\/\/ent2d.ac-bordeaux.fr\/disciplines\/alimentation\/wp-content\/uploads\/sites\/56\/2026\/01\/image-3-RESSOURCES.jpg\" alt=\"\" class=\"wp-image-2325\" style=\"width:996px;height:auto\" srcset=\"https:\/\/ent2d.ac-bordeaux.fr\/disciplines\/alimentation\/wp-content\/uploads\/sites\/56\/2026\/01\/image-3-RESSOURCES.jpg 1024w, https:\/\/ent2d.ac-bordeaux.fr\/disciplines\/alimentation\/wp-content\/uploads\/sites\/56\/2026\/01\/image-3-RESSOURCES-300x170.jpg 300w, https:\/\/ent2d.ac-bordeaux.fr\/disciplines\/alimentation\/wp-content\/uploads\/sites\/56\/2026\/01\/image-3-RESSOURCES-768x436.jpg 768w\" sizes=\"auto, (max-width: 1024px) 100vw, 1024px\" \/><\/a><figcaption class=\"wp-element-caption\">Cliquer sur l&rsquo;lmage<\/figcaption><\/figure>\n<\/div>\n<\/div>\n","protected":false},"excerpt":{"rendered":"<p>Cette rubrique propose une s\u00e9lection de ressources institutionnelles, p\u00e9dagogiques et num\u00e9riques destin\u00e9es aux professeurs intervenant dans la fili\u00e8re alimentation. Elle<\/p>\n","protected":false},"author":957,"featured_media":0,"parent":0,"menu_order":0,"comment_status":"closed","ping_status":"closed","template":"","meta":{"footnotes":""},"class_list":["post-2038","page","type-page","status-publish","hentry"],"_links":{"self":[{"href":"https:\/\/ent2d.ac-bordeaux.fr\/disciplines\/alimentation\/wp-json\/wp\/v2\/pages\/2038","targetHints":{"allow":["GET"]}}],"collection":[{"href":"https:\/\/ent2d.ac-bordeaux.fr\/disciplines\/alimentation\/wp-json\/wp\/v2\/pages"}],"about":[{"href":"https:\/\/ent2d.ac-bordeaux.fr\/disciplines\/alimentation\/wp-json\/wp\/v2\/types\/page"}],"author":[{"embeddable":true,"href":"https:\/\/ent2d.ac-bordeaux.fr\/disciplines\/alimentation\/wp-json\/wp\/v2\/users\/957"}],"replies":[{"embeddable":true,"href":"https:\/\/ent2d.ac-bordeaux.fr\/disciplines\/alimentation\/wp-json\/wp\/v2\/comments?post=2038"}],"version-history":[{"count":38,"href":"https:\/\/ent2d.ac-bordeaux.fr\/disciplines\/alimentation\/wp-json\/wp\/v2\/pages\/2038\/revisions"}],"predecessor-version":[{"id":2330,"href":"https:\/\/ent2d.ac-bordeaux.fr\/disciplines\/alimentation\/wp-json\/wp\/v2\/pages\/2038\/revisions\/2330"}],"wp:attachment":[{"href":"https:\/\/ent2d.ac-bordeaux.fr\/disciplines\/alimentation\/wp-json\/wp\/v2\/media?parent=2038"}],"curies":[{"name":"wp","href":"https:\/\/api.w.org\/{rel}","templated":true}]}}