{"id":9,"date":"2022-12-16T16:23:36","date_gmt":"2022-12-16T15:23:36","guid":{"rendered":"https:\/\/ent2d.ac-bordeaux.fr\/disciplines\/3pm\/?page_id=9"},"modified":"2023-03-01T17:40:37","modified_gmt":"2023-03-01T16:40:37","slug":"sinformer","status":"publish","type":"page","link":"https:\/\/ent2d.ac-bordeaux.fr\/disciplines\/3pm\/sinformer\/","title":{"rendered":"S&rsquo;informer"},"content":{"rendered":"\n<p>La classe de troisi\u00e8me dite \u00ab pr\u00e9pa-m\u00e9tiers \u00bb<\/p>\n\n\n\n<p>La classe de 3<sup>e<\/sup> \u00ab&nbsp;pr\u00e9pa m\u00e9tiers&nbsp;\u00bb, s&rsquo;adresse tout particuli\u00e8rement \u00e0 des \u00e9l\u00e8ves volontaires qui souhaitent d\u00e9couvrir puis explorer plusieurs m\u00e9tiers pour construire leur projet d&rsquo;orientation vers la voie professionnelle ou par l&rsquo;apprentissage.<\/p>\n\n\n\n<p>Au cours de la derni\u00e8re ann\u00e9e du cycle 4 au coll\u00e8ge, les \u00e9l\u00e8ves volontaires des classes de troisi\u00e8me peuvent b\u00e9n\u00e9ficier d&rsquo;une organisation sp\u00e9cifique des enseignements dans le cadre d&rsquo;une classe de troisi\u00e8me \u00ab pr\u00e9pa-m\u00e9tiers \u00bb.<\/p>\n\n\n\n<h2 class=\"wp-block-heading\" id=\"summary-item-1\">Objectif de la 3<sup>e<\/sup> \u00ab pr\u00e9pa-m\u00e9tiers \u00bb<\/h2>\n\n\n\n<p>Il s&rsquo;agit de proposer, \u00e0 des \u00e9l\u00e8ves volontaires, \u00e0 l&rsquo;issue de la classe de quatri\u00e8me, un ensemble d&rsquo;environnements professionnels et de les accompagner dans la poursuite de l&rsquo;\u00e9laboration de leur projet d&rsquo;orientation en particulier vers la voie professionnelle ou par l&rsquo;apprentissage. La classe de 3<sup>e<\/sup> \u00ab pr\u00e9pa\u2011m\u00e9tiers \u00bb s&rsquo;inscrit dans le cadre de la personnalisation des parcours. Comme pour toute classe de troisi\u00e8me, les enseignements visent l&rsquo;acquisition de la ma\u00eetrise du socle commun de connaissances, de comp\u00e9tences et de culture. <\/p>\n\n\n\n<figure class=\"wp-block-video\"><\/figure>\n\n\n\n<h2 class=\"wp-block-heading\" id=\"summary-item-3\">Poursuite d&rsquo;\u00e9tudes<\/h2>\n\n\n\n<p>\u00c0 l&rsquo;issue de la classe de troisi\u00e8me \u00ab&nbsp;pr\u00e9pa-m\u00e9tiers&nbsp;\u00bb, les \u00e9l\u00e8ves participent \u00e0 la m\u00eame proc\u00e9dure d&rsquo;orientation et d&rsquo;affectation que les autres \u00e9l\u00e8ves. L&rsquo;acc\u00e8s aux formations professionnelles de ces \u00e9l\u00e8ves est favoris\u00e9 par une bonification, sous l&rsquo;autorit\u00e9 du recteur d&rsquo;acad\u00e9mie, dans le traitement de leur demande d&rsquo;affectation vers la voie professionnelle.<\/p>\n\n\n\n<p>La poursuite d&rsquo;\u00e9tudes se fait, le plus souvent, vers une seconde professionnelle ou vers l&rsquo;apprentissage, rien ne leur interdit la poursuite d&rsquo;\u00e9tudes vers la voie g\u00e9n\u00e9rale ou technologique.<\/p>\n\n\n\n<p><\/p>\n","protected":false},"excerpt":{"rendered":"<p>La classe de troisi\u00e8me dite \u00ab pr\u00e9pa-m\u00e9tiers \u00bb La classe de 3e \u00ab&nbsp;pr\u00e9pa m\u00e9tiers&nbsp;\u00bb, s&rsquo;adresse tout particuli\u00e8rement \u00e0 des \u00e9l\u00e8ves volontaires qui souhaitent d\u00e9couvrir puis explorer plusieurs m\u00e9tiers pour construire leur projet d&rsquo;orientation vers la voie professionnelle ou par l&rsquo;apprentissage. Au cours de la derni\u00e8re ann\u00e9e du cycle 4 au coll\u00e8ge, les \u00e9l\u00e8ves volontaires des &hellip; <\/p>\n<p><a class=\"more-link btn\" href=\"https:\/\/ent2d.ac-bordeaux.fr\/disciplines\/3pm\/sinformer\/\">Lire la suite<\/a><\/p>\n","protected":false},"author":95,"featured_media":0,"parent":0,"menu_order":0,"comment_status":"closed","ping_status":"closed","template":"","meta":{"footnotes":""},"class_list":["post-9","page","type-page","status-publish","hentry","nodate","item-wrap"],"_links":{"self":[{"href":"https:\/\/ent2d.ac-bordeaux.fr\/disciplines\/3pm\/wp-json\/wp\/v2\/pages\/9","targetHints":{"allow":["GET"]}}],"collection":[{"href":"https:\/\/ent2d.ac-bordeaux.fr\/disciplines\/3pm\/wp-json\/wp\/v2\/pages"}],"about":[{"href":"https:\/\/ent2d.ac-bordeaux.fr\/disciplines\/3pm\/wp-json\/wp\/v2\/types\/page"}],"author":[{"embeddable":true,"href":"https:\/\/ent2d.ac-bordeaux.fr\/disciplines\/3pm\/wp-json\/wp\/v2\/users\/95"}],"replies":[{"embeddable":true,"href":"https:\/\/ent2d.ac-bordeaux.fr\/disciplines\/3pm\/wp-json\/wp\/v2\/comments?post=9"}],"version-history":[{"count":5,"href":"https:\/\/ent2d.ac-bordeaux.fr\/disciplines\/3pm\/wp-json\/wp\/v2\/pages\/9\/revisions"}],"predecessor-version":[{"id":406,"href":"https:\/\/ent2d.ac-bordeaux.fr\/disciplines\/3pm\/wp-json\/wp\/v2\/pages\/9\/revisions\/406"}],"wp:attachment":[{"href":"https:\/\/ent2d.ac-bordeaux.fr\/disciplines\/3pm\/wp-json\/wp\/v2\/media?parent=9"}],"curies":[{"name":"wp","href":"https:\/\/api.w.org\/{rel}","templated":true}]}}