{"id":719,"date":"2026-01-09T15:19:27","date_gmt":"2026-01-09T14:19:27","guid":{"rendered":"https:\/\/ent2d.ac-bordeaux.fr\/disciplines\/3pm\/?page_id=719"},"modified":"2026-01-09T15:27:36","modified_gmt":"2026-01-09T14:27:36","slug":"modalites-dattribution-du-diplome-national-du-brevet","status":"publish","type":"page","link":"https:\/\/ent2d.ac-bordeaux.fr\/disciplines\/3pm\/evaluation-par-competences\/modalites-dattribution-du-diplome-national-du-brevet\/","title":{"rendered":"Modalit\u00e9s d&rsquo;attribution du dipl\u00f4me national du brevet"},"content":{"rendered":"\n<p>\u00c0 compter de la session 2026, les modalit\u00e9s d\u2019attribution du dipl\u00f4me national du brevet (DNB) \u00e9voluent. Pour les candidats scolaires, l&rsquo;obtention du dipl\u00f4me national du brevet (DNB) r\u00e9sulte des moyennes annuelles de toutes les disciplines obtenues en classe de 3<sup>e<\/sup> et des r\u00e9sultats obtenus aux \u00e9preuves terminales de l&rsquo;examen. Les candidats individuels sont \u00e9valu\u00e9s par les \u00e9preuves \u00e9crites de l\u2019examen terminal et une \u00e9preuve \u00e9crite de langue vivante \u00e9trang\u00e8re.<\/p>\n\n\n\n<p>Un m\u00e9mento, \u00e0 destination des professeurs, des chefs d\u2019\u00e9tablissement et des inspecteurs, rappelle les principes communs de l\u2019\u00e9valuation au service des apprentissages et pr\u00e9cise le cadre du contr\u00f4le continu du dipl\u00f4me national du brevet (DNB) \u00e0 compter de la session 2026.&nbsp;<\/p>\n\n\n\n<p>Il fournit des rep\u00e8res p\u00e9dagogiques, r\u00e9glementaires et pratiques pour accompagner les \u00e9quipes dans l\u2019\u00e9valuation des \u00e9l\u00e8ves de 3e dans le cadre des nouvelles modalit\u00e9s d\u2019attribution du DNB.<\/p>\n\n\n\n<figure class=\"wp-block-image size-full\"><a href=\"https:\/\/eduscol.education.fr\/713\/modalites-d-attribution-du-diplome-national-du-brevet\"><img loading=\"lazy\" decoding=\"async\" width=\"481\" height=\"135\" src=\"https:\/\/ent2d.ac-bordeaux.fr\/disciplines\/3pm\/wp-content\/uploads\/sites\/74\/2026\/01\/image-2.png\" alt=\"\" class=\"wp-image-720\" srcset=\"https:\/\/ent2d.ac-bordeaux.fr\/disciplines\/3pm\/wp-content\/uploads\/sites\/74\/2026\/01\/image-2.png 481w, https:\/\/ent2d.ac-bordeaux.fr\/disciplines\/3pm\/wp-content\/uploads\/sites\/74\/2026\/01\/image-2-300x84.png 300w\" sizes=\"auto, (max-width: 481px) 100vw, 481px\" \/><\/a><\/figure>\n\n\n\n<div class=\"wp-block-file\"><a id=\"wp-block-file--media-9cff5e82-db01-488b-8e2d-f56ef370a381\" href=\"https:\/\/ent2d.ac-bordeaux.fr\/disciplines\/3pm\/wp-content\/uploads\/sites\/74\/2026\/01\/2025-memento_controle_continu_3e.pdf\">2025-memento_contr\u00f4le_continu_3e<\/a><a href=\"https:\/\/ent2d.ac-bordeaux.fr\/disciplines\/3pm\/wp-content\/uploads\/sites\/74\/2026\/01\/2025-memento_controle_continu_3e.pdf\" class=\"wp-block-file__button wp-element-button\" download aria-describedby=\"wp-block-file--media-9cff5e82-db01-488b-8e2d-f56ef370a381\">T\u00e9l\u00e9charger<\/a><\/div>\n\n\n\n<p><\/p>\n","protected":false},"excerpt":{"rendered":"<p>\u00c0 compter de la session 2026, les modalit\u00e9s d\u2019attribution du dipl\u00f4me national du brevet (DNB) \u00e9voluent. Pour les candidats scolaires, l&rsquo;obtention du dipl\u00f4me national du brevet (DNB) r\u00e9sulte des moyennes annuelles de toutes les disciplines obtenues en classe de 3e et des r\u00e9sultats obtenus aux \u00e9preuves terminales de l&rsquo;examen. Les candidats individuels sont \u00e9valu\u00e9s par &hellip; <\/p>\n<p><a class=\"more-link btn\" href=\"https:\/\/ent2d.ac-bordeaux.fr\/disciplines\/3pm\/evaluation-par-competences\/modalites-dattribution-du-diplome-national-du-brevet\/\">Lire la suite<\/a><\/p>\n","protected":false},"author":95,"featured_media":0,"parent":40,"menu_order":0,"comment_status":"closed","ping_status":"closed","template":"","meta":{"footnotes":""},"class_list":["post-719","page","type-page","status-publish","hentry","nodate","item-wrap"],"_links":{"self":[{"href":"https:\/\/ent2d.ac-bordeaux.fr\/disciplines\/3pm\/wp-json\/wp\/v2\/pages\/719","targetHints":{"allow":["GET"]}}],"collection":[{"href":"https:\/\/ent2d.ac-bordeaux.fr\/disciplines\/3pm\/wp-json\/wp\/v2\/pages"}],"about":[{"href":"https:\/\/ent2d.ac-bordeaux.fr\/disciplines\/3pm\/wp-json\/wp\/v2\/types\/page"}],"author":[{"embeddable":true,"href":"https:\/\/ent2d.ac-bordeaux.fr\/disciplines\/3pm\/wp-json\/wp\/v2\/users\/95"}],"replies":[{"embeddable":true,"href":"https:\/\/ent2d.ac-bordeaux.fr\/disciplines\/3pm\/wp-json\/wp\/v2\/comments?post=719"}],"version-history":[{"count":3,"href":"https:\/\/ent2d.ac-bordeaux.fr\/disciplines\/3pm\/wp-json\/wp\/v2\/pages\/719\/revisions"}],"predecessor-version":[{"id":726,"href":"https:\/\/ent2d.ac-bordeaux.fr\/disciplines\/3pm\/wp-json\/wp\/v2\/pages\/719\/revisions\/726"}],"up":[{"embeddable":true,"href":"https:\/\/ent2d.ac-bordeaux.fr\/disciplines\/3pm\/wp-json\/wp\/v2\/pages\/40"}],"wp:attachment":[{"href":"https:\/\/ent2d.ac-bordeaux.fr\/disciplines\/3pm\/wp-json\/wp\/v2\/media?parent=719"}],"curies":[{"name":"wp","href":"https:\/\/api.w.org\/{rel}","templated":true}]}}