{"id":674,"date":"2025-09-23T19:54:17","date_gmt":"2025-09-23T17:54:17","guid":{"rendered":"https:\/\/ent2d.ac-bordeaux.fr\/disciplines\/3pm\/?page_id=674"},"modified":"2025-09-23T19:54:17","modified_gmt":"2025-09-23T17:54:17","slug":"le-lycee-professionnel","status":"publish","type":"page","link":"https:\/\/ent2d.ac-bordeaux.fr\/disciplines\/3pm\/le-lycee-professionnel\/","title":{"rendered":"Le lyc\u00e9e professionnel"},"content":{"rendered":"\n<h1 class=\"wp-block-heading\"><\/h1>\n\n\n\n<p>En lyc\u00e9e professionnel, les \u00e9l\u00e8ves pr\u00e9parent un bac professionnel en 3\u00a0ans ou un CAP en 2\u00a0ans. Ils suivent des enseignements g\u00e9n\u00e9raux et professionnels, d\u00e9couvrent le monde du travail et b\u00e9n\u00e9ficient d&rsquo;un accompagnement.<\/p>\n\n\n\n<figure class=\"wp-block-image size-full\"><a href=\"https:\/\/www.onisep.fr\/orientation\/le-lycee\/le-lycee-professionnel\"><img loading=\"lazy\" decoding=\"async\" width=\"368\" height=\"89\" src=\"https:\/\/ent2d.ac-bordeaux.fr\/disciplines\/3pm\/wp-content\/uploads\/sites\/74\/2025\/09\/image-1.png\" alt=\"\" class=\"wp-image-675\" srcset=\"https:\/\/ent2d.ac-bordeaux.fr\/disciplines\/3pm\/wp-content\/uploads\/sites\/74\/2025\/09\/image-1.png 368w, https:\/\/ent2d.ac-bordeaux.fr\/disciplines\/3pm\/wp-content\/uploads\/sites\/74\/2025\/09\/image-1-300x73.png 300w\" sizes=\"auto, (max-width: 368px) 100vw, 368px\" \/><\/a><\/figure>\n","protected":false},"excerpt":{"rendered":"<p>En lyc\u00e9e professionnel, les \u00e9l\u00e8ves pr\u00e9parent un bac professionnel en 3\u00a0ans ou un CAP en 2\u00a0ans. Ils suivent des enseignements g\u00e9n\u00e9raux et professionnels, d\u00e9couvrent le monde du travail et b\u00e9n\u00e9ficient d&rsquo;un accompagnement.<\/p>\n","protected":false},"author":95,"featured_media":0,"parent":0,"menu_order":0,"comment_status":"closed","ping_status":"closed","template":"","meta":{"footnotes":""},"class_list":["post-674","page","type-page","status-publish","hentry","nodate","item-wrap"],"_links":{"self":[{"href":"https:\/\/ent2d.ac-bordeaux.fr\/disciplines\/3pm\/wp-json\/wp\/v2\/pages\/674","targetHints":{"allow":["GET"]}}],"collection":[{"href":"https:\/\/ent2d.ac-bordeaux.fr\/disciplines\/3pm\/wp-json\/wp\/v2\/pages"}],"about":[{"href":"https:\/\/ent2d.ac-bordeaux.fr\/disciplines\/3pm\/wp-json\/wp\/v2\/types\/page"}],"author":[{"embeddable":true,"href":"https:\/\/ent2d.ac-bordeaux.fr\/disciplines\/3pm\/wp-json\/wp\/v2\/users\/95"}],"replies":[{"embeddable":true,"href":"https:\/\/ent2d.ac-bordeaux.fr\/disciplines\/3pm\/wp-json\/wp\/v2\/comments?post=674"}],"version-history":[{"count":1,"href":"https:\/\/ent2d.ac-bordeaux.fr\/disciplines\/3pm\/wp-json\/wp\/v2\/pages\/674\/revisions"}],"predecessor-version":[{"id":676,"href":"https:\/\/ent2d.ac-bordeaux.fr\/disciplines\/3pm\/wp-json\/wp\/v2\/pages\/674\/revisions\/676"}],"wp:attachment":[{"href":"https:\/\/ent2d.ac-bordeaux.fr\/disciplines\/3pm\/wp-json\/wp\/v2\/media?parent=674"}],"curies":[{"name":"wp","href":"https:\/\/api.w.org\/{rel}","templated":true}]}}