{"id":625,"date":"2024-04-25T09:48:59","date_gmt":"2024-04-25T07:48:59","guid":{"rendered":"https:\/\/ent2d.ac-bordeaux.fr\/disciplines\/3pm\/?page_id=625"},"modified":"2024-07-02T10:41:14","modified_gmt":"2024-07-02T08:41:14","slug":"seminaire-academique-2024","status":"publish","type":"page","link":"https:\/\/ent2d.ac-bordeaux.fr\/disciplines\/3pm\/seminaire-academique-2024\/","title":{"rendered":"S\u00e9minaire acad\u00e9mique 2024"},"content":{"rendered":"\n<div data-wp-interactive=\"core\/file\" class=\"wp-block-file aligncenter\"><object data-wp-bind--hidden=\"!state.hasPdfPreview\" hidden class=\"wp-block-file__embed\" data=\"https:\/\/ent2d.ac-bordeaux.fr\/disciplines\/3pm\/wp-content\/uploads\/sites\/74\/2024\/07\/1_Seminaires-3PM-presentation-du-seminaire-et-snthese-des-journees.pdf\" type=\"application\/pdf\" style=\"width:100%;height:600px\" aria-label=\"Contenu embarqu\u00e9 1_Seminaires-3PM-presentation-du-seminaire-et-snthese-des-journees.\"><\/object><a id=\"wp-block-file--media-5310c542-3232-4ff5-a89d-0c27e8007836\" href=\"https:\/\/ent2d.ac-bordeaux.fr\/disciplines\/3pm\/wp-content\/uploads\/sites\/74\/2024\/07\/1_Seminaires-3PM-presentation-du-seminaire-et-snthese-des-journees.pdf\">1_Seminaires-3PM-presentation-du-seminaire-et-snthese-des-journees<\/a><a href=\"https:\/\/ent2d.ac-bordeaux.fr\/disciplines\/3pm\/wp-content\/uploads\/sites\/74\/2024\/07\/1_Seminaires-3PM-presentation-du-seminaire-et-snthese-des-journees.pdf\" class=\"wp-block-file__button wp-element-button\" download aria-describedby=\"wp-block-file--media-5310c542-3232-4ff5-a89d-0c27e8007836\">T\u00e9l\u00e9charger<\/a><\/div>\n\n\n\n<figure class=\"wp-block-table\"><table><tbody><tr><td>1_<a href=\"https:\/\/ent2d.ac-bordeaux.fr\/disciplines\/3pm\/wp-content\/uploads\/sites\/74\/2024\/07\/1_Seminaires-3PM-presentation-du-seminaire-et-snthese-des-journees.pdf\">S\u00e9minaires 3PM pr\u00e9sentation du s\u00e9minaire et synth\u00e8se des journ\u00e9es<\/a><\/td><td><\/td><\/tr><tr><td>2_<a href=\"https:\/\/ent2d.ac-bordeaux.fr\/disciplines\/3pm\/wp-content\/uploads\/sites\/74\/2024\/07\/2_Seminaire-3PM.pdf\">S\u00e9minaire 3PM<\/a> (pr\u00e9sentation compl\u00e8te)<\/td><td><\/td><\/tr><tr><td>3_<a href=\"https:\/\/ent2d.ac-bordeaux.fr\/disciplines\/3pm\/wp-content\/uploads\/sites\/74\/2024\/07\/3ePM-Presentation-ONISEP.pdf\">3ePM Pr\u00e9sentation ONISEP<\/a><\/td><td><\/td><\/tr><tr><td><a href=\"https:\/\/ent2d.ac-bordeaux.fr\/disciplines\/3pm\/wp-content\/uploads\/sites\/74\/2024\/07\/Atelier-1-Orientation.zip\">Atelier 1 &#8211; Orientation<\/a><\/td><td><\/td><\/tr><tr><td><a href=\"https:\/\/ent2d.ac-bordeaux.fr\/disciplines\/3pm\/wp-content\/uploads\/sites\/74\/2024\/07\/Atelier-3-Demarche-de-projet.zip\">Atelier 3 &#8211; D\u00e9marche de projet<\/a><\/td><td><\/td><\/tr><tr><td><a href=\"https:\/\/ent2d.ac-bordeaux.fr\/disciplines\/3pm\/wp-content\/uploads\/sites\/74\/2024\/07\/Atelier-4-Penser-son-projet.zip\">Atelier 4 &#8211; Penser son projet<\/a><\/td><td><\/td><\/tr><tr><td><a href=\"https:\/\/ent2d.ac-bordeaux.fr\/disciplines\/3pm\/wp-content\/uploads\/sites\/74\/2024\/07\/Exemples-de-projets.zip\">Exemples de projets<\/a><\/td><td><\/td><\/tr><tr><td>Vid\u00e9os t\u00e9moignages  : Arnaud ZAMORA ; Alexelle SABOY ; Marraine ; Parents ; Louis<\/td><td><\/td><\/tr><tr><td><\/td><td><\/td><\/tr><\/tbody><\/table><\/figure>\n","protected":false},"excerpt":{"rendered":"<p>1_S\u00e9minaires 3PM pr\u00e9sentation du s\u00e9minaire et synth\u00e8se des journ\u00e9es 2_S\u00e9minaire 3PM (pr\u00e9sentation compl\u00e8te) 3_3ePM Pr\u00e9sentation ONISEP Atelier 1 &#8211; Orientation Atelier 3 &#8211; D\u00e9marche de projet Atelier 4 &#8211; Penser son projet Exemples de projets Vid\u00e9os t\u00e9moignages : Arnaud ZAMORA ; Alexelle SABOY ; Marraine ; Parents ; Louis<\/p>\n","protected":false},"author":95,"featured_media":0,"parent":0,"menu_order":0,"comment_status":"closed","ping_status":"closed","template":"","meta":{"footnotes":""},"class_list":["post-625","page","type-page","status-publish","hentry","nodate","item-wrap"],"_links":{"self":[{"href":"https:\/\/ent2d.ac-bordeaux.fr\/disciplines\/3pm\/wp-json\/wp\/v2\/pages\/625","targetHints":{"allow":["GET"]}}],"collection":[{"href":"https:\/\/ent2d.ac-bordeaux.fr\/disciplines\/3pm\/wp-json\/wp\/v2\/pages"}],"about":[{"href":"https:\/\/ent2d.ac-bordeaux.fr\/disciplines\/3pm\/wp-json\/wp\/v2\/types\/page"}],"author":[{"embeddable":true,"href":"https:\/\/ent2d.ac-bordeaux.fr\/disciplines\/3pm\/wp-json\/wp\/v2\/users\/95"}],"replies":[{"embeddable":true,"href":"https:\/\/ent2d.ac-bordeaux.fr\/disciplines\/3pm\/wp-json\/wp\/v2\/comments?post=625"}],"version-history":[{"count":17,"href":"https:\/\/ent2d.ac-bordeaux.fr\/disciplines\/3pm\/wp-json\/wp\/v2\/pages\/625\/revisions"}],"predecessor-version":[{"id":657,"href":"https:\/\/ent2d.ac-bordeaux.fr\/disciplines\/3pm\/wp-json\/wp\/v2\/pages\/625\/revisions\/657"}],"wp:attachment":[{"href":"https:\/\/ent2d.ac-bordeaux.fr\/disciplines\/3pm\/wp-json\/wp\/v2\/media?parent=625"}],"curies":[{"name":"wp","href":"https:\/\/api.w.org\/{rel}","templated":true}]}}