{"id":567,"date":"2023-03-13T12:40:47","date_gmt":"2023-03-13T11:40:47","guid":{"rendered":"https:\/\/ent2d.ac-bordeaux.fr\/disciplines\/3pm\/?page_id=567"},"modified":"2023-03-17T15:49:17","modified_gmt":"2023-03-17T14:49:17","slug":"le-conducteur-dinstallations-de-production-cap-cip","status":"publish","type":"page","link":"https:\/\/ent2d.ac-bordeaux.fr\/disciplines\/3pm\/je-moriente-2\/orientation\/le-conducteur-dinstallations-de-production-cap-cip\/","title":{"rendered":"Le conducteur d&rsquo;installations de production &#8211; CAP CIP"},"content":{"rendered":"\n<p>Le titulaire de ce CAP <strong>assure la conduite en production d&rsquo;un syst\u00e8me industriel<\/strong>. Selon l&rsquo;atelier industriel, il intervient au niveau de la prise de poste avec la passation des consignes. Il pr\u00e9pare la production \u00e0 son poste de travail. Il r\u00e8gle l&rsquo;installation de production sur laquelle il intervient.<\/p>\n\n\n\n<p>LP Odilon Redon &#8211; PAUILLAC<\/p>\n\n\n\n<div class=\"wp-block-image\"><figure class=\"aligncenter size-full is-resized\"><a href=\"https:\/\/www.parcoursmetiers.tv\/video-formation\/14323-decouvre-les-cip\" target=\"_blank\" rel=\"noopener\"><img loading=\"lazy\" decoding=\"async\" src=\"https:\/\/ent2d.ac-bordeaux.fr\/disciplines\/3pm\/wp-content\/uploads\/sites\/74\/2023\/03\/image-29.png\" alt=\"\" class=\"wp-image-568\" width=\"355\" height=\"213\" srcset=\"https:\/\/ent2d.ac-bordeaux.fr\/disciplines\/3pm\/wp-content\/uploads\/sites\/74\/2023\/03\/image-29.png 710w, https:\/\/ent2d.ac-bordeaux.fr\/disciplines\/3pm\/wp-content\/uploads\/sites\/74\/2023\/03\/image-29-300x180.png 300w\" sizes=\"auto, (max-width: 355px) 100vw, 355px\" \/><\/a><\/figure><\/div>\n\n\n\n<p>LP Philadelphe de Gerde &#8211; PESSAC<\/p>\n","protected":false},"excerpt":{"rendered":"<p>Le titulaire de ce CAP assure la conduite en production d&rsquo;un syst\u00e8me industriel. Selon l&rsquo;atelier industriel, il intervient au niveau de la prise de poste avec la passation des consignes. Il pr\u00e9pare la production \u00e0 son poste de travail. Il r\u00e8gle l&rsquo;installation de production sur laquelle il intervient. LP Odilon Redon &#8211; PAUILLAC LP Philadelphe &hellip; <\/p>\n<p><a class=\"more-link btn\" href=\"https:\/\/ent2d.ac-bordeaux.fr\/disciplines\/3pm\/je-moriente-2\/orientation\/le-conducteur-dinstallations-de-production-cap-cip\/\">Lire la suite<\/a><\/p>\n","protected":false},"author":95,"featured_media":0,"parent":50,"menu_order":0,"comment_status":"closed","ping_status":"closed","template":"","meta":{"footnotes":""},"class_list":["post-567","page","type-page","status-publish","hentry","nodate","item-wrap"],"_links":{"self":[{"href":"https:\/\/ent2d.ac-bordeaux.fr\/disciplines\/3pm\/wp-json\/wp\/v2\/pages\/567","targetHints":{"allow":["GET"]}}],"collection":[{"href":"https:\/\/ent2d.ac-bordeaux.fr\/disciplines\/3pm\/wp-json\/wp\/v2\/pages"}],"about":[{"href":"https:\/\/ent2d.ac-bordeaux.fr\/disciplines\/3pm\/wp-json\/wp\/v2\/types\/page"}],"author":[{"embeddable":true,"href":"https:\/\/ent2d.ac-bordeaux.fr\/disciplines\/3pm\/wp-json\/wp\/v2\/users\/95"}],"replies":[{"embeddable":true,"href":"https:\/\/ent2d.ac-bordeaux.fr\/disciplines\/3pm\/wp-json\/wp\/v2\/comments?post=567"}],"version-history":[{"count":1,"href":"https:\/\/ent2d.ac-bordeaux.fr\/disciplines\/3pm\/wp-json\/wp\/v2\/pages\/567\/revisions"}],"predecessor-version":[{"id":569,"href":"https:\/\/ent2d.ac-bordeaux.fr\/disciplines\/3pm\/wp-json\/wp\/v2\/pages\/567\/revisions\/569"}],"up":[{"embeddable":true,"href":"https:\/\/ent2d.ac-bordeaux.fr\/disciplines\/3pm\/wp-json\/wp\/v2\/pages\/50"}],"wp:attachment":[{"href":"https:\/\/ent2d.ac-bordeaux.fr\/disciplines\/3pm\/wp-json\/wp\/v2\/media?parent=567"}],"curies":[{"name":"wp","href":"https:\/\/api.w.org\/{rel}","templated":true}]}}