{"id":549,"date":"2023-03-07T17:35:09","date_gmt":"2023-03-07T16:35:09","guid":{"rendered":"https:\/\/ent2d.ac-bordeaux.fr\/disciplines\/3pm\/?page_id=549"},"modified":"2023-03-07T17:35:28","modified_gmt":"2023-03-07T16:35:28","slug":"eduscol-technologie-au-college","status":"publish","type":"page","link":"https:\/\/ent2d.ac-bordeaux.fr\/disciplines\/3pm\/liens\/eduscol-technologie-au-college\/","title":{"rendered":"Eduscol : Technologie au coll\u00e8ge"},"content":{"rendered":"\n<p>Eduscol est un site \u00e0 destination des professionnels de l\u2019\u00e9ducation pour les informer et les accompagner.<\/p>\n\n\n\n<p><a rel=\"noreferrer noopener\" href=\"https:\/\/eduscol.education.fr\/2308\/technologie-au-college\" target=\"_blank\">Une page est d\u00e9di\u00e9e \u00e0 l\u2019enseignement de la Technologie au coll\u00e8ge<\/a> o\u00f9 l\u2019on retrouve des ressources pour mettre en oeuvre son enseignement, inscrire son enseignement dans une logique de site, ainsi que de nombreux liens pour acc\u00e9der \u00e0 de nombreuses ressources pour construire des s\u00e9quences de cours.<\/p>\n\n\n\n<figure class=\"wp-block-image size-full\"><a href=\"https:\/\/eduscol.education.fr\/2308\/technologie-au-college\" target=\"_blank\" rel=\"noopener\"><img loading=\"lazy\" decoding=\"async\" width=\"1024\" height=\"222\" src=\"https:\/\/ent2d.ac-bordeaux.fr\/disciplines\/3pm\/wp-content\/uploads\/sites\/74\/2023\/03\/image-26.png\" alt=\"\" class=\"wp-image-550\" srcset=\"https:\/\/ent2d.ac-bordeaux.fr\/disciplines\/3pm\/wp-content\/uploads\/sites\/74\/2023\/03\/image-26.png 1024w, https:\/\/ent2d.ac-bordeaux.fr\/disciplines\/3pm\/wp-content\/uploads\/sites\/74\/2023\/03\/image-26-300x65.png 300w, https:\/\/ent2d.ac-bordeaux.fr\/disciplines\/3pm\/wp-content\/uploads\/sites\/74\/2023\/03\/image-26-768x166.png 768w\" sizes=\"auto, (max-width: 1024px) 100vw, 1024px\" \/><\/a><\/figure>\n","protected":false},"excerpt":{"rendered":"<p>Eduscol est un site \u00e0 destination des professionnels de l\u2019\u00e9ducation pour les informer et les accompagner. Une page est d\u00e9di\u00e9e \u00e0 l\u2019enseignement de la Technologie au coll\u00e8ge o\u00f9 l\u2019on retrouve des ressources pour mettre en oeuvre son enseignement, inscrire son enseignement dans une logique de site, ainsi que de nombreux liens pour acc\u00e9der \u00e0 de &hellip; <\/p>\n<p><a class=\"more-link btn\" href=\"https:\/\/ent2d.ac-bordeaux.fr\/disciplines\/3pm\/liens\/eduscol-technologie-au-college\/\">Lire la suite<\/a><\/p>\n","protected":false},"author":95,"featured_media":0,"parent":38,"menu_order":0,"comment_status":"closed","ping_status":"closed","template":"","meta":{"footnotes":""},"class_list":["post-549","page","type-page","status-publish","hentry","nodate","item-wrap"],"_links":{"self":[{"href":"https:\/\/ent2d.ac-bordeaux.fr\/disciplines\/3pm\/wp-json\/wp\/v2\/pages\/549","targetHints":{"allow":["GET"]}}],"collection":[{"href":"https:\/\/ent2d.ac-bordeaux.fr\/disciplines\/3pm\/wp-json\/wp\/v2\/pages"}],"about":[{"href":"https:\/\/ent2d.ac-bordeaux.fr\/disciplines\/3pm\/wp-json\/wp\/v2\/types\/page"}],"author":[{"embeddable":true,"href":"https:\/\/ent2d.ac-bordeaux.fr\/disciplines\/3pm\/wp-json\/wp\/v2\/users\/95"}],"replies":[{"embeddable":true,"href":"https:\/\/ent2d.ac-bordeaux.fr\/disciplines\/3pm\/wp-json\/wp\/v2\/comments?post=549"}],"version-history":[{"count":1,"href":"https:\/\/ent2d.ac-bordeaux.fr\/disciplines\/3pm\/wp-json\/wp\/v2\/pages\/549\/revisions"}],"predecessor-version":[{"id":551,"href":"https:\/\/ent2d.ac-bordeaux.fr\/disciplines\/3pm\/wp-json\/wp\/v2\/pages\/549\/revisions\/551"}],"up":[{"embeddable":true,"href":"https:\/\/ent2d.ac-bordeaux.fr\/disciplines\/3pm\/wp-json\/wp\/v2\/pages\/38"}],"wp:attachment":[{"href":"https:\/\/ent2d.ac-bordeaux.fr\/disciplines\/3pm\/wp-json\/wp\/v2\/media?parent=549"}],"curies":[{"name":"wp","href":"https:\/\/api.w.org\/{rel}","templated":true}]}}