{"id":545,"date":"2023-03-07T17:32:35","date_gmt":"2023-03-07T16:32:35","guid":{"rendered":"https:\/\/ent2d.ac-bordeaux.fr\/disciplines\/3pm\/?page_id=545"},"modified":"2023-03-07T17:33:19","modified_gmt":"2023-03-07T16:33:19","slug":"reseau-national-de-ressources-pour-la-technologie-au-college","status":"publish","type":"page","link":"https:\/\/ent2d.ac-bordeaux.fr\/disciplines\/3pm\/liens\/reseau-national-de-ressources-pour-la-technologie-au-college\/","title":{"rendered":"R\u00e9seau national de ressources pour la technologie au coll\u00e8ge"},"content":{"rendered":"\n<p>Le r\u00e9seau national de ressources STI ont pour objectif de proposer aux enseignants des ressources p\u00e9dagogiques correspondant \u00e0 un niveau de formation donn\u00e9. Le plus souvent, ces ressources sont relatives \u00e0 des programmes ou des r\u00e9f\u00e9rentiels qui viennent d\u2019\u00eatre r\u00e9nov\u00e9s.<\/p>\n\n\n\n<p><a rel=\"noreferrer noopener\" href=\"https:\/\/eduscol.education.fr\/sti\/domaines\/technologie-au-college\" target=\"_blank\">Lien pour le r\u00e9seau national de ressources (RNR) pour la Technologie au coll\u00e8ge<\/a><\/p>\n\n\n\n<div class=\"wp-block-image\"><figure class=\"aligncenter size-full is-resized\"><img loading=\"lazy\" decoding=\"async\" src=\"https:\/\/ent2d.ac-bordeaux.fr\/disciplines\/3pm\/wp-content\/uploads\/sites\/74\/2023\/03\/image-25.png\" alt=\"\" class=\"wp-image-546\" width=\"582\" height=\"282\" srcset=\"https:\/\/ent2d.ac-bordeaux.fr\/disciplines\/3pm\/wp-content\/uploads\/sites\/74\/2023\/03\/image-25.png 776w, https:\/\/ent2d.ac-bordeaux.fr\/disciplines\/3pm\/wp-content\/uploads\/sites\/74\/2023\/03\/image-25-300x145.png 300w, https:\/\/ent2d.ac-bordeaux.fr\/disciplines\/3pm\/wp-content\/uploads\/sites\/74\/2023\/03\/image-25-768x372.png 768w\" sizes=\"auto, (max-width: 582px) 100vw, 582px\" \/><\/figure><\/div>\n","protected":false},"excerpt":{"rendered":"<p>Le r\u00e9seau national de ressources STI ont pour objectif de proposer aux enseignants des ressources p\u00e9dagogiques correspondant \u00e0 un niveau de formation donn\u00e9. Le plus souvent, ces ressources sont relatives \u00e0 des programmes ou des r\u00e9f\u00e9rentiels qui viennent d\u2019\u00eatre r\u00e9nov\u00e9s. Lien pour le r\u00e9seau national de ressources (RNR) pour la Technologie au coll\u00e8ge<\/p>\n","protected":false},"author":95,"featured_media":0,"parent":38,"menu_order":0,"comment_status":"closed","ping_status":"closed","template":"","meta":{"footnotes":""},"class_list":["post-545","page","type-page","status-publish","hentry","nodate","item-wrap"],"_links":{"self":[{"href":"https:\/\/ent2d.ac-bordeaux.fr\/disciplines\/3pm\/wp-json\/wp\/v2\/pages\/545","targetHints":{"allow":["GET"]}}],"collection":[{"href":"https:\/\/ent2d.ac-bordeaux.fr\/disciplines\/3pm\/wp-json\/wp\/v2\/pages"}],"about":[{"href":"https:\/\/ent2d.ac-bordeaux.fr\/disciplines\/3pm\/wp-json\/wp\/v2\/types\/page"}],"author":[{"embeddable":true,"href":"https:\/\/ent2d.ac-bordeaux.fr\/disciplines\/3pm\/wp-json\/wp\/v2\/users\/95"}],"replies":[{"embeddable":true,"href":"https:\/\/ent2d.ac-bordeaux.fr\/disciplines\/3pm\/wp-json\/wp\/v2\/comments?post=545"}],"version-history":[{"count":1,"href":"https:\/\/ent2d.ac-bordeaux.fr\/disciplines\/3pm\/wp-json\/wp\/v2\/pages\/545\/revisions"}],"predecessor-version":[{"id":547,"href":"https:\/\/ent2d.ac-bordeaux.fr\/disciplines\/3pm\/wp-json\/wp\/v2\/pages\/545\/revisions\/547"}],"up":[{"embeddable":true,"href":"https:\/\/ent2d.ac-bordeaux.fr\/disciplines\/3pm\/wp-json\/wp\/v2\/pages\/38"}],"wp:attachment":[{"href":"https:\/\/ent2d.ac-bordeaux.fr\/disciplines\/3pm\/wp-json\/wp\/v2\/media?parent=545"}],"curies":[{"name":"wp","href":"https:\/\/api.w.org\/{rel}","templated":true}]}}