{"id":536,"date":"2023-03-07T17:20:15","date_gmt":"2023-03-07T16:20:15","guid":{"rendered":"https:\/\/ent2d.ac-bordeaux.fr\/disciplines\/3pm\/?page_id=536"},"modified":"2023-03-07T17:21:39","modified_gmt":"2023-03-07T16:21:39","slug":"lumni","status":"publish","type":"page","link":"https:\/\/ent2d.ac-bordeaux.fr\/disciplines\/3pm\/liens\/ressources-nationales\/lumni\/","title":{"rendered":"LUMNI"},"content":{"rendered":"\n<p><strong>Apprends, r\u00e9vise &amp; comprends le monde avec Lumni !<\/strong><br>L\u2019offre \u00e9ducative gratuite de l\u2019audiovisuel public<\/p>\n\n\n\n<p>Lumni Enseignement propose plus de <strong>3000 contenus (vid\u00e9os, audios, articles, pistes p\u00e9dagogiques)<\/strong> sourc\u00e9s et fiable, \u00e0 destination des enseignants.<\/p>\n\n\n\n<p><a rel=\"noreferrer noopener\" href=\"https:\/\/enseignants.lumni.fr\/\" target=\"_blank\"><strong>Acc\u00e9der \u00e0 la plateforme<\/strong><\/a><\/p>\n\n\n\n<figure class=\"wp-block-image size-full\"><a href=\"https:\/\/www.lumni.fr\/college\" target=\"_blank\" rel=\"noopener\"><img loading=\"lazy\" decoding=\"async\" width=\"209\" height=\"51\" src=\"https:\/\/ent2d.ac-bordeaux.fr\/disciplines\/3pm\/wp-content\/uploads\/sites\/74\/2023\/03\/image-22.png\" alt=\"\" class=\"wp-image-537\" \/><\/a><\/figure>\n","protected":false},"excerpt":{"rendered":"<p>Apprends, r\u00e9vise &amp; comprends le monde avec Lumni !L\u2019offre \u00e9ducative gratuite de l\u2019audiovisuel public Lumni Enseignement propose plus de 3000 contenus (vid\u00e9os, audios, articles, pistes p\u00e9dagogiques) sourc\u00e9s et fiable, \u00e0 destination des enseignants. Acc\u00e9der \u00e0 la plateforme<\/p>\n","protected":false},"author":95,"featured_media":0,"parent":529,"menu_order":0,"comment_status":"closed","ping_status":"closed","template":"","meta":{"footnotes":""},"class_list":["post-536","page","type-page","status-publish","hentry","nodate","item-wrap"],"_links":{"self":[{"href":"https:\/\/ent2d.ac-bordeaux.fr\/disciplines\/3pm\/wp-json\/wp\/v2\/pages\/536","targetHints":{"allow":["GET"]}}],"collection":[{"href":"https:\/\/ent2d.ac-bordeaux.fr\/disciplines\/3pm\/wp-json\/wp\/v2\/pages"}],"about":[{"href":"https:\/\/ent2d.ac-bordeaux.fr\/disciplines\/3pm\/wp-json\/wp\/v2\/types\/page"}],"author":[{"embeddable":true,"href":"https:\/\/ent2d.ac-bordeaux.fr\/disciplines\/3pm\/wp-json\/wp\/v2\/users\/95"}],"replies":[{"embeddable":true,"href":"https:\/\/ent2d.ac-bordeaux.fr\/disciplines\/3pm\/wp-json\/wp\/v2\/comments?post=536"}],"version-history":[{"count":1,"href":"https:\/\/ent2d.ac-bordeaux.fr\/disciplines\/3pm\/wp-json\/wp\/v2\/pages\/536\/revisions"}],"predecessor-version":[{"id":538,"href":"https:\/\/ent2d.ac-bordeaux.fr\/disciplines\/3pm\/wp-json\/wp\/v2\/pages\/536\/revisions\/538"}],"up":[{"embeddable":true,"href":"https:\/\/ent2d.ac-bordeaux.fr\/disciplines\/3pm\/wp-json\/wp\/v2\/pages\/529"}],"wp:attachment":[{"href":"https:\/\/ent2d.ac-bordeaux.fr\/disciplines\/3pm\/wp-json\/wp\/v2\/media?parent=536"}],"curies":[{"name":"wp","href":"https:\/\/api.w.org\/{rel}","templated":true}]}}