{"id":531,"date":"2023-03-07T17:13:22","date_gmt":"2023-03-07T16:13:22","guid":{"rendered":"https:\/\/ent2d.ac-bordeaux.fr\/disciplines\/3pm\/?page_id=531"},"modified":"2023-03-07T17:14:23","modified_gmt":"2023-03-07T16:14:23","slug":"531-2","status":"publish","type":"page","link":"https:\/\/ent2d.ac-bordeaux.fr\/disciplines\/3pm\/liens\/ressources-nationales\/531-2\/","title":{"rendered":"Edubase"},"content":{"rendered":"\n<p>\u00c9dubase recense les pratiques p\u00e9dagogiques valoris\u00e9es par les acad\u00e9mies, en lien avec le num\u00e9rique \u00e9ducatif et en relation avec les programmes.<\/p>\n\n\n\n<p>Un navigateur r\u00e9cent, compatible avec HTML5 et CSS3, est recommand\u00e9 pour ce site.<a href=\"https:\/\/edubase.eduscol.education.fr\/\" target=\"_blank\" rel=\"noreferrer noopener\"><img decoding=\"async\" src=\"https:\/\/edubase.eduscol.education.fr\/uploads\/assets\/homepage-logo-20220609050633.png\" alt=\"logotype \u00c9dubase MENJ\"><\/a><\/p>\n","protected":false},"excerpt":{"rendered":"<p>\u00c9dubase recense les pratiques p\u00e9dagogiques valoris\u00e9es par les acad\u00e9mies, en lien avec le num\u00e9rique \u00e9ducatif et en relation avec les programmes. Un navigateur r\u00e9cent, compatible avec HTML5 et CSS3, est recommand\u00e9 pour ce site.<\/p>\n","protected":false},"author":95,"featured_media":0,"parent":529,"menu_order":0,"comment_status":"closed","ping_status":"closed","template":"","meta":{"footnotes":""},"class_list":["post-531","page","type-page","status-publish","hentry","nodate","item-wrap"],"_links":{"self":[{"href":"https:\/\/ent2d.ac-bordeaux.fr\/disciplines\/3pm\/wp-json\/wp\/v2\/pages\/531","targetHints":{"allow":["GET"]}}],"collection":[{"href":"https:\/\/ent2d.ac-bordeaux.fr\/disciplines\/3pm\/wp-json\/wp\/v2\/pages"}],"about":[{"href":"https:\/\/ent2d.ac-bordeaux.fr\/disciplines\/3pm\/wp-json\/wp\/v2\/types\/page"}],"author":[{"embeddable":true,"href":"https:\/\/ent2d.ac-bordeaux.fr\/disciplines\/3pm\/wp-json\/wp\/v2\/users\/95"}],"replies":[{"embeddable":true,"href":"https:\/\/ent2d.ac-bordeaux.fr\/disciplines\/3pm\/wp-json\/wp\/v2\/comments?post=531"}],"version-history":[{"count":2,"href":"https:\/\/ent2d.ac-bordeaux.fr\/disciplines\/3pm\/wp-json\/wp\/v2\/pages\/531\/revisions"}],"predecessor-version":[{"id":533,"href":"https:\/\/ent2d.ac-bordeaux.fr\/disciplines\/3pm\/wp-json\/wp\/v2\/pages\/531\/revisions\/533"}],"up":[{"embeddable":true,"href":"https:\/\/ent2d.ac-bordeaux.fr\/disciplines\/3pm\/wp-json\/wp\/v2\/pages\/529"}],"wp:attachment":[{"href":"https:\/\/ent2d.ac-bordeaux.fr\/disciplines\/3pm\/wp-json\/wp\/v2\/media?parent=531"}],"curies":[{"name":"wp","href":"https:\/\/api.w.org\/{rel}","templated":true}]}}