{"id":50,"date":"2022-12-16T17:33:40","date_gmt":"2022-12-16T16:33:40","guid":{"rendered":"https:\/\/ent2d.ac-bordeaux.fr\/disciplines\/3pm\/?page_id=50"},"modified":"2023-03-08T09:14:27","modified_gmt":"2023-03-08T08:14:27","slug":"orientation","status":"publish","type":"page","link":"https:\/\/ent2d.ac-bordeaux.fr\/disciplines\/3pm\/je-moriente-2\/orientation\/","title":{"rendered":"Je d\u00e9couvre les m\u00e9tiers"},"content":{"rendered":"\n<p>Les classes de 3e dites \u00ab\u00a0pr\u00e9pa-m\u00e9tiers\u00a0\u00bb ont pour vocation d&rsquo;accompagner les \u00e9l\u00e8ves dans la construction de leur projet d&rsquo;orientation, en particulier vers la voie professionnelle. L\u2019accent est mis sur la d\u00e9couverte des m\u00e9tiers et des formations, avec notamment des stages.<\/p>\n\n\n\n<h4 class=\"wp-block-heading\">Outils pour faciliter l&rsquo;appropriation par l&rsquo;\u00e9l\u00e8ve des m\u00e9tiers et des formations<\/h4>\n\n\n\n<ul class=\"wp-block-list\"><li><a rel=\"noreferrer noopener\" href=\"https:\/\/www.onisep.fr\/Decouvrir-les-metiers\/Des-metiers-par-secteur\" target=\"_blank\">D\u00e9couvrir les m\u00e9tiers\/des m\u00e9tiers par secteurs<\/a><\/li><\/ul>\n\n\n\n<p><\/p>\n\n\n\n<h1 class=\"wp-block-heading\">D\u00e9couvrir les m\u00e9tiers<\/h1>\n\n\n\n<p>Des m\u00e9tiers, il en existe des milliers. Comment faire son choix parmi toutes ces possibilit\u00e9s ? La r\u00e9ponse peut \u00eatre spontan\u00e9e en cas de v\u00e9ritable vocation, plus compliqu\u00e9e si on s\u2019interroge sur le domaine dans lequel on voudrait travailler. Il faut prendre en compte ses go\u00fbts, ses envies et ses aptitudes. Chaque m\u00e9tier a aussi ses exigences en mati\u00e8re de comp\u00e9tences, donc en mati\u00e8re de parcours de formation.<\/p>\n\n\n\n<p>Plus vous disposez d\u2019informations, plus vous pouvez vous diriger vers le m\u00e9tier qui vous conviendra, d\u00e9couvrir des possibilit\u00e9s que vous ne connaissiez pas. Cap M\u00e9tiers vous propose diff\u00e9rents services pour vous aider dans votre r\u00e9flexion.<\/p>\n\n\n\n<p>S\u00e9lectionnez la rubrique qui vous&nbsp;int\u00e9resse, puis laissez vous guider. Prenez&nbsp;bien le temps de lire toutes les&nbsp;informations \u00e0 chaque \u00e9tape, elles&nbsp;peuvent vous fournir des indications&nbsp;pr\u00e9cieuses.&nbsp;\u200b<\/p>\n\n\n\n<figure class=\"wp-block-image size-full\"><a href=\"https:\/\/www.cap-metiers.fr\/decouvrir-les-metiers\"><img loading=\"lazy\" decoding=\"async\" width=\"554\" height=\"134\" src=\"https:\/\/ent2d.ac-bordeaux.fr\/disciplines\/3pm\/wp-content\/uploads\/sites\/74\/2023\/03\/image.png\" alt=\"\" class=\"wp-image-379\" srcset=\"https:\/\/ent2d.ac-bordeaux.fr\/disciplines\/3pm\/wp-content\/uploads\/sites\/74\/2023\/03\/image.png 554w, https:\/\/ent2d.ac-bordeaux.fr\/disciplines\/3pm\/wp-content\/uploads\/sites\/74\/2023\/03\/image-300x73.png 300w\" sizes=\"auto, (max-width: 554px) 100vw, 554px\" \/><\/a><\/figure>\n\n\n\n<figure class=\"wp-block-image size-full\"><img decoding=\"async\" src=\"https:\/\/ent2d.ac-bordeaux.fr\/disciplines\/3pm\/wp-content\/uploads\/sites\/74\/2023\/03\/image-2.png\" alt=\"\" class=\"wp-image-384\" \/><figcaption>Sommaire (Site <a href=\"https:\/\/jeunes.nouvelle-aquitaine.fr\/orientation\/decouvrir-et-sinformer-sur-les-metiers\" target=\"_blank\" rel=\"noreferrer noopener\">jeunes.nouvelle-aquitaine.fr<\/a>)<br><a href=\"https:\/\/jeunes.nouvelle-aquitaine.fr\/orientation\/decouvrir-et-sinformer-sur-les-metiers#titre_h2_166\" target=\"_blank\" rel=\"noreferrer noopener\">Quelques conseils pratiques pour vous aider dans vos recherches<\/a><br><a href=\"https:\/\/jeunes.nouvelle-aquitaine.fr\/orientation\/decouvrir-et-sinformer-sur-les-metiers#titre_h2_171\" target=\"_blank\" rel=\"noreferrer noopener\">Vous avez des id\u00e9es, des centres d&rsquo;int\u00e9r\u00eats, des passions<\/a><br><a href=\"https:\/\/jeunes.nouvelle-aquitaine.fr\/orientation\/decouvrir-et-sinformer-sur-les-metiers#titre_h2_174\" target=\"_blank\" rel=\"noreferrer noopener\">Conna\u00eetre les secteurs qui recrutent<\/a><br><a href=\"https:\/\/jeunes.nouvelle-aquitaine.fr\/orientation\/decouvrir-et-sinformer-sur-les-metiers#titre_h2_176\" target=\"_blank\" rel=\"noreferrer noopener\">D\u00e9couvrir les m\u00e9tiers en images<\/a><br><a href=\"https:\/\/jeunes.nouvelle-aquitaine.fr\/orientation\/decouvrir-et-sinformer-sur-les-metiers#titre_h2_178\" target=\"_blank\" rel=\"noreferrer noopener\">Tester les m\u00e9tiers en jouant<\/a><br><a href=\"https:\/\/jeunes.nouvelle-aquitaine.fr\/orientation\/decouvrir-et-sinformer-sur-les-metiers#titre_h2_2932\" target=\"_blank\" rel=\"noreferrer noopener\">Rencontrez un ambassadeur m\u00e9tiers<\/a><br><\/figcaption><\/figure>\n\n\n\n<p><\/p>\n\n\n\n<p><\/p>\n\n\n\n<h2 class=\"wp-block-heading\" id=\"summary-item-6\">Ressources partenariales<\/h2>\n\n\n\n<h3 class=\"wp-block-heading\" id=\"summary-item-7\">Myfutu.re<\/h3>\n\n\n\n<p><a rel=\"noreferrer noopener\" href=\"https:\/\/myfutu.re\/\" target=\"_blank\">Myfutu.re<\/a> aide les jeunes de 14 \u00e0 24 ans dans leur d\u00e9couverte du monde professionnel. Elle facilite la d\u00e9couverte des m\u00e9tiers par l&rsquo;organisation de <strong>rencontres avec des professionnels de tous secteurs<\/strong>, en pr\u00e9sentiel et \u00e0 distance, via la plateforme. Elle propose <strong>des vid\u00e9os et des lives avec les professionnels.<\/strong>&nbsp;<\/p>\n","protected":false},"excerpt":{"rendered":"<p>Les classes de 3e dites \u00ab\u00a0pr\u00e9pa-m\u00e9tiers\u00a0\u00bb ont pour vocation d&rsquo;accompagner les \u00e9l\u00e8ves dans la construction de leur projet d&rsquo;orientation, en particulier vers la voie professionnelle. L\u2019accent est mis sur la d\u00e9couverte des m\u00e9tiers et des formations, avec notamment des stages. Outils pour faciliter l&rsquo;appropriation par l&rsquo;\u00e9l\u00e8ve des m\u00e9tiers et des formations D\u00e9couvrir les m\u00e9tiers\/des m\u00e9tiers &hellip; <\/p>\n<p><a class=\"more-link btn\" href=\"https:\/\/ent2d.ac-bordeaux.fr\/disciplines\/3pm\/je-moriente-2\/orientation\/\">Lire la suite<\/a><\/p>\n","protected":false},"author":95,"featured_media":558,"parent":526,"menu_order":0,"comment_status":"closed","ping_status":"closed","template":"","meta":{"footnotes":""},"class_list":["post-50","page","type-page","status-publish","has-post-thumbnail","hentry","nodate","item-wrap"],"_links":{"self":[{"href":"https:\/\/ent2d.ac-bordeaux.fr\/disciplines\/3pm\/wp-json\/wp\/v2\/pages\/50","targetHints":{"allow":["GET"]}}],"collection":[{"href":"https:\/\/ent2d.ac-bordeaux.fr\/disciplines\/3pm\/wp-json\/wp\/v2\/pages"}],"about":[{"href":"https:\/\/ent2d.ac-bordeaux.fr\/disciplines\/3pm\/wp-json\/wp\/v2\/types\/page"}],"author":[{"embeddable":true,"href":"https:\/\/ent2d.ac-bordeaux.fr\/disciplines\/3pm\/wp-json\/wp\/v2\/users\/95"}],"replies":[{"embeddable":true,"href":"https:\/\/ent2d.ac-bordeaux.fr\/disciplines\/3pm\/wp-json\/wp\/v2\/comments?post=50"}],"version-history":[{"count":8,"href":"https:\/\/ent2d.ac-bordeaux.fr\/disciplines\/3pm\/wp-json\/wp\/v2\/pages\/50\/revisions"}],"predecessor-version":[{"id":504,"href":"https:\/\/ent2d.ac-bordeaux.fr\/disciplines\/3pm\/wp-json\/wp\/v2\/pages\/50\/revisions\/504"}],"up":[{"embeddable":true,"href":"https:\/\/ent2d.ac-bordeaux.fr\/disciplines\/3pm\/wp-json\/wp\/v2\/pages\/526"}],"wp:featuredmedia":[{"embeddable":true,"href":"https:\/\/ent2d.ac-bordeaux.fr\/disciplines\/3pm\/wp-json\/wp\/v2\/media\/558"}],"wp:attachment":[{"href":"https:\/\/ent2d.ac-bordeaux.fr\/disciplines\/3pm\/wp-json\/wp\/v2\/media?parent=50"}],"curies":[{"name":"wp","href":"https:\/\/api.w.org\/{rel}","templated":true}]}}