{"id":490,"date":"2023-03-08T09:04:08","date_gmt":"2023-03-08T08:04:08","guid":{"rendered":"https:\/\/ent2d.ac-bordeaux.fr\/disciplines\/3pm\/?page_id=490"},"modified":"2023-03-08T09:05:59","modified_gmt":"2023-03-08T08:05:59","slug":"les-grandes-etapes-de-la-demarche-dinvestigation-au-cycle-4","status":"publish","type":"page","link":"https:\/\/ent2d.ac-bordeaux.fr\/disciplines\/3pm\/parcours-mgistere\/les-grandes-etapes-de-la-demarche-dinvestigation-au-cycle-4\/","title":{"rendered":"Les grandes \u00e9tapes de la d\u00e9marche d&rsquo;investigation au cycle 4"},"content":{"rendered":"\n<p> Descriptif<br>Ce tutoriel vous permet d&rsquo;aborder les grandes \u00e9tapes d&rsquo;un enseignement des sciences fond\u00e9 sur l&rsquo;investigation au<br>cycle 4.<br>Le travail s&rsquo;effectue \u00e0 partir de l&rsquo;analyse d&rsquo;une vid\u00e9o de classe dont la s\u00e9quence d&rsquo;enseignement porte sur la<br>d\u00e9couverte du concept de l&rsquo;\u00e9nergie.<\/p>\n\n\n\n<p><br>  Objectifs vis\u00e9s<br>D\u00e9couvrir les grandes \u00e9tapes d&rsquo;un enseignement des sciences fond\u00e9 sur l&rsquo;investigation (ESFI), en<br>analysant des vid\u00e9os de classe et en s&rsquo;int\u00e9ressant particuli\u00e8rement \u00e0 l&rsquo;organisation spatiale et temporelle<br>des s\u00e9ances.<br>Mettre en \u0153uvre des s\u00e9ances de sciences avec ses \u00e9l\u00e8ves, en s&rsquo;appuyant sur notre bo\u00eete \u00e0 outils ESFI.<br>Partager son exp\u00e9rience de classe avec d&rsquo;autres professeurs. <\/p>\n\n\n\n<p>Dur\u00e9e 1h00<\/p>\n\n\n\n<figure class=\"wp-block-image size-large\"><a href=\"https:\/\/magistere.education.fr\/local\/magistere_offers\/index.php?v=formation#offer=1204\" target=\"_blank\" rel=\"noopener\"><img loading=\"lazy\" decoding=\"async\" width=\"211\" height=\"205\" src=\"https:\/\/ent2d.ac-bordeaux.fr\/disciplines\/3pm\/wp-content\/uploads\/sites\/74\/2023\/01\/Capture-decran-2023-01-04-100234-1.png\" alt=\"\" class=\"wp-image-292\" \/><\/a><\/figure>\n","protected":false},"excerpt":{"rendered":"<p>DescriptifCe tutoriel vous permet d&rsquo;aborder les grandes \u00e9tapes d&rsquo;un enseignement des sciences fond\u00e9 sur l&rsquo;investigation aucycle 4.Le travail s&rsquo;effectue \u00e0 partir de l&rsquo;analyse d&rsquo;une vid\u00e9o de classe dont la s\u00e9quence d&rsquo;enseignement porte sur lad\u00e9couverte du concept de l&rsquo;\u00e9nergie. Objectifs vis\u00e9sD\u00e9couvrir les grandes \u00e9tapes d&rsquo;un enseignement des sciences fond\u00e9 sur l&rsquo;investigation (ESFI), enanalysant des vid\u00e9os de &hellip; <\/p>\n<p><a class=\"more-link btn\" href=\"https:\/\/ent2d.ac-bordeaux.fr\/disciplines\/3pm\/parcours-mgistere\/les-grandes-etapes-de-la-demarche-dinvestigation-au-cycle-4\/\">Lire la suite<\/a><\/p>\n","protected":false},"author":95,"featured_media":0,"parent":36,"menu_order":0,"comment_status":"closed","ping_status":"closed","template":"","meta":{"footnotes":""},"class_list":["post-490","page","type-page","status-publish","hentry","nodate","item-wrap"],"_links":{"self":[{"href":"https:\/\/ent2d.ac-bordeaux.fr\/disciplines\/3pm\/wp-json\/wp\/v2\/pages\/490","targetHints":{"allow":["GET"]}}],"collection":[{"href":"https:\/\/ent2d.ac-bordeaux.fr\/disciplines\/3pm\/wp-json\/wp\/v2\/pages"}],"about":[{"href":"https:\/\/ent2d.ac-bordeaux.fr\/disciplines\/3pm\/wp-json\/wp\/v2\/types\/page"}],"author":[{"embeddable":true,"href":"https:\/\/ent2d.ac-bordeaux.fr\/disciplines\/3pm\/wp-json\/wp\/v2\/users\/95"}],"replies":[{"embeddable":true,"href":"https:\/\/ent2d.ac-bordeaux.fr\/disciplines\/3pm\/wp-json\/wp\/v2\/comments?post=490"}],"version-history":[{"count":5,"href":"https:\/\/ent2d.ac-bordeaux.fr\/disciplines\/3pm\/wp-json\/wp\/v2\/pages\/490\/revisions"}],"predecessor-version":[{"id":514,"href":"https:\/\/ent2d.ac-bordeaux.fr\/disciplines\/3pm\/wp-json\/wp\/v2\/pages\/490\/revisions\/514"}],"up":[{"embeddable":true,"href":"https:\/\/ent2d.ac-bordeaux.fr\/disciplines\/3pm\/wp-json\/wp\/v2\/pages\/36"}],"wp:attachment":[{"href":"https:\/\/ent2d.ac-bordeaux.fr\/disciplines\/3pm\/wp-json\/wp\/v2\/media?parent=490"}],"curies":[{"name":"wp","href":"https:\/\/api.w.org\/{rel}","templated":true}]}}