{"id":47,"date":"2022-12-16T17:33:39","date_gmt":"2022-12-16T16:33:39","guid":{"rendered":"https:\/\/ent2d.ac-bordeaux.fr\/disciplines\/3pm\/?page_id=47"},"modified":"2023-03-07T16:36:05","modified_gmt":"2023-03-07T15:36:05","slug":"technologie","status":"publish","type":"page","link":"https:\/\/ent2d.ac-bordeaux.fr\/disciplines\/3pm\/technologie\/","title":{"rendered":"Technologie"},"content":{"rendered":"\n<h3 class=\"wp-block-heading\"> <span class=\"has-inline-color has-vivid-purple-color\">Enseigner en 3\u00e8me pr\u00e9pa-m\u00e9tiers &#8211; Formation du 27 et 28 f\u00e9vrier 2023<\/span> <\/h3>\n\n\n\n<figure class=\"wp-block-table aligncenter is-style-stripes\"><table><tbody><tr><td class=\"has-text-align-center\" data-align=\"center\"><strong>D\u00c9ROUL\u00c9<\/strong><\/td><td class=\"has-text-align-center\" data-align=\"center\"><strong>SUPPORTS<\/strong><\/td><\/tr><tr><td class=\"has-text-align-center\" data-align=\"center\"><strong>Partie 1 Documents r\u00e9f\u00e9rents pour enseigner<\/strong><strong><\/strong><\/td><\/tr><tr><td class=\"has-text-align-center\" data-align=\"center\"><strong>Les ressources r\u00e9f\u00e9rentes pour la Technologie au coll\u00e8ge<\/strong> <strong>Site STI et son contenu<\/strong><br>Ressources nationales (Eduscol &#8211; RNR)<\/td><td class=\"has-text-align-center\" data-align=\"center\">\u00a0 <a href=\"http:\/\/sti.ac-bordeaux.fr\/\" target=\"_blank\" rel=\"noreferrer noopener\">Site acad\u00e9mique STI Eduscol Technologie <\/a>&#8211; <a href=\"https:\/\/eduscol.education.fr\/sti\/domaines\/technologie-au-college\/\" target=\"_blank\" rel=\"noreferrer noopener\">RNR<\/a><\/td><\/tr><tr><td class=\"has-text-align-center\" data-align=\"center\"><strong>D\u00e9marche g\u00e9n\u00e9rale d\u2019enseignement en Technologie<\/strong> <strong>Du programme \u00e0 l\u2019\u00e9valuation<\/strong><\/td><td class=\"has-text-align-center\" data-align=\"center\">\u00a0 <a href=\"https:\/\/view.officeapps.live.com\/op\/view.aspx?src=https:\/\/ent2d.ac-bordeaux.fr\/disciplines\/sti\/wp-content\/uploads\/sites\/41\/2016\/07\/D%C3%A9marches-pratiqu%C3%A9es-en-Technologie-au-coll%C3%A8ge.pptx\" target=\"_blank\" rel=\"noreferrer noopener\">Sch\u00e9ma de la d\u00e9marche g\u00e9n\u00e9rale d\u2019enseignement<\/a> \u00a0<\/td><\/tr><tr><td class=\"has-text-align-center\" data-align=\"center\"><strong>Programmes en Technologie &#8211; Textes officiels<\/strong> <a href=\"http:\/\/cache.media.education.gouv.fr\/file\/48\/02\/4\/2015_collegeprogramme_28-7_614024.pdf\"><strong>Textes officiels<\/strong><\/a><strong> Cycle 4 \u2013 Explications des comp\u00e9tences\/connaissances<\/strong><br>Comp\u00e9tences et de connaissances du socle commun <br><strong>Tableau des 4 niveaux \u00e0 enseigner pour chaque comp\u00e9tence et connaissances du cycle 4<\/strong><\/td><td class=\"has-text-align-center\" data-align=\"center\">\u00a0 <a href=\"https:\/\/ent2d.ac-bordeaux.fr\/disciplines\/sti-college\/2019\/02\/22\/les-programmes-du-college\/\" target=\"_blank\" rel=\"noreferrer noopener\">Textes officiels<\/a> &#8211; <a href=\"https:\/\/ent2d.ac-bordeaux.fr\/disciplines\/sti-college\/wp-content\/uploads\/sites\/63\/2020\/08\/Programme2020_cycle_4_comparatif_technologie.pdf\" target=\"_blank\" rel=\"noreferrer noopener\">Cycle 4<\/a> \u00a0 (<a href=\"http:\/\/cache.media.education.gouv.fr\/file\/17\/45\/6\/Socle_commun_de_connaissances,_de_competences_et_de_culture_415456.pdf\" target=\"_blank\" rel=\"noreferrer noopener\">Comp\u00e9tences du socle<\/a>)<br><a href=\"https:\/\/ent2d.ac-bordeaux.fr\/disciplines\/sti-college\/wp-content\/uploads\/sites\/63\/2020\/09\/MCC2020-1.xlsx\" target=\"_blank\" rel=\"noreferrer noopener\">Correspondance BO\/Socle<\/a> <a href=\"https:\/\/ent2d.ac-bordeaux.fr\/disciplines\/sti-college\/wp-content\/uploads\/sites\/63\/2021\/12\/Crite%CC%80res-de%CC%81valuation-Technologie-Cycle-4-2021.xlsx\">Tab<\/a><a href=\"https:\/\/ent2d.ac-bordeaux.fr\/disciplines\/sti-college\/wp-content\/uploads\/sites\/63\/2021\/12\/Crite%CC%80res-de%CC%81valuation-Technologie-Cycle-4-2021.xlsx\" target=\"_blank\" rel=\"noreferrer noopener\">leau Cycle 4 &#8211; 4 niveaux B0\/Socle<\/a><\/td><\/tr><tr><td class=\"has-text-align-center\" data-align=\"center\"><strong>Pr\u00e9parer\/planifier son enseignement <\/strong>(Sera revu en J2) <br><strong>Planifier le d\u00e9veloppement de s\u00e9quences<\/strong> <strong>&nbsp;<\/strong> <br><strong>R\u00e9partition des comp\u00e9tences travaill\u00e9es au Cycle 4<\/strong><br><strong>Planification de l\u2019enseignement par cycle MCC<\/strong> <strong>&nbsp;<\/strong> <strong>Pr\u00e9parations (Prof) de s\u00e9quences \u2013 S\u00e9ances<\/strong> &nbsp;<\/td><td class=\"has-text-align-center\" data-align=\"center\"><a href=\"https:\/\/ent2d.ac-bordeaux.fr\/disciplines\/sti-college\/2019\/02\/22\/planifier-le-developpement-dun-projet-et-ses-sequences\/\" target=\"_blank\" rel=\"noreferrer noopener\">Planification projet et s\u00e9quences<\/a> &#8211; <a href=\"https:\/\/ent2d.ac-bordeaux.fr\/disciplines\/sti-college\/wp-content\/uploads\/sites\/63\/2019\/05\/Projet-Exemple-Projection-des-comp%C3%A9tences-et-connaissances-travaill%C3%A9es-1.pdf\" target=\"_blank\" rel=\"noreferrer noopener\">Exemple de projet<\/a> \u00a0 <a href=\"https:\/\/ent2d.ac-bordeaux.fr\/disciplines\/sti-college\/2019\/02\/22\/planifier-son-enseignement-au-cycle4\/\" target=\"_blank\" rel=\"noreferrer noopener\">R\u00e9partir les comp\u00e9tences au Cycle 4<\/a><br><a href=\"https:\/\/ent2d.ac-bordeaux.fr\/disciplines\/sti-college\/2019\/02\/22\/planifier-son-enseignement-au-cycle4\/\" target=\"_blank\" rel=\"noreferrer noopener\">Planifier MCC Cycle 4 + Tutoriel<\/a><br><a href=\"https:\/\/ent2d.ac-bordeaux.fr\/disciplines\/sti-college\/2022\/09\/26\/propositions-de-planifications-cycle-4\/\" target=\"_blank\" rel=\"noreferrer noopener\">Exemple de planification Cycle 4<\/a> (<a href=\"https:\/\/docs.google.com\/spreadsheets\/d\/1efONaOXm2R1EMzbyZI_YnLdef60rdzWe\/edit?usp=share_link&amp;ouid=102686390851651615810&amp;rtpof=true&amp;sd=true\" target=\"_blank\" rel=\"noreferrer noopener\">MCCprepa<\/a> + <a href=\"https:\/\/docs.google.com\/spreadsheets\/d\/1gkzLnCDcFLYmsAfDjfXOmSeYDn426_48\/edit?usp=sharing&amp;ouid=102686390851651615810&amp;rtpof=true&amp;sd=true\" target=\"_blank\" rel=\"noreferrer noopener\">Exemple Mccprepa<\/a>)<br> <a href=\"https:\/\/ent2d.ac-bordeaux.fr\/disciplines\/sti-college\/2021\/10\/28\/preparer-des-sequences-documents-professeur\/\" target=\"_blank\" rel=\"noreferrer noopener\">Trame s\u00e9quence<\/a> : <a href=\"https:\/\/ent2d.ac-bordeaux.fr\/disciplines\/sti-college\/wp-content\/uploads\/sites\/63\/2022\/10\/Fiche_Sequence_C4_2020.docx\">Cycle 4<\/a><a href=\"https:\/\/ent2d.ac-bordeaux.fr\/disciplines\/sti-college\/2021\/10\/28\/preparer-des-sequences-documents-professeur\/\" target=\"_blank\" rel=\"noreferrer noopener\">Trame s\u00e9ance<\/a> : <a href=\"https:\/\/ent2d.ac-bordeaux.fr\/disciplines\/sti-college\/wp-content\/uploads\/sites\/63\/2022\/10\/Fiche_seance_Cycle4.docx\" target=\"_blank\" rel=\"noreferrer noopener\">Cycle 4<\/a><\/td><\/tr><tr><td class=\"has-text-align-center\" data-align=\"center\"><strong>Les 3 d\u00e9marches d\u2019enseignement pendant les s\u00e9ances<\/strong> <br><strong>La s\u00e9ance v\u00e9cue par l\u2019\u00e9l\u00e8ve \/ construite par le prof <\/strong><br><strong>Les d\u00e9marches d\u2019investigation, de r\u00e9solution de probl\u00e8me techniques, d\u00e9marche de projet<\/strong><br>Les diff\u00e9rents temps de la d\u00e9marche d\u2019investigation<br><strong>La d\u00e9marche d\u2019investigation en vid\u00e9o<\/strong><\/td><td class=\"has-text-align-center\" data-align=\"center\">\u00a0 <a href=\"https:\/\/ent2d.ac-bordeaux.fr\/disciplines\/sti-college\/2021\/10\/29\/methodologie-pour-creer-une-seance\/\" target=\"_blank\" rel=\"noreferrer noopener\">M\u00e9thodologie de cr\u00e9ation de s\u00e9ance<\/a><br><a href=\"https:\/\/view.officeapps.live.com\/op\/view.aspx?src=https:\/\/ent2d.ac-bordeaux.fr\/disciplines\/sti\/wp-content\/uploads\/sites\/41\/2019\/02\/Diapo_Synth%C3%A8se-Demarches-Pedagogiques.pptx\" target=\"_blank\" rel=\"noreferrer noopener\">3 d\u00e9marches d\u2019enseignement<\/a><br><a href=\"https:\/\/prezi.com\/embed\/3t-6q7ye4ghj\/\" target=\"_blank\" rel=\"noreferrer noopener\">Les temps de l\u2019investigation<\/a><br><a href=\"https:\/\/drive.google.com\/drive\/folders\/1KbWsmvdqQdeCGTfkCEXRjJxnhlrK8TTx?usp=sharing\" target=\"_blank\" rel=\"noreferrer noopener\">Vid\u00e9os des phases de la d\u00e9marche d\u2019investigation<\/a> \u00a0<\/td><\/tr><tr><td class=\"has-text-align-center\" data-align=\"center\">Mise en \u0153uvre<strong> de l\u2019enseignement &#8211; Documents \u00e9l\u00e8ves<\/strong> <strong>Lancement de s\u00e9quence<\/strong><br><strong>S\u00e9ances d\u2019activit\u00e9s \u00e9l\u00e8ves<\/strong><br><strong>Ressource vid\u00e9o et Quiz associ\u00e9s<\/strong><br><strong>Structuration connaissances<\/strong><br><strong>\u00c9valuation des comp\u00e9tences<\/strong> (4 Types d\u2019\u00e9valuations &#8211; D\u00e9finition de la comp\u00e9tence &#8211; M\u00e9thodologie &#8211; Crit\u00e8res sur 4 niveaux &#8211; Exemples &#8211; Banques)<br><strong>Outil d\u2019aide cr\u00e9ation des documents \u00e9l\u00e8ves<\/strong><br><strong>L\u2019organisation du classeur<\/strong><\/td><td class=\"has-text-align-center\" data-align=\"center\">\u00a0 Fiche lancement\u00a0:\u00a0 <a href=\"https:\/\/ent2d.ac-bordeaux.fr\/disciplines\/sti-college\/2019\/02\/22\/creer-un-document-de-lancement-de-sequence\/\" target=\"_blank\" rel=\"noreferrer noopener\">Cycle 4<\/a><br>Fiche activit\u00e9\u00a0:\u00a0 <a href=\"https:\/\/ent2d.ac-bordeaux.fr\/disciplines\/sti-college\/2019\/02\/22\/creer-un-document-dactivites-eleves\/\" target=\"_blank\" rel=\"noreferrer noopener\">Cycle 4<\/a><br>Ressources vid\u00e9os :\u00a0 <a href=\"https:\/\/ent2d.ac-bordeaux.fr\/disciplines\/sti-college\/2022\/02\/03\/utiliser-des-ressources-videos-pour-les-activites-cycle-4-v2022\/\" target=\"_blank\" rel=\"noreferrer noopener\">RV-C4 <\/a><br>Structuration :\u00a0 <a href=\"https:\/\/ent2d.ac-bordeaux.fr\/disciplines\/sti-college\/fiches-de-structuration-des-connaissances-cycle-4-v2022-2\/\">FCc4<\/a><a href=\"https:\/\/ent2d.ac-bordeaux.fr\/disciplines\/sti-college\/2019\/02\/22\/evaluer-les-competences\/\" target=\"_blank\" rel=\"noreferrer noopener\">D\u00e9finition de la comp\u00e9tence<\/a> <br><a href=\"https:\/\/ent2d.ac-bordeaux.fr\/disciplines\/sti-college\/2019\/02\/22\/evaluer-les-competences\/\" target=\"_blank\" rel=\"noreferrer noopener\">4 types d\u2019\u00e9valuations<\/a> &#8211; <a href=\"https:\/\/ent2d.ac-bordeaux.fr\/disciplines\/sti-college\/category\/evaluer-les-competences\/\" target=\"_blank\" rel=\"noreferrer noopener\">\u00c9valuer<\/a> &#8211; <br><a href=\"https:\/\/view.officeapps.live.com\/op\/view.aspx?src=http:\/\/sti.ac-bordeaux.fr\/techno\/epc_technologie\/Gestion-des-Evaluations-Sommatives-Eleves_v1.pptx\" target=\"_blank\" rel=\"noreferrer noopener\">Diaporama \u00e9valuation sommative<\/a> &#8211; <a href=\"https:\/\/ent2d.ac-bordeaux.fr\/disciplines\/sti-college\/wp-content\/uploads\/sites\/63\/2019\/09\/Evaluation-des-comp%C3%A9tences-Notice-explicative-RNR.pdf\" target=\"_blank\" rel=\"noreferrer noopener\">M\u00e9thode<\/a> \u2013 <a href=\"https:\/\/ent2d.ac-bordeaux.fr\/disciplines\/sti-college\/wp-content\/uploads\/sites\/63\/2021\/12\/Crite%CC%80res-de%CC%81valuation-Technologie-Cycle-4-2021.xlsx\" target=\"_blank\" rel=\"noreferrer noopener\">Crit\u00e8res niveaux Cycle 4<\/a> &#8211; <a href=\"http:\/\/sti.ac-bordeaux.fr\/techno\/epc_technologie\/Evaluation-C4-5eme-Habitat-Conteneur-OTSCIS-21-FE1_Croquis.pdf\" target=\"_blank\" rel=\"noreferrer noopener\">Exemple<\/a> &#8211; <a href=\"https:\/\/ent2d.ac-bordeaux.fr\/disciplines\/sti-college\/2019\/02\/21\/banque-devaluations-mutualisee-cycle-4\/\" target=\"_blank\" rel=\"noreferrer noopener\">Banque \u00e9valuations Cycle 4<\/a><br><a href=\"http:\/\/documentseleves.sti-ac-bordeaux.fr\/\" target=\"_blank\" rel=\"noreferrer noopener\"><strong>Automatisation des documents<\/strong><\/a><br><a href=\"https:\/\/ent2d.ac-bordeaux.fr\/disciplines\/sti-college\/2019\/02\/22\/organisation-du-classeur-eleve\/\" target=\"_blank\" rel=\"noreferrer noopener\">Page de garde du classeur<\/a><\/td><\/tr><tr><td class=\"has-text-align-center\" data-align=\"center\"><strong>Ressources th\u00e9matiques de Technologie<\/strong> Num\u00e9rique, Mod\u00e9lisation, Robotique, Concours <strong>Banques d\u2019exemples \u00e0 disposition<\/strong> <br>Planifications<br><strong>S\u00e9quences compl\u00e8tes<\/strong><br><strong>\u00c9valuations<\/strong><br><\/td><td class=\"has-text-align-center\" data-align=\"center\"> <a href=\"https:\/\/ent2d.ac-bordeaux.fr\/disciplines\/sti-college\/category\/thematiques\/\" target=\"_blank\" rel=\"noreferrer noopener\">Onglet Th\u00e9matiques du site<\/a> <br><a href=\"https:\/\/ent2d.ac-bordeaux.fr\/disciplines\/sti-college\/category\/mutualisation-de-planification\/\" target=\"_blank\" rel=\"noreferrer noopener\">Exemples de planifications<\/a><br><a href=\"https:\/\/ent2d.ac-bordeaux.fr\/disciplines\/sti-college\/2019\/04\/04\/exemples-de-sequences-types-v2019\/\" target=\"_blank\" rel=\"noreferrer noopener\">Exemples de s\u00e9quences mutualis\u00e9es<\/a><br><a href=\"https:\/\/ent2d.ac-bordeaux.fr\/disciplines\/sti-college\/2019\/02\/21\/banque-devaluations-mutualisee-cycle-4\/\" target=\"_blank\" rel=\"noreferrer noopener\">Banque \u00e9valuations Cycle 4<\/a><\/td><\/tr><tr><td class=\"has-text-align-center\" data-align=\"center\"><br><br><strong>Partie 2 Exp\u00e9rimentations<\/strong><\/td><\/tr><tr><td class=\"has-text-align-center\" data-align=\"center\"><strong>S\u00e9quence \u00e0 exp\u00e9rimenter &#8211; Support de t\u00e9l\u00e9phone<\/strong> <strong>&nbsp;<\/strong> Lancement de s\u00e9quence &#8211; Probl\u00e8me soci\u00e9tal S\u00e9ance 1 &#8211; D\u00e9finition du support de t\u00e9l\u00e9phone S\u00e9ance 2 &#8211; Mod\u00e9lisation du support de t\u00e9l\u00e9phone<br>Fiches connaissances et de la fiche de r\u00e9vision<\/td><td class=\"has-text-align-center\" data-align=\"center\">\u00a0 <a href=\"https:\/\/vu.fr\/awrz\" target=\"_blank\" rel=\"noreferrer noopener\">Document lancement de s\u00e9quence<\/a><br><a href=\"https:\/\/vu.fr\/awrz\" target=\"_blank\" rel=\"noreferrer noopener\">Document s\u00e9ance 1<\/a><br><a href=\"https:\/\/vu.fr\/awrz\" target=\"_blank\" rel=\"noreferrer noopener\">Document s\u00e9ance 2<\/a><br><a href=\"https:\/\/vu.fr\/awrz\"> <\/a><a href=\"https:\/\/drive.google.com\/drive\/folders\/14gx1eMMbq27qKzeZFRzmzklmbMl45We2?usp=sharing\" target=\"_blank\" rel=\"noreferrer noopener\">Corrig\u00e9s<\/a><br><a href=\"https:\/\/drive.google.com\/drive\/folders\/1iWhATlDBEa5D-VFklqN1hK_84wcsbE9t?usp=sharing\" target=\"_blank\" rel=\"noreferrer noopener\">Fiches de structuration des connaissances &#8211; Fiche de r\u00e9vision<\/a><\/td><\/tr><tr><td class=\"has-text-align-center\" data-align=\"center\">Acc\u00e8s aux documents de travail&nbsp;: <a href=\"https:\/\/vu.fr\/gQVx\"><strong>https:\/\/vu.fr\/gQVx<\/strong><\/a><\/td><td class=\"has-text-align-center\" data-align=\"center\">&nbsp;<\/td><\/tr><\/tbody><\/table><\/figure>\n\n\n\n<figure class=\"wp-block-table is-style-stripes\"><table><tbody><tr><td>Partie 3 \u2013 \u00c9valuation<\/td><\/tr><tr><td><strong>Strat\u00e9gies d\u2019\u00e9valuation par comp\u00e9tence<\/strong> <strong>Activit\u00e9 :<\/strong> <br>D\u00e9finition de la comp\u00e9tence<br>Types d\u2019\u00e9valuations<br>Strat\u00e9gie de cr\u00e9ation des \u00e9valuations sommatives<br>Crit\u00e8res de niveaux<br>Exemples d\u2019\u00e9valuations<br>Banques d\u2019\u00e9valuations<br> &nbsp;<\/td><td><a href=\"https:\/\/ent2d.ac-bordeaux.fr\/disciplines\/sti-college\/2019\/02\/22\/evaluer-les-competences\/\" target=\"_blank\" rel=\"noreferrer noopener\">D\u00e9finition de la comp\u00e9tence<\/a> <br><a href=\"https:\/\/ent2d.ac-bordeaux.fr\/disciplines\/sti-college\/2019\/02\/22\/evaluer-les-competences\/\" target=\"_blank\" rel=\"noreferrer noopener\">Types d\u2019\u00e9valuations<\/a> <br><a href=\"https:\/\/view.officeapps.live.com\/op\/view.aspx?src=http:\/\/sti.ac-bordeaux.fr\/techno\/epc_technologie\/Gestion-des-Evaluations-Sommatives-Eleves_v1.pptx\" target=\"_blank\" rel=\"noreferrer noopener\">Strat\u00e9gie \u00e9valuation sommative<\/a> <br><a href=\"https:\/\/ent2d.ac-bordeaux.fr\/disciplines\/sti-college\/wp-content\/uploads\/sites\/63\/2019\/09\/Evaluation-des-comp%C3%A9tences-Notice-explicative-RNR.pdf\" target=\"_blank\" rel=\"noreferrer noopener\">M\u00e9thode Eduscol identique<\/a> <br><a href=\"https:\/\/ent2d.ac-bordeaux.fr\/disciplines\/sti-college\/wp-content\/uploads\/sites\/63\/2021\/12\/Crite%CC%80res-de%CC%81valuation-Technologie-Cycle-4-2021.xlsx\" target=\"_blank\" rel=\"noreferrer noopener\">Crit\u00e8res niveaux Cycle 4<\/a> <br><a href=\"https:\/\/ent2d.ac-bordeaux.fr\/disciplines\/sti-college\/2019\/02\/21\/banque-devaluations-mutualisee-cycle-4\/\" target=\"_blank\" rel=\"noreferrer noopener\">Banque \u00e9valuations Cycle 4<\/a> \u00a0 <a href=\"http:\/\/documentseleves.sti-ac-bordeaux.fr\/\" target=\"_blank\" rel=\"noreferrer noopener\">Automatisation des documents<\/a> \u00a0<\/td><\/tr><tr><td><strong>Partie 4 \u2013 Num\u00e9rique et robotique<\/strong><\/td><\/tr><tr><td><strong>Les mat\u00e9riels, ressources et outils informatiques<\/strong> <br>Mat\u00e9riel et exploitation<br>Ressources et outils num\u00e9riques<\/td><td><a href=\"https:\/\/ent2d.ac-bordeaux.fr\/disciplines\/sti-college\/2019\/02\/22\/guide-dequipement-du-college\/\" target=\"_blank\" rel=\"noreferrer noopener\">Guide d\u2019\u00e9quipement Technologie<\/a> \u00a0 <a href=\"https:\/\/ent2d.ac-bordeaux.fr\/disciplines\/sti-college\/2019\/02\/21\/boite-a-outils-numeriques-cycle-4\/\" target=\"_blank\" rel=\"noreferrer noopener\">Ressources\/outils num\u00e9riques C4<\/a><\/td><\/tr><tr><td><strong>La programmation et la robotique<\/strong> <br>Les mentions dans les programmes<br>Le nivellement et diversit\u00e9 des activit\u00e9s<br>Diversit\u00e9 des mat\u00e9riels \u00e0 utiliser, ressources et outils associ\u00e9s<br>Le mat\u00e9riel type dans un \u00e9tablissement<br>Les sites de vente de mat\u00e9riel<\/td><td><a href=\"https:\/\/ent2d.ac-bordeaux.fr\/disciplines\/sti-college\/wp-content\/uploads\/sites\/63\/2020\/08\/Programme2020_cycle_4_comparatif_technologie.pdf\" target=\"_blank\" rel=\"noreferrer noopener\">Programme C4<\/a><br><a href=\"https:\/\/ent2d.ac-bordeaux.fr\/disciplines\/sti-college\/2016\/02\/22\/decouvrir-et-appliquer-le-codage-avec-des-systemes-robotiques\/\" target=\"_blank\" rel=\"noreferrer noopener\">Mat\u00e9riels et ressources<\/a><a href=\"https:\/\/ent2d.ac-bordeaux.fr\/disciplines\/sti-college\/category\/it\/microbit\/\"> Focus : La carte micro:bit<\/a><br><a href=\"https:\/\/ent2d.ac-bordeaux.fr\/disciplines\/sti-college\/2019\/02\/22\/liste-des-applications-pour-la-programmation\/\" target=\"_blank\" rel=\"noreferrer noopener\">Applications pour la programmation<\/a><a href=\"https:\/\/www.a4.fr\/robotique-programmation\/robots-programmables.html\">A4<\/a> &#8211; <a href=\"https:\/\/jeulin.com\/jeulin_fr\/enseignement\/technologie\/robotique.html\" target=\"_blank\" rel=\"noreferrer noopener\">Jeulin<\/a> &#8211; <a href=\"https:\/\/www.technologieservices.fr\/produits\/robotique-et-programmation.html\" target=\"_blank\" rel=\"noreferrer noopener\">TS<\/a> &#8211; <a href=\"https:\/\/www.generationrobots.com\/fr\/136-kits-robotiques-colleges\" target=\"_blank\" rel=\"noreferrer noopener\">G\u00e9n\u00e9ration Robot<\/a> &#8211; <a href=\"https:\/\/www.gotronic.fr\/\" target=\"_blank\" rel=\"noreferrer noopener\">GoTronic<\/a> <strong>\u00a0<\/strong><\/td><\/tr><tr><td><strong>Ateliers de robotique<\/strong><\/td><\/tr><tr><td>Pr\u00e9sentation des 3 ateliers de 45 mn<br><strong>D\u00e9fi 1 &#8211; Programmer la voiture autonome (mBot)<\/strong><br><strong>D\u00e9fi 2 &#8211; G\u00e9rer un \u00e9clairage intelligent<\/strong><br><strong>D\u00e9fi 3 &#8211; Participer \u00e0 Yes We Play Soccer<\/strong> <strong>Modification Formation Coll\u00e8ge Chamb\u00e9ry<\/strong> <br><strong>Programmation Mbot<\/strong><br><strong>Programmation Maqueen<\/strong><br><strong>Programmation Scratch&nbsp;: animation portail<\/strong><\/td><td>\u00a0 \u00a0 <a href=\"https:\/\/drive.google.com\/drive\/folders\/1EK7ficxDJtzRBWbyRwLORDQ-ZWytiYwZ?usp=sharing\" target=\"_blank\" rel=\"noreferrer noopener\">Diaporama de pr\u00e9sentation des d\u00e9fis<\/a> \u00a0<\/td><\/tr><\/tbody><\/table><\/figure>\n","protected":false},"excerpt":{"rendered":"<p>Enseigner en 3\u00e8me pr\u00e9pa-m\u00e9tiers &#8211; Formation du 27 et 28 f\u00e9vrier 2023 D\u00c9ROUL\u00c9 SUPPORTS Partie 1 Documents r\u00e9f\u00e9rents pour enseigner Les ressources r\u00e9f\u00e9rentes pour la Technologie au coll\u00e8ge Site STI et son contenuRessources nationales (Eduscol &#8211; RNR) \u00a0 Site acad\u00e9mique STI Eduscol Technologie &#8211; RNR D\u00e9marche g\u00e9n\u00e9rale d\u2019enseignement en Technologie Du programme \u00e0 l\u2019\u00e9valuation \u00a0 &hellip; <\/p>\n<p><a class=\"more-link btn\" href=\"https:\/\/ent2d.ac-bordeaux.fr\/disciplines\/3pm\/technologie\/\">Lire la suite<\/a><\/p>\n","protected":false},"author":95,"featured_media":0,"parent":0,"menu_order":0,"comment_status":"closed","ping_status":"closed","template":"","meta":{"footnotes":""},"class_list":["post-47","page","type-page","status-publish","hentry","nodate","item-wrap"],"_links":{"self":[{"href":"https:\/\/ent2d.ac-bordeaux.fr\/disciplines\/3pm\/wp-json\/wp\/v2\/pages\/47","targetHints":{"allow":["GET"]}}],"collection":[{"href":"https:\/\/ent2d.ac-bordeaux.fr\/disciplines\/3pm\/wp-json\/wp\/v2\/pages"}],"about":[{"href":"https:\/\/ent2d.ac-bordeaux.fr\/disciplines\/3pm\/wp-json\/wp\/v2\/types\/page"}],"author":[{"embeddable":true,"href":"https:\/\/ent2d.ac-bordeaux.fr\/disciplines\/3pm\/wp-json\/wp\/v2\/users\/95"}],"replies":[{"embeddable":true,"href":"https:\/\/ent2d.ac-bordeaux.fr\/disciplines\/3pm\/wp-json\/wp\/v2\/comments?post=47"}],"version-history":[{"count":20,"href":"https:\/\/ent2d.ac-bordeaux.fr\/disciplines\/3pm\/wp-json\/wp\/v2\/pages\/47\/revisions"}],"predecessor-version":[{"id":518,"href":"https:\/\/ent2d.ac-bordeaux.fr\/disciplines\/3pm\/wp-json\/wp\/v2\/pages\/47\/revisions\/518"}],"wp:attachment":[{"href":"https:\/\/ent2d.ac-bordeaux.fr\/disciplines\/3pm\/wp-json\/wp\/v2\/media?parent=47"}],"curies":[{"name":"wp","href":"https:\/\/api.w.org\/{rel}","templated":true}]}}