{"id":463,"date":"2023-03-06T12:38:23","date_gmt":"2023-03-06T11:38:23","guid":{"rendered":"https:\/\/ent2d.ac-bordeaux.fr\/disciplines\/3pm\/?page_id=463"},"modified":"2023-03-06T12:41:42","modified_gmt":"2023-03-06T11:41:42","slug":"programme-denseignement-du-cycle-des-approfondissements-cycle4","status":"publish","type":"page","link":"https:\/\/ent2d.ac-bordeaux.fr\/disciplines\/3pm\/le-lsu\/programme-denseignement-du-cycle-des-approfondissements-cycle4\/","title":{"rendered":"Programme d\u2019enseignement du cycle des approfondissements (cycle4)"},"content":{"rendered":"\n<h1 class=\"wp-block-heading\">Programme du cycle 4 <\/h1>\n\n\n\n<div class=\"wp-block-image\"><figure class=\"alignleft\"><a href=\"https:\/\/ent2d.ac-bordeaux.fr\/disciplines\/sti-college\/wp-content\/uploads\/sites\/63\/2020\/08\/Programme2020_cycle_4_comparatif_technologie.pdf\" target=\"_blank\" rel=\"noreferrer noopener\"><img decoding=\"async\" src=\"https:\/\/ent2d.ac-bordeaux.fr\/disciplines\/sti\/wp-content\/uploads\/sites\/62\/2020\/08\/Programme-Cycle4-Technologie-Rentree-2020-1-213x300.jpg\" alt=\"\" class=\"wp-image-7261\" \/><\/a><\/figure><\/div>\n\n\n\n<p><a href=\"https:\/\/ent2d.ac-bordeaux.fr\/disciplines\/sti-college\/wp-content\/uploads\/sites\/63\/2020\/08\/Programme2020_cycle_3_comparatif_1313375-1-78-89.pdf\" target=\"_blank\" rel=\"noreferrer noopener\">&nbsp;<\/a><strong>Le texte officiel a \u00e9t\u00e9 modifi\u00e9 et publi\u00e9 au BO n\u00b031 du 30 juillet 2020<\/strong><\/p>\n\n\n\n<p><strong>Consultez le&nbsp;<a href=\"https:\/\/cache.media.eduscol.education.fr\/file\/A-Scolarite_obligatoire\/37\/7\/Programme2020_cycle_4_comparatif_1313377.pdf\" target=\"_blank\" rel=\"noreferrer noopener\">programme avec modifications apparentes<\/a><\/strong><\/p>\n\n\n\n<p>Cette version du texte met en \u00e9vidence les modifications apport\u00e9es au programme en application jusqu\u2019\u00e0 l\u2019ann\u00e9e scolaire 2019-2020 afin de renforcer les enseignements relatifs au changement climatique,<br>\u00e0 la biodiversit\u00e9 et au d\u00e9veloppement durable.<\/p>\n\n\n\n<p><strong>T\u00e9l\u00e9chargez le&nbsp;<a href=\"https:\/\/www.education.gouv.fr\/media\/70285\/download\" target=\"_blank\" rel=\"noreferrer noopener\">programme consolid\u00e9<\/a>&nbsp;publi\u00e9 au BO n\u00b031 du 30 juillet 2020<\/strong><\/p>\n\n\n\n<p><a rel=\"noreferrer noopener\" href=\"https:\/\/eduscol.education.fr\/pid34185\/cycle-4-college.html\" target=\"_blank\"><strong>Consultez la page d\u00e9di\u00e9e sur Eduscol<\/strong><\/a>.<\/p>\n","protected":false},"excerpt":{"rendered":"<p>Programme du cycle 4 &nbsp;Le texte officiel a \u00e9t\u00e9 modifi\u00e9 et publi\u00e9 au BO n\u00b031 du 30 juillet 2020 Consultez le&nbsp;programme avec modifications apparentes Cette version du texte met en \u00e9vidence les modifications apport\u00e9es au programme en application jusqu\u2019\u00e0 l\u2019ann\u00e9e scolaire 2019-2020 afin de renforcer les enseignements relatifs au changement climatique,\u00e0 la biodiversit\u00e9 et au &hellip; <\/p>\n<p><a class=\"more-link btn\" href=\"https:\/\/ent2d.ac-bordeaux.fr\/disciplines\/3pm\/le-lsu\/programme-denseignement-du-cycle-des-approfondissements-cycle4\/\">Lire la suite<\/a><\/p>\n","protected":false},"author":2084,"featured_media":0,"parent":39,"menu_order":0,"comment_status":"closed","ping_status":"closed","template":"","meta":{"footnotes":""},"class_list":["post-463","page","type-page","status-publish","hentry","nodate","item-wrap"],"_links":{"self":[{"href":"https:\/\/ent2d.ac-bordeaux.fr\/disciplines\/3pm\/wp-json\/wp\/v2\/pages\/463","targetHints":{"allow":["GET"]}}],"collection":[{"href":"https:\/\/ent2d.ac-bordeaux.fr\/disciplines\/3pm\/wp-json\/wp\/v2\/pages"}],"about":[{"href":"https:\/\/ent2d.ac-bordeaux.fr\/disciplines\/3pm\/wp-json\/wp\/v2\/types\/page"}],"author":[{"embeddable":true,"href":"https:\/\/ent2d.ac-bordeaux.fr\/disciplines\/3pm\/wp-json\/wp\/v2\/users\/2084"}],"replies":[{"embeddable":true,"href":"https:\/\/ent2d.ac-bordeaux.fr\/disciplines\/3pm\/wp-json\/wp\/v2\/comments?post=463"}],"version-history":[{"count":2,"href":"https:\/\/ent2d.ac-bordeaux.fr\/disciplines\/3pm\/wp-json\/wp\/v2\/pages\/463\/revisions"}],"predecessor-version":[{"id":466,"href":"https:\/\/ent2d.ac-bordeaux.fr\/disciplines\/3pm\/wp-json\/wp\/v2\/pages\/463\/revisions\/466"}],"up":[{"embeddable":true,"href":"https:\/\/ent2d.ac-bordeaux.fr\/disciplines\/3pm\/wp-json\/wp\/v2\/pages\/39"}],"wp:attachment":[{"href":"https:\/\/ent2d.ac-bordeaux.fr\/disciplines\/3pm\/wp-json\/wp\/v2\/media?parent=463"}],"curies":[{"name":"wp","href":"https:\/\/api.w.org\/{rel}","templated":true}]}}