{"id":450,"date":"2023-03-02T22:23:10","date_gmt":"2023-03-02T21:23:10","guid":{"rendered":"https:\/\/ent2d.ac-bordeaux.fr\/disciplines\/3pm\/?page_id=450"},"modified":"2023-03-07T16:24:15","modified_gmt":"2023-03-07T15:24:15","slug":"devoirs-faits","status":"publish","type":"page","link":"https:\/\/ent2d.ac-bordeaux.fr\/disciplines\/3pm\/devoir-faits\/devoirs-faits\/","title":{"rendered":"Vad\u00e9m\u00e9cum Devoirs faits"},"content":{"rendered":"\n<p>Le programme \u00ab Devoirs faits \u00bb permet \u00e0 des coll\u00e9giens de b\u00e9n\u00e9ficier, au sein de leur coll\u00e8ge ou de leur lyc\u00e9e pour la classe de troisi\u00e8mes pr\u00e9pa-m\u00e9tiers, d&rsquo;une aide appropri\u00e9e pour effectuer le travail qui est attendu d&rsquo;eux. <\/p>\n\n\n\n<h3 class=\"wp-block-heading\" id=\"summary-item-7\">Un choix des modalit\u00e9s de mise en \u0153uvre au sein de l&rsquo;\u00e9tablissement<\/h3>\n\n\n\n<p>Il revient \u00e0 chaque \u00e9tablissement de fixer les modalit\u00e9s de mise en \u0153uvre de Devoirs faits, en coh\u00e9rence avec son projet d&rsquo;\u00e9tablissement. Ces modalit\u00e9s sont d&rsquo;abord discut\u00e9es en conseil p\u00e9dagogique, puis pr\u00e9sent\u00e9es par le chef d&rsquo;\u00e9tablissement au conseil d&rsquo;administration.<\/p>\n\n\n\n<p>La taille des groupes est fix\u00e9e en fonction des t\u00e2ches \u00e0 accomplir et des \u00e9l\u00e8ves concern\u00e9s. Les \u00e9quipes p\u00e9dagogiques identifient les \u00e9l\u00e8ves susceptibles de participer au programme et leur en font la proposition ainsi qu&rsquo;\u00e0 leur famille. Celles-ci peuvent bien entendu elles-m\u00eames solliciter l&rsquo;acc\u00e8s au programme.<\/p>\n\n\n\n<figure class=\"wp-block-image size-full\"><a href=\"https:\/\/eduscol.education.fr\/document\/41725\/download?attachment\" target=\"_blank\" rel=\"noopener\"><img loading=\"lazy\" decoding=\"async\" width=\"447\" height=\"621\" src=\"https:\/\/ent2d.ac-bordeaux.fr\/disciplines\/3pm\/wp-content\/uploads\/sites\/74\/2023\/03\/image-13.png\" alt=\"\" class=\"wp-image-452\" srcset=\"https:\/\/ent2d.ac-bordeaux.fr\/disciplines\/3pm\/wp-content\/uploads\/sites\/74\/2023\/03\/image-13.png 447w, https:\/\/ent2d.ac-bordeaux.fr\/disciplines\/3pm\/wp-content\/uploads\/sites\/74\/2023\/03\/image-13-216x300.png 216w\" sizes=\"auto, (max-width: 447px) 100vw, 447px\" \/><\/a><\/figure>\n","protected":false},"excerpt":{"rendered":"<p>Le programme \u00ab Devoirs faits \u00bb permet \u00e0 des coll\u00e9giens de b\u00e9n\u00e9ficier, au sein de leur coll\u00e8ge ou de leur lyc\u00e9e pour la classe de troisi\u00e8mes pr\u00e9pa-m\u00e9tiers, d&rsquo;une aide appropri\u00e9e pour effectuer le travail qui est attendu d&rsquo;eux. Un choix des modalit\u00e9s de mise en \u0153uvre au sein de l&rsquo;\u00e9tablissement Il revient \u00e0 chaque \u00e9tablissement &hellip; <\/p>\n<p><a class=\"more-link btn\" href=\"https:\/\/ent2d.ac-bordeaux.fr\/disciplines\/3pm\/devoir-faits\/devoirs-faits\/\">Lire la suite<\/a><\/p>\n","protected":false},"author":2084,"featured_media":0,"parent":42,"menu_order":0,"comment_status":"closed","ping_status":"closed","template":"","meta":{"footnotes":""},"class_list":["post-450","page","type-page","status-publish","hentry","nodate","item-wrap"],"_links":{"self":[{"href":"https:\/\/ent2d.ac-bordeaux.fr\/disciplines\/3pm\/wp-json\/wp\/v2\/pages\/450","targetHints":{"allow":["GET"]}}],"collection":[{"href":"https:\/\/ent2d.ac-bordeaux.fr\/disciplines\/3pm\/wp-json\/wp\/v2\/pages"}],"about":[{"href":"https:\/\/ent2d.ac-bordeaux.fr\/disciplines\/3pm\/wp-json\/wp\/v2\/types\/page"}],"author":[{"embeddable":true,"href":"https:\/\/ent2d.ac-bordeaux.fr\/disciplines\/3pm\/wp-json\/wp\/v2\/users\/2084"}],"replies":[{"embeddable":true,"href":"https:\/\/ent2d.ac-bordeaux.fr\/disciplines\/3pm\/wp-json\/wp\/v2\/comments?post=450"}],"version-history":[{"count":4,"href":"https:\/\/ent2d.ac-bordeaux.fr\/disciplines\/3pm\/wp-json\/wp\/v2\/pages\/450\/revisions"}],"predecessor-version":[{"id":506,"href":"https:\/\/ent2d.ac-bordeaux.fr\/disciplines\/3pm\/wp-json\/wp\/v2\/pages\/450\/revisions\/506"}],"up":[{"embeddable":true,"href":"https:\/\/ent2d.ac-bordeaux.fr\/disciplines\/3pm\/wp-json\/wp\/v2\/pages\/42"}],"wp:attachment":[{"href":"https:\/\/ent2d.ac-bordeaux.fr\/disciplines\/3pm\/wp-json\/wp\/v2\/media?parent=450"}],"curies":[{"name":"wp","href":"https:\/\/api.w.org\/{rel}","templated":true}]}}