{"id":442,"date":"2023-03-02T22:10:49","date_gmt":"2023-03-02T21:10:49","guid":{"rendered":"https:\/\/ent2d.ac-bordeaux.fr\/disciplines\/3pm\/?page_id=442"},"modified":"2023-03-02T22:11:35","modified_gmt":"2023-03-02T21:11:35","slug":"decouverte-professionnelle-en-entreprise","status":"publish","type":"page","link":"https:\/\/ent2d.ac-bordeaux.fr\/disciplines\/3pm\/dpmfp\/decouverte-professionnelle-en-entreprise\/","title":{"rendered":"D\u00e9couverte professionnelle en entreprise"},"content":{"rendered":"\n<p>La d\u00e9couverte professionnelle prend tout son sens lorsque celle-ci peut \u00eatre mise en \u0153uvre \u00e0 travers des activit\u00e9s r\u00e9alis\u00e9es \u00e0 travers diff\u00e9rentes modalit\u00e9s p\u00e9dagogiques<strong>:<\/strong> <\/p>\n\n\n\n<ul class=\"wp-block-list\"><li>activit\u00e9s pratiques et d\u00e9port\u00e9es dans un LP ou CFA\u00a0; <\/li><li>activit\u00e9s r\u00e9alis\u00e9es dans le cadre de mini-entreprises\u00a0; <\/li><li>activit\u00e9s r\u00e9alis\u00e9es au sein d\u2019espaces professionnels reconstitu\u00e9s; <\/li><li>projet de d\u00e9couverte professionnelle des m\u00e9tiers ou projet en lien avec une entreprise\u00a0; <\/li><li>challenges ou concours organis\u00e9s avec le soutien d\u2019une branche ou association professionnelle\u00a0&#8230;<\/li><\/ul>\n\n\n\n<figure class=\"wp-block-image size-full\"><img loading=\"lazy\" decoding=\"async\" width=\"706\" height=\"519\" src=\"https:\/\/ent2d.ac-bordeaux.fr\/disciplines\/3pm\/wp-content\/uploads\/sites\/74\/2023\/03\/image-10.png\" alt=\"\" class=\"wp-image-446\" srcset=\"https:\/\/ent2d.ac-bordeaux.fr\/disciplines\/3pm\/wp-content\/uploads\/sites\/74\/2023\/03\/image-10.png 706w, https:\/\/ent2d.ac-bordeaux.fr\/disciplines\/3pm\/wp-content\/uploads\/sites\/74\/2023\/03\/image-10-300x221.png 300w\" sizes=\"auto, (max-width: 706px) 100vw, 706px\" \/><\/figure>\n\n\n\n<figure class=\"wp-block-image size-full\"><img loading=\"lazy\" decoding=\"async\" width=\"699\" height=\"237\" src=\"https:\/\/ent2d.ac-bordeaux.fr\/disciplines\/3pm\/wp-content\/uploads\/sites\/74\/2023\/03\/image-11.png\" alt=\"\" class=\"wp-image-447\" srcset=\"https:\/\/ent2d.ac-bordeaux.fr\/disciplines\/3pm\/wp-content\/uploads\/sites\/74\/2023\/03\/image-11.png 699w, https:\/\/ent2d.ac-bordeaux.fr\/disciplines\/3pm\/wp-content\/uploads\/sites\/74\/2023\/03\/image-11-300x102.png 300w\" sizes=\"auto, (max-width: 699px) 100vw, 699px\" \/><\/figure>\n\n\n\n<p>Il existe 3 fiches du Vad\u00e9m\u00e9cum pour aider \u00e0 mettre en \u0153uvre la d\u00e9couverte des m\u00e9tiers et des formations professionnelles :<\/p>\n\n\n\n<ul class=\"wp-block-list\"><li>Mettre en \u0153uvre la d\u00e9couverte des m\u00e9tiers et des formations professionnelles.<\/li><\/ul>\n\n\n\n<ul class=\"wp-block-list\"><li>Mettre en \u0153uvre la d\u00e9couverte professionnelle des m\u00e9tiers en entreprise.<\/li><\/ul>\n\n\n\n<ul class=\"wp-block-list\"><li>D\u00e9couvrir l&rsquo;apprentissage.<\/li><\/ul>\n\n\n\n<p> <\/p>\n","protected":false},"excerpt":{"rendered":"<p>La d\u00e9couverte professionnelle prend tout son sens lorsque celle-ci peut \u00eatre mise en \u0153uvre \u00e0 travers des activit\u00e9s r\u00e9alis\u00e9es \u00e0 travers diff\u00e9rentes modalit\u00e9s p\u00e9dagogiques: activit\u00e9s pratiques et d\u00e9port\u00e9es dans un LP ou CFA\u00a0; activit\u00e9s r\u00e9alis\u00e9es dans le cadre de mini-entreprises\u00a0; activit\u00e9s r\u00e9alis\u00e9es au sein d\u2019espaces professionnels reconstitu\u00e9s; projet de d\u00e9couverte professionnelle des m\u00e9tiers ou projet &hellip; <\/p>\n<p><a class=\"more-link btn\" href=\"https:\/\/ent2d.ac-bordeaux.fr\/disciplines\/3pm\/dpmfp\/decouverte-professionnelle-en-entreprise\/\">Lire la suite<\/a><\/p>\n","protected":false},"author":2084,"featured_media":0,"parent":52,"menu_order":0,"comment_status":"closed","ping_status":"closed","template":"","meta":{"footnotes":""},"class_list":["post-442","page","type-page","status-publish","hentry","nodate","item-wrap"],"_links":{"self":[{"href":"https:\/\/ent2d.ac-bordeaux.fr\/disciplines\/3pm\/wp-json\/wp\/v2\/pages\/442","targetHints":{"allow":["GET"]}}],"collection":[{"href":"https:\/\/ent2d.ac-bordeaux.fr\/disciplines\/3pm\/wp-json\/wp\/v2\/pages"}],"about":[{"href":"https:\/\/ent2d.ac-bordeaux.fr\/disciplines\/3pm\/wp-json\/wp\/v2\/types\/page"}],"author":[{"embeddable":true,"href":"https:\/\/ent2d.ac-bordeaux.fr\/disciplines\/3pm\/wp-json\/wp\/v2\/users\/2084"}],"replies":[{"embeddable":true,"href":"https:\/\/ent2d.ac-bordeaux.fr\/disciplines\/3pm\/wp-json\/wp\/v2\/comments?post=442"}],"version-history":[{"count":1,"href":"https:\/\/ent2d.ac-bordeaux.fr\/disciplines\/3pm\/wp-json\/wp\/v2\/pages\/442\/revisions"}],"predecessor-version":[{"id":448,"href":"https:\/\/ent2d.ac-bordeaux.fr\/disciplines\/3pm\/wp-json\/wp\/v2\/pages\/442\/revisions\/448"}],"up":[{"embeddable":true,"href":"https:\/\/ent2d.ac-bordeaux.fr\/disciplines\/3pm\/wp-json\/wp\/v2\/pages\/52"}],"wp:attachment":[{"href":"https:\/\/ent2d.ac-bordeaux.fr\/disciplines\/3pm\/wp-json\/wp\/v2\/media?parent=442"}],"curies":[{"name":"wp","href":"https:\/\/api.w.org\/{rel}","templated":true}]}}