{"id":439,"date":"2025-09-02T21:58:00","date_gmt":"2025-09-02T19:58:00","guid":{"rendered":"https:\/\/ent2d.ac-bordeaux.fr\/disciplines\/3pm\/?page_id=439"},"modified":"2025-09-23T20:07:43","modified_gmt":"2025-09-23T18:07:43","slug":"les-epreuves-du-dnb-serie-professionnelle","status":"publish","type":"page","link":"https:\/\/ent2d.ac-bordeaux.fr\/disciplines\/3pm\/dnb-pro-2\/les-epreuves-du-dnb-serie-professionnelle\/","title":{"rendered":"Les \u00e9preuves du DNB s\u00e9rie professionnelle"},"content":{"rendered":"\n<figure class=\"wp-block-image size-full\"><a href=\"https:\/\/www.education.gouv.fr\/le-diplome-national-du-brevet-10613\"><img loading=\"lazy\" decoding=\"async\" width=\"730\" height=\"380\" src=\"https:\/\/ent2d.ac-bordeaux.fr\/disciplines\/3pm\/wp-content\/uploads\/sites\/74\/2025\/09\/image-2.png\" alt=\"\" class=\"wp-image-679\" srcset=\"https:\/\/ent2d.ac-bordeaux.fr\/disciplines\/3pm\/wp-content\/uploads\/sites\/74\/2025\/09\/image-2.png 730w, https:\/\/ent2d.ac-bordeaux.fr\/disciplines\/3pm\/wp-content\/uploads\/sites\/74\/2025\/09\/image-2-300x156.png 300w\" sizes=\"auto, (max-width: 730px) 100vw, 730px\" \/><\/a><\/figure>\n\n\n\n<h2 class=\"wp-block-heading\" id=\"summary-item-0\">Les programmes des \u00e9preuves \u00e0 compter de la session 2026<\/h2>\n\n\n\n<p>Les sujets et les modalit\u00e9s des<strong>&nbsp;\u00e9preuves \u00e9crites<\/strong>&nbsp;correspondent aux programmes du cycle 4 ou \u00e0 celui de la classe de troisi\u00e8me lorsque le programme disciplinaire du cycle 4 le pr\u00e9cise.<\/p>\n\n\n\n<p><strong>Les nouveaut\u00e9s du brevet<\/strong><\/p>\n\n\n\n<ul class=\"wp-block-list\">\n<li>\u00c0 compter de la session<strong> 2026<\/strong>, le dipl\u00f4me est d\u00e9livr\u00e9, dans la s\u00e9rie g\u00e9n\u00e9rale et dans la s\u00e9rie professionnelle, aux candidats ayant obtenu une moyenne finale \u00e9gale ou sup\u00e9rieure \u00e0 10 sur 20 (fin du syst\u00e8me de notation sur 800 points). <strong>La note de contr\u00f4le continu est calcul\u00e9e \u00e0 partir des moyennes annuelles de toutes les disciplines<\/strong> (toutes au m\u00eame coefficient) obtenues par les \u00e9l\u00e8ves en classe de 3e, et non plus \u00e0 partir des huit composantes du <a href=\"https:\/\/www.education.gouv.fr\/le-socle-commun-de-connaissances-de-competences-et-de-culture-12512\">socle commun de connaissances, de comp\u00e9tences et de culture<\/a>.<\/li>\n\n\n\n<li><strong>Un nouvel \u00e9quilibre est \u00e9galement instaur\u00e9 entre contr\u00f4le continu et \u00e9preuves terminales<\/strong> : ces derni\u00e8res comptent d\u00e9sormais pour 60 % de la note finale (contre 50 % actuellement), tandis que le contr\u00f4le continu repr\u00e9sente 40 % (contre 50 % jusqu\u2019alors).<\/li>\n\n\n\n<li>Depuis juin <strong>2025<\/strong>, le dipl\u00f4me national du brevet est restructur\u00e9 avec des notes s\u00e9par\u00e9es pour l\u2019histoire-g\u00e9ographie et l\u2019enseignement moral et civique (EMC), et introduit&nbsp;la mention \u00ab\u00a0Tr\u00e8s bien avec f\u00e9licitations du jury\u00a0\u00bb.<\/li>\n<\/ul>\n","protected":false},"excerpt":{"rendered":"<p>Les programmes des \u00e9preuves \u00e0 compter de la session 2026 Les sujets et les modalit\u00e9s des&nbsp;\u00e9preuves \u00e9crites&nbsp;correspondent aux programmes du cycle 4 ou \u00e0 celui de la classe de troisi\u00e8me lorsque le programme disciplinaire du cycle 4 le pr\u00e9cise. Les nouveaut\u00e9s du brevet<\/p>\n","protected":false},"author":2084,"featured_media":0,"parent":233,"menu_order":0,"comment_status":"closed","ping_status":"closed","template":"","meta":{"footnotes":""},"class_list":["post-439","page","type-page","status-publish","hentry","nodate","item-wrap"],"_links":{"self":[{"href":"https:\/\/ent2d.ac-bordeaux.fr\/disciplines\/3pm\/wp-json\/wp\/v2\/pages\/439","targetHints":{"allow":["GET"]}}],"collection":[{"href":"https:\/\/ent2d.ac-bordeaux.fr\/disciplines\/3pm\/wp-json\/wp\/v2\/pages"}],"about":[{"href":"https:\/\/ent2d.ac-bordeaux.fr\/disciplines\/3pm\/wp-json\/wp\/v2\/types\/page"}],"author":[{"embeddable":true,"href":"https:\/\/ent2d.ac-bordeaux.fr\/disciplines\/3pm\/wp-json\/wp\/v2\/users\/2084"}],"replies":[{"embeddable":true,"href":"https:\/\/ent2d.ac-bordeaux.fr\/disciplines\/3pm\/wp-json\/wp\/v2\/comments?post=439"}],"version-history":[{"count":4,"href":"https:\/\/ent2d.ac-bordeaux.fr\/disciplines\/3pm\/wp-json\/wp\/v2\/pages\/439\/revisions"}],"predecessor-version":[{"id":683,"href":"https:\/\/ent2d.ac-bordeaux.fr\/disciplines\/3pm\/wp-json\/wp\/v2\/pages\/439\/revisions\/683"}],"up":[{"embeddable":true,"href":"https:\/\/ent2d.ac-bordeaux.fr\/disciplines\/3pm\/wp-json\/wp\/v2\/pages\/233"}],"wp:attachment":[{"href":"https:\/\/ent2d.ac-bordeaux.fr\/disciplines\/3pm\/wp-json\/wp\/v2\/media?parent=439"}],"curies":[{"name":"wp","href":"https:\/\/api.w.org\/{rel}","templated":true}]}}