{"id":427,"date":"2023-03-02T21:28:48","date_gmt":"2023-03-02T20:28:48","guid":{"rendered":"https:\/\/ent2d.ac-bordeaux.fr\/disciplines\/3pm\/?page_id=427"},"modified":"2023-03-02T21:29:30","modified_gmt":"2023-03-02T20:29:30","slug":"concevoir-et-formaliser-le-projet-pedagogique","status":"publish","type":"page","link":"https:\/\/ent2d.ac-bordeaux.fr\/disciplines\/3pm\/projet-pedagogique\/concevoir-et-formaliser-le-projet-pedagogique\/","title":{"rendered":"Concevoir et formaliser le projet p\u00e9dagogique"},"content":{"rendered":"\n<figure class=\"wp-block-image size-full\"><img loading=\"lazy\" decoding=\"async\" width=\"709\" height=\"460\" src=\"https:\/\/ent2d.ac-bordeaux.fr\/disciplines\/3pm\/wp-content\/uploads\/sites\/74\/2023\/03\/image-5.png\" alt=\"\" class=\"wp-image-428\" srcset=\"https:\/\/ent2d.ac-bordeaux.fr\/disciplines\/3pm\/wp-content\/uploads\/sites\/74\/2023\/03\/image-5.png 709w, https:\/\/ent2d.ac-bordeaux.fr\/disciplines\/3pm\/wp-content\/uploads\/sites\/74\/2023\/03\/image-5-300x195.png 300w\" sizes=\"auto, (max-width: 709px) 100vw, 709px\" \/><\/figure>\n\n\n\n<figure class=\"wp-block-image size-full\"><img loading=\"lazy\" decoding=\"async\" width=\"702\" height=\"525\" src=\"https:\/\/ent2d.ac-bordeaux.fr\/disciplines\/3pm\/wp-content\/uploads\/sites\/74\/2023\/03\/image-6.png\" alt=\"\" class=\"wp-image-429\" srcset=\"https:\/\/ent2d.ac-bordeaux.fr\/disciplines\/3pm\/wp-content\/uploads\/sites\/74\/2023\/03\/image-6.png 702w, https:\/\/ent2d.ac-bordeaux.fr\/disciplines\/3pm\/wp-content\/uploads\/sites\/74\/2023\/03\/image-6-300x224.png 300w\" sizes=\"auto, (max-width: 702px) 100vw, 702px\" \/><\/figure>\n\n\n\n<figure class=\"wp-block-image size-full\"><img loading=\"lazy\" decoding=\"async\" width=\"710\" height=\"525\" src=\"https:\/\/ent2d.ac-bordeaux.fr\/disciplines\/3pm\/wp-content\/uploads\/sites\/74\/2023\/03\/image-7.png\" alt=\"\" class=\"wp-image-430\" srcset=\"https:\/\/ent2d.ac-bordeaux.fr\/disciplines\/3pm\/wp-content\/uploads\/sites\/74\/2023\/03\/image-7.png 710w, https:\/\/ent2d.ac-bordeaux.fr\/disciplines\/3pm\/wp-content\/uploads\/sites\/74\/2023\/03\/image-7-300x222.png 300w\" sizes=\"auto, (max-width: 710px) 100vw, 710px\" \/><\/figure>\n\n\n\n<p>Il existe 5 fiches dans le Vad\u00e9m\u00e9cum de la troisi\u00e8me \u00ab\u00a0pr\u00e9pa-m\u00e9tiers\u00a0\u00bb pour vous aider \u00e0 concevoir et formaliser le projet p\u00e9dagogique : <\/p>\n\n\n\n<p>                \u2022D\u00e9finir le fil rouge, l&rsquo;agenda de l\u2019ann\u00e9e, la planification des temps forts et activit\u00e9s. <\/p>\n\n\n\n<p>                \u2022Envisager l&rsquo;apport des prix, concours ou challenges. <\/p>\n\n\n\n<p>                \u2022Concevoir le projet p\u00e9dagogique de la classe. <\/p>\n\n\n\n<p>                \u2022Personnaliser les parcours, mettre en \u0153uvre la diff\u00e9renciation p\u00e9dagogique. <\/p>\n\n\n\n<p>                \u2022Formaliser le projet p\u00e9dagogique de la classe et des \u00e9l\u00e8ves \u2022<\/p>\n\n\n\n<p>Annexe &#8211; Convention de partenariat entre un coll\u00e8ge ou un lyc\u00e9e si\u00e8ge d&rsquo;une 3e PR\u00c9PA-M\u00c9TIERS et un coll\u00e8ge, un lyc\u00e9e ou un CFA.<\/p>\n","protected":false},"excerpt":{"rendered":"<p>Il existe 5 fiches dans le Vad\u00e9m\u00e9cum de la troisi\u00e8me \u00ab\u00a0pr\u00e9pa-m\u00e9tiers\u00a0\u00bb pour vous aider \u00e0 concevoir et formaliser le projet p\u00e9dagogique : \u2022D\u00e9finir le fil rouge, l&rsquo;agenda de l\u2019ann\u00e9e, la planification des temps forts et activit\u00e9s. \u2022Envisager l&rsquo;apport des prix, concours ou challenges. \u2022Concevoir le projet p\u00e9dagogique de la classe. \u2022Personnaliser les parcours, mettre en &hellip; <\/p>\n<p><a class=\"more-link btn\" href=\"https:\/\/ent2d.ac-bordeaux.fr\/disciplines\/3pm\/projet-pedagogique\/concevoir-et-formaliser-le-projet-pedagogique\/\">Lire la suite<\/a><\/p>\n","protected":false},"author":2084,"featured_media":0,"parent":41,"menu_order":0,"comment_status":"closed","ping_status":"closed","template":"","meta":{"footnotes":""},"class_list":["post-427","page","type-page","status-publish","hentry","nodate","item-wrap"],"_links":{"self":[{"href":"https:\/\/ent2d.ac-bordeaux.fr\/disciplines\/3pm\/wp-json\/wp\/v2\/pages\/427","targetHints":{"allow":["GET"]}}],"collection":[{"href":"https:\/\/ent2d.ac-bordeaux.fr\/disciplines\/3pm\/wp-json\/wp\/v2\/pages"}],"about":[{"href":"https:\/\/ent2d.ac-bordeaux.fr\/disciplines\/3pm\/wp-json\/wp\/v2\/types\/page"}],"author":[{"embeddable":true,"href":"https:\/\/ent2d.ac-bordeaux.fr\/disciplines\/3pm\/wp-json\/wp\/v2\/users\/2084"}],"replies":[{"embeddable":true,"href":"https:\/\/ent2d.ac-bordeaux.fr\/disciplines\/3pm\/wp-json\/wp\/v2\/comments?post=427"}],"version-history":[{"count":1,"href":"https:\/\/ent2d.ac-bordeaux.fr\/disciplines\/3pm\/wp-json\/wp\/v2\/pages\/427\/revisions"}],"predecessor-version":[{"id":431,"href":"https:\/\/ent2d.ac-bordeaux.fr\/disciplines\/3pm\/wp-json\/wp\/v2\/pages\/427\/revisions\/431"}],"up":[{"embeddable":true,"href":"https:\/\/ent2d.ac-bordeaux.fr\/disciplines\/3pm\/wp-json\/wp\/v2\/pages\/41"}],"wp:attachment":[{"href":"https:\/\/ent2d.ac-bordeaux.fr\/disciplines\/3pm\/wp-json\/wp\/v2\/media?parent=427"}],"curies":[{"name":"wp","href":"https:\/\/api.w.org\/{rel}","templated":true}]}}