{"id":424,"date":"2023-03-02T21:21:34","date_gmt":"2023-03-02T20:21:34","guid":{"rendered":"https:\/\/ent2d.ac-bordeaux.fr\/disciplines\/3pm\/?page_id=424"},"modified":"2023-03-02T21:23:16","modified_gmt":"2023-03-02T20:23:16","slug":"demarche-de-pedagogie-de-projet-au-service-des-apprentissages","status":"publish","type":"page","link":"https:\/\/ent2d.ac-bordeaux.fr\/disciplines\/3pm\/les-demarches\/demarche-de-pedagogie-de-projet-au-service-des-apprentissages\/","title":{"rendered":"D\u00e9marche de p\u00e9dagogie de projet au service des apprentissages"},"content":{"rendered":"\n<p>Il est pr\u00e9conis\u00e9 une p\u00e9dagogie de projet qui rend l&rsquo;\u00e9l\u00e8ve acteur de sa formation et donne du sens aux apprentissages.<\/p>\n\n\n\n<p>Approche p\u00e9dagogique active qui vise \u00e0 <strong>associer l\u2019\u00e9l\u00e8ve \u00e0 l\u2019\u00e9laboration des savoirs et \u00e0 donner du sens aux apprentissage<\/strong>s par une <strong>participation \u00e0 leurs processus <\/strong>en les contextualisant, en les reliant\u2026pour <strong>parvenir \u00e0 la r\u00e9alisation d\u2019une production, d\u2019une r\u00e9alisation concr\u00e8te ou d\u2019un r\u00e9sultat<\/strong>.<\/p>\n\n\n\n<p>Les <strong>progr\u00e8s accomplis <\/strong>par les \u00e9l\u00e8ves se mesurent autant <strong>dans les activit\u00e9s <\/strong>et <strong>l\u2019acquisition progressive de connaissances et comp\u00e9tences <\/strong>que dans l\u2019aboutissement du projet.<\/p>\n\n\n\n<figure class=\"wp-block-image size-full\"><img loading=\"lazy\" decoding=\"async\" width=\"708\" height=\"310\" src=\"https:\/\/ent2d.ac-bordeaux.fr\/disciplines\/3pm\/wp-content\/uploads\/sites\/74\/2023\/03\/image-4.png\" alt=\"\" class=\"wp-image-425\" srcset=\"https:\/\/ent2d.ac-bordeaux.fr\/disciplines\/3pm\/wp-content\/uploads\/sites\/74\/2023\/03\/image-4.png 708w, https:\/\/ent2d.ac-bordeaux.fr\/disciplines\/3pm\/wp-content\/uploads\/sites\/74\/2023\/03\/image-4-300x131.png 300w\" sizes=\"auto, (max-width: 708px) 100vw, 708px\" \/><\/figure>\n\n\n\n<p>Quelle que soit la nature du projet, il fait l\u2019objet d\u2019une <strong>formalisation<\/strong> qui d\u00e9finit les <strong>acteurs et partenaires du projet<\/strong>, le <strong>calendrie<\/strong>r, la <strong>planification des \u00e9tapes<\/strong>, les <strong>moyens mobilis\u00e9s<\/strong>, les <strong>objectifs p\u00e9dagogiques<\/strong>, l\u2019<strong>aspect organisationnel<\/strong>, les <strong>modalit\u00e9s d\u2019\u00e9valuation<\/strong>, le <strong>bilan<\/strong>\u2026 Le travail d\u2019\u00e9quipe est primordial.<\/p>\n\n\n\n<p><strong>Quelques questions \u00e0 se poser pour bien d\u00e9marrer\u00a0:<\/strong><\/p>\n\n\n\n<figure class=\"wp-block-table\"><table><tbody><tr><td>La probl\u00e9matique au d\u00e9part du projet (question, objectif, situation-probl\u00e8me, \u2026) suscite-t-elle <strong>l\u2019int\u00e9r\u00eat et la curiosit\u00e9 <\/strong>des \u00e9l\u00e8ves&nbsp;?<\/td><\/tr><tr><td>Le projet comporte-il un objet final qui fait <strong>l\u2019objet d\u2019une communication<\/strong>&nbsp;?<\/td><\/tr><tr><td>Le projet permet-il des <strong>apprentissages signifiants <\/strong>en lien avec la r\u00e9alit\u00e9&nbsp;?<\/td><\/tr><tr><td>Est-ce que le projet donne lieu \u00e0 <strong>un recueil de donn\u00e9es<\/strong>&nbsp;?<\/td><\/tr><tr><td>Le projet laisse-t-il place \u00e0 <strong>l\u2019initiative et \u00e0 la cr\u00e9ativit\u00e9 <\/strong>des \u00e9l\u00e8ves&nbsp;?<\/td><\/tr><tr><td>Le projet implique-t-il <strong>des choix <\/strong>et laisse-t-il <strong>place \u00e0 l\u2019erreur<\/strong>&nbsp;?<\/td><\/tr><tr><td>Est-ce que le projet favorise <strong>l\u2019int\u00e9gration de plus d\u2019une discipline<\/strong>&nbsp;?<\/td><\/tr><tr><td>Est-ce que le projet favorise le d\u00e9veloppement de <strong>r\u00e9solutions de probl\u00e8me&nbsp;et la d\u00e9marche d\u2019investigation <\/strong>?<\/td><\/tr><tr><td>Est-ce que le projet mobilise des <strong>connaissances nouvelles et des comp\u00e9tences suffisantes de diff\u00e9rentes disciplines<\/strong>&nbsp;?<\/td><\/tr><tr><td>Une <strong>strat\u00e9gie p\u00e9dagogique <\/strong>est-elle \u00e9labor\u00e9e&nbsp;<strong>? Des choix en fonction des besoins sp\u00e9cifiques des \u00e9l\u00e8ves <\/strong>pour les amener \u00e0 la <strong>ma\u00eetrise de connaissances et de comp\u00e9tences dans le cadre de l\u2019acquisition du socle commun<\/strong> sont-ils op\u00e9r\u00e9s&nbsp;?<\/td><\/tr><tr><td>Le projet aboutit-il \u00e0 une <strong>r\u00e9alisation concr\u00e8te <\/strong>d\u2019un produit, d\u2019un bien, d\u2019un service, d\u2019une r\u00e9solution d\u2019un probl\u00e8me par <strong>des activit\u00e9s individuelles et collaboratives<\/strong>&nbsp;?<\/td><\/tr><tr><td>Au terme de chaque projet, <strong>une \u00e9valuation critique et constructive <\/strong>est-elle programm\u00e9e <strong>par l\u2019\u00e9quipe de professeurs <\/strong>afin de v\u00e9rifier sa pertinence et sa <strong>port\u00e9e formative <\/strong>aupr\u00e8s des \u00e9l\u00e8ves, de s\u2019interroger sur sa richesse, la qualit\u00e9 de la concertation de l\u2019\u00e9quipe et l\u2019int\u00e9r\u00eat pour la classe et l\u2019\u00e9tablissement&nbsp;?<\/td><\/tr><\/tbody><\/table><\/figure>\n\n\n\n<p><\/p>\n","protected":false},"excerpt":{"rendered":"<p>Il est pr\u00e9conis\u00e9 une p\u00e9dagogie de projet qui rend l&rsquo;\u00e9l\u00e8ve acteur de sa formation et donne du sens aux apprentissages. Approche p\u00e9dagogique active qui vise \u00e0 associer l\u2019\u00e9l\u00e8ve \u00e0 l\u2019\u00e9laboration des savoirs et \u00e0 donner du sens aux apprentissages par une participation \u00e0 leurs processus en les contextualisant, en les reliant\u2026pour parvenir \u00e0 la r\u00e9alisation &hellip; <\/p>\n<p><a class=\"more-link btn\" href=\"https:\/\/ent2d.ac-bordeaux.fr\/disciplines\/3pm\/les-demarches\/demarche-de-pedagogie-de-projet-au-service-des-apprentissages\/\">Lire la suite<\/a><\/p>\n","protected":false},"author":2084,"featured_media":0,"parent":226,"menu_order":0,"comment_status":"closed","ping_status":"closed","template":"","meta":{"footnotes":""},"class_list":["post-424","page","type-page","status-publish","hentry","nodate","item-wrap"],"_links":{"self":[{"href":"https:\/\/ent2d.ac-bordeaux.fr\/disciplines\/3pm\/wp-json\/wp\/v2\/pages\/424","targetHints":{"allow":["GET"]}}],"collection":[{"href":"https:\/\/ent2d.ac-bordeaux.fr\/disciplines\/3pm\/wp-json\/wp\/v2\/pages"}],"about":[{"href":"https:\/\/ent2d.ac-bordeaux.fr\/disciplines\/3pm\/wp-json\/wp\/v2\/types\/page"}],"author":[{"embeddable":true,"href":"https:\/\/ent2d.ac-bordeaux.fr\/disciplines\/3pm\/wp-json\/wp\/v2\/users\/2084"}],"replies":[{"embeddable":true,"href":"https:\/\/ent2d.ac-bordeaux.fr\/disciplines\/3pm\/wp-json\/wp\/v2\/comments?post=424"}],"version-history":[{"count":1,"href":"https:\/\/ent2d.ac-bordeaux.fr\/disciplines\/3pm\/wp-json\/wp\/v2\/pages\/424\/revisions"}],"predecessor-version":[{"id":426,"href":"https:\/\/ent2d.ac-bordeaux.fr\/disciplines\/3pm\/wp-json\/wp\/v2\/pages\/424\/revisions\/426"}],"up":[{"embeddable":true,"href":"https:\/\/ent2d.ac-bordeaux.fr\/disciplines\/3pm\/wp-json\/wp\/v2\/pages\/226"}],"wp:attachment":[{"href":"https:\/\/ent2d.ac-bordeaux.fr\/disciplines\/3pm\/wp-json\/wp\/v2\/media?parent=424"}],"curies":[{"name":"wp","href":"https:\/\/api.w.org\/{rel}","templated":true}]}}