{"id":420,"date":"2023-03-02T19:56:12","date_gmt":"2023-03-02T18:56:12","guid":{"rendered":"https:\/\/ent2d.ac-bordeaux.fr\/disciplines\/3pm\/?page_id=420"},"modified":"2023-03-02T19:57:28","modified_gmt":"2023-03-02T18:57:28","slug":"competences-du-cycle-4-du-socle-commun","status":"publish","type":"page","link":"https:\/\/ent2d.ac-bordeaux.fr\/disciplines\/3pm\/evaluation-par-competences\/competences-du-cycle-4-du-socle-commun\/","title":{"rendered":"Comp\u00e9tences du cycle 4 du socle commun"},"content":{"rendered":"\n<p>Les \u00e9l\u00e8ves de troisi\u00e8me \u00ab\u00a0pr\u00e9pa-m\u00e9tiers\u00a0\u00bb sont \u00e9valu\u00e9s sur les comp\u00e9tences du cycle 4 du socle commun de connaissances, de comp\u00e9tences et de culture.<\/p>\n\n\n\n<p>Au sein le <a href=\"https:\/\/eduscol.education.fr\/document\/17320\/download\">document d\u2019accompagnement pour l\u2019\u00e9valuation des acquis du socle commun, vous trou<\/a>verez des \u00e9l\u00e9ments pour l\u2019appr\u00e9ciation du niveau de ma\u00eetrise satisfaisant en fin de cycle 4.<\/p>\n\n\n\n<p>La validation d&rsquo;un niveau de maitrise par domaine et par composante attribuera un nombre de points pour l&rsquo;obtention du DNB s\u00e9rie g\u00e9n\u00e9rale ou professionnelle ainsi que pour le mouvement d&rsquo;orientation affelnet.<\/p>\n","protected":false},"excerpt":{"rendered":"<p>Les \u00e9l\u00e8ves de troisi\u00e8me \u00ab\u00a0pr\u00e9pa-m\u00e9tiers\u00a0\u00bb sont \u00e9valu\u00e9s sur les comp\u00e9tences du cycle 4 du socle commun de connaissances, de comp\u00e9tences et de culture. Au sein le document d\u2019accompagnement pour l\u2019\u00e9valuation des acquis du socle commun, vous trouverez des \u00e9l\u00e9ments pour l\u2019appr\u00e9ciation du niveau de ma\u00eetrise satisfaisant en fin de cycle 4. La validation d&rsquo;un niveau &hellip; <\/p>\n<p><a class=\"more-link btn\" href=\"https:\/\/ent2d.ac-bordeaux.fr\/disciplines\/3pm\/evaluation-par-competences\/competences-du-cycle-4-du-socle-commun\/\">Lire la suite<\/a><\/p>\n","protected":false},"author":2084,"featured_media":0,"parent":40,"menu_order":0,"comment_status":"closed","ping_status":"closed","template":"","meta":{"footnotes":""},"class_list":["post-420","page","type-page","status-publish","hentry","nodate","item-wrap"],"_links":{"self":[{"href":"https:\/\/ent2d.ac-bordeaux.fr\/disciplines\/3pm\/wp-json\/wp\/v2\/pages\/420","targetHints":{"allow":["GET"]}}],"collection":[{"href":"https:\/\/ent2d.ac-bordeaux.fr\/disciplines\/3pm\/wp-json\/wp\/v2\/pages"}],"about":[{"href":"https:\/\/ent2d.ac-bordeaux.fr\/disciplines\/3pm\/wp-json\/wp\/v2\/types\/page"}],"author":[{"embeddable":true,"href":"https:\/\/ent2d.ac-bordeaux.fr\/disciplines\/3pm\/wp-json\/wp\/v2\/users\/2084"}],"replies":[{"embeddable":true,"href":"https:\/\/ent2d.ac-bordeaux.fr\/disciplines\/3pm\/wp-json\/wp\/v2\/comments?post=420"}],"version-history":[{"count":1,"href":"https:\/\/ent2d.ac-bordeaux.fr\/disciplines\/3pm\/wp-json\/wp\/v2\/pages\/420\/revisions"}],"predecessor-version":[{"id":421,"href":"https:\/\/ent2d.ac-bordeaux.fr\/disciplines\/3pm\/wp-json\/wp\/v2\/pages\/420\/revisions\/421"}],"up":[{"embeddable":true,"href":"https:\/\/ent2d.ac-bordeaux.fr\/disciplines\/3pm\/wp-json\/wp\/v2\/pages\/40"}],"wp:attachment":[{"href":"https:\/\/ent2d.ac-bordeaux.fr\/disciplines\/3pm\/wp-json\/wp\/v2\/media?parent=420"}],"curies":[{"name":"wp","href":"https:\/\/api.w.org\/{rel}","templated":true}]}}