{"id":35,"date":"2022-12-16T17:33:39","date_gmt":"2022-12-16T16:33:39","guid":{"rendered":"https:\/\/ent2d.ac-bordeaux.fr\/disciplines\/3pm\/?page_id=35"},"modified":"2023-01-05T14:19:03","modified_gmt":"2023-01-05T13:19:03","slug":"repartitions-et-horaires","status":"publish","type":"page","link":"https:\/\/ent2d.ac-bordeaux.fr\/disciplines\/3pm\/repartitions-et-horaires\/","title":{"rendered":"R\u00e9partitions et horaires"},"content":{"rendered":"\n<h3 class=\"wp-block-heading\" id=\"summary-item-5\">Les horaires des enseignements<\/h3>\n\n\n\n<p>L&#8217;emploi du temps de la classe comporte&nbsp;:<\/p>\n\n\n\n<ul class=\"wp-block-list\"><li>23 heures hebdomadaires d&rsquo;enseignements disciplinaires\u00a0;<\/li><li>2 heures hebdomadaires de consolidation en fran\u00e7ais et en math\u00e9matiques\u00a0;<\/li><li>5 heures hebdomadaires (180 heures annuelles) consacr\u00e9es \u00e0 la d\u00e9couverte professionnelle des m\u00e9tiers et des formations professionnelles ;<\/li><li>S\u00e9quence d&rsquo;observation en milieu professionnel (1 semaine maximum durant l&rsquo;ann\u00e9e scolaire) ;<\/li><li>Stages et p\u00e9riodes d&rsquo;immersion en milieu professionnel (1 \u00e0 4 semaines durant l&rsquo;ann\u00e9e scolaire).<\/li><\/ul>\n\n\n\n<h3 class=\"wp-block-heading\" id=\"summary-item-6\">Consolidation des savoirs fondamentaux<\/h3>\n\n\n\n<p>La personnalisation du parcours scolaire est renforc\u00e9e par l&rsquo;instauration de 72 heures annuelles de consolidation en fran\u00e7ais et en math\u00e9matiques.<\/p>\n\n\n\n<figure class=\"wp-block-table\"><table><thead><tr><th>Enseignements<\/th><th>Horaires hebdo<\/th><\/tr><\/thead><tbody><tr><td>Fran\u00e7ais<\/td><td>5 heures dont 1 heure de consolidation<\/td><\/tr><tr><td>Math\u00e9matiques<\/td><td>4 heures 30 dont 1 heure de consolidation<\/td><\/tr><tr><td>Histoire-G\u00e9ographie-Enseignement moral et civique<\/td><td>3 heures<\/td><\/tr><tr><td>Langues vivantes (LV1 et LV2)<\/td><td>5 heures 30<\/td><\/tr><tr><td>Enseignements artistiques<\/td><td>1 heure<\/td><\/tr><tr><td>Enseignement de sciences et technologie<\/td><td>3 heures<\/td><\/tr><tr><td>\u00c9ducation physique et sportive<\/td><td>3 heures<\/td><\/tr><tr><td>Enseignement de d\u00e9couverte professionnelle des m\u00e9tiers et des formations professionnelles<\/td><td>5 heures (180 heures annualis\u00e9es)<\/td><\/tr><tr><td>Total (<strong>*<\/strong>)<\/td><td>30 heures<\/td><\/tr><tr><td>(<strong>*<\/strong>) <em>S&rsquo;y ajoutent&nbsp;: au moins 10 heures annuelles de vie de classe par niveau<\/em>&nbsp;; <em>\u00e0 titre indicatif un accompagnement \u00e0 l&rsquo;orientation de 36 heures annuelles&nbsp;; 1 \u00e0 4 semaines de stages et de p\u00e9riodes d&rsquo;immersion<\/em><\/td><\/tr><\/tbody><\/table><\/figure>\n\n\n\n<p><a href=\"https:\/\/www.education.gouv.fr\/devoirs-faits-un-temps-d-etude-accompagnee-pour-realiser-les-devoirs-7337\">Devoirs faits, une aide aux devoirs pour les coll\u00e9giens<\/a><\/p>\n\n\n\n<p><strong>Devoirs faits est un temps d\u00e9di\u00e9, en dehors des heures de classe, \u00e0 l\u2019accomplissement par l\u2019\u00e9l\u00e8ve des t\u00e2ches demand\u00e9es par ses professeurs<\/strong>. Il a lieu dans l\u2019\u00e9tablissement sur des horaires appropri\u00e9s, qui ne sont pas obligatoirement en fin de journ\u00e9e, \u00e0 raison d\u2019un volume horaire fix\u00e9 par l\u2019\u00e9tablissement. L&rsquo;objectif est de faire b\u00e9n\u00e9ficier les coll\u00e9giens d&rsquo;une aide appropri\u00e9e au sein de l&rsquo;\u00e9tablissement afin de rentrer chez eux \u00ab\u00a0Devoirs faits\u00a0\u00bb.<\/p>\n\n\n\n<p><\/p>\n","protected":false},"excerpt":{"rendered":"<p>Les horaires des enseignements L&#8217;emploi du temps de la classe comporte&nbsp;: 23 heures hebdomadaires d&rsquo;enseignements disciplinaires\u00a0; 2 heures hebdomadaires de consolidation en fran\u00e7ais et en math\u00e9matiques\u00a0; 5 heures hebdomadaires (180 heures annuelles) consacr\u00e9es \u00e0 la d\u00e9couverte professionnelle des m\u00e9tiers et des formations professionnelles ; S\u00e9quence d&rsquo;observation en milieu professionnel (1 semaine maximum durant l&rsquo;ann\u00e9e scolaire) &hellip; <\/p>\n<p><a class=\"more-link btn\" href=\"https:\/\/ent2d.ac-bordeaux.fr\/disciplines\/3pm\/repartitions-et-horaires\/\">Lire la suite<\/a><\/p>\n","protected":false},"author":95,"featured_media":0,"parent":0,"menu_order":0,"comment_status":"closed","ping_status":"closed","template":"","meta":{"footnotes":""},"class_list":["post-35","page","type-page","status-publish","hentry","nodate","item-wrap"],"_links":{"self":[{"href":"https:\/\/ent2d.ac-bordeaux.fr\/disciplines\/3pm\/wp-json\/wp\/v2\/pages\/35","targetHints":{"allow":["GET"]}}],"collection":[{"href":"https:\/\/ent2d.ac-bordeaux.fr\/disciplines\/3pm\/wp-json\/wp\/v2\/pages"}],"about":[{"href":"https:\/\/ent2d.ac-bordeaux.fr\/disciplines\/3pm\/wp-json\/wp\/v2\/types\/page"}],"author":[{"embeddable":true,"href":"https:\/\/ent2d.ac-bordeaux.fr\/disciplines\/3pm\/wp-json\/wp\/v2\/users\/95"}],"replies":[{"embeddable":true,"href":"https:\/\/ent2d.ac-bordeaux.fr\/disciplines\/3pm\/wp-json\/wp\/v2\/comments?post=35"}],"version-history":[{"count":6,"href":"https:\/\/ent2d.ac-bordeaux.fr\/disciplines\/3pm\/wp-json\/wp\/v2\/pages\/35\/revisions"}],"predecessor-version":[{"id":327,"href":"https:\/\/ent2d.ac-bordeaux.fr\/disciplines\/3pm\/wp-json\/wp\/v2\/pages\/35\/revisions\/327"}],"wp:attachment":[{"href":"https:\/\/ent2d.ac-bordeaux.fr\/disciplines\/3pm\/wp-json\/wp\/v2\/media?parent=35"}],"curies":[{"name":"wp","href":"https:\/\/api.w.org\/{rel}","templated":true}]}}