{"id":343,"date":"2023-02-23T19:02:16","date_gmt":"2023-02-23T18:02:16","guid":{"rendered":"https:\/\/ent2d.ac-bordeaux.fr\/disciplines\/3pm\/?page_id=343"},"modified":"2023-03-01T18:49:23","modified_gmt":"2023-03-01T17:49:23","slug":"modalites-dadmission","status":"publish","type":"page","link":"https:\/\/ent2d.ac-bordeaux.fr\/disciplines\/3pm\/modalites-dadmission\/","title":{"rendered":"Pr\u00e9sentation et modalit\u00e9s d&rsquo;admission"},"content":{"rendered":"\n<p>Si votre enfant veut s&rsquo;orienter vers la voie professionnelle ou l&rsquo;apprentissage, il peut demander \u00e0 acc\u00e9der \u00e0 la classe de 3\u00e8me \u00ab\u00a0pr\u00e9pa-m\u00e9tiers\u00a0\u00bb. Ce dispositif lui permet de d\u00e9couvrir plusieurs m\u00e9tiers tout en suivant les enseignements classiques de la classe de 3\u00e8me.<\/p>\n\n\n\n<p>La classe de 3\u00e8me \u00ab\u00a0pr\u00e9pa-m\u00e9tiers\u00a0\u00bbcomprend&nbsp;les enseignements suivants :<\/p>\n\n\n\n<ul class=\"wp-block-list\"><li>Enseignements disciplinaires (25 heures hebdomadaires)<\/li><li>Enseignement de d\u00e9couverte professionnelle des m\u00e9tiers et des formations professionnelles (5 heures hebdomadaires)<\/li><li>S\u00e9quence d&rsquo;observation en milieu professionnel (1 semaine maximum durant l&rsquo;ann\u00e9e scolaire)<\/li><li>Stages et p\u00e9riodes d&rsquo;immersion en milieu professionnel (1 \u00e0 4 semaines durant l&rsquo;ann\u00e9e scolaire)<\/li><\/ul>\n\n\n\n<h3 class=\"wp-block-heading\"><a rel=\"noreferrer noopener\" href=\"https:\/\/youtu.be\/rYwK4JHZejE\" target=\"_blank\">Vid\u00e9o de pr\u00e9sentation 3E pr\u00e9pa m\u00e9tier du Lyc\u00e9e Paul Bert &#8211; Bayonne<\/a><\/h3>\n\n\n\n<p><\/p>\n\n\n\n<h3 class=\"wp-block-heading\">O\u00f9 s\u2019adresser  ?<\/h3>\n\n\n\n<ul class=\"wp-block-list\"><li><a target=\"_blank\" rel=\"noreferrer noopener\" href=\"https:\/\/www.onisep.fr\/Ressources\/Univers-Formation\/Formations\/Colleges\/classe-de-troisieme-prepa-metiers\">\u00c9tablissements proposant la 3\u00e8me \u00ab\u00a0pr\u00e9pa-m\u00e9tiers\u00a0\u00bb<\/a><\/li><\/ul>\n\n\n\n<h4 class=\"wp-block-heading\">Modalit\u00e9s d&rsquo;admission<\/h4>\n\n\n\n<p>En fin de classe de 4\u00e8me, vous et votre enfant devez adresser une demande d&rsquo;admission en 3\u00e8me \u00ab\u00a0pr\u00e9pa-m\u00e9tiers\u00a0\u00bb au chef d&rsquo;\u00e9tablissement d&rsquo;origine.<\/p>\n\n\n\n<p>Apr\u00e8s avis favorable du conseil de classe, une commission acad\u00e9mique examine la demande de passage en 3\u00e8me \u00abpr\u00e9pa-m\u00e9tiers\u00bb.<\/p>\n\n\n\n<p>Cette commission accorde ou refuse la demande. Elle communique sa d\u00e9cision \u00e0 l&rsquo;\u00e9tablissement scolaire. La d\u00e9cision vous est \u00e9galement transmise.<\/p>\n\n\n\n<h4 class=\"wp-block-heading\">Orientation<\/h4>\n\n\n\n<p>\u00c0 la fin de la classe de 3\u00e8me \u00ab pr\u00e9pa-m\u00e9tiers \u00bb, votre enfant participe \u00e0 la m\u00eame proc\u00e9dure d&rsquo;orientation et d&rsquo;affectation que les autres \u00e9l\u00e8ves de 3<sup>\u00e8me<\/sup>.<\/p>\n\n\n\n<p>Toutefois, l&rsquo;acc\u00e8s aux formations professionnelles lui est favoris\u00e9e. Sa demande d&rsquo;affectation est prioritaire.<\/p>\n\n\n\n<p>Toutefois, rien ne lui interdit de poursuivre des \u00e9tudes g\u00e9n\u00e9rales ou technologiques.<\/p>\n","protected":false},"excerpt":{"rendered":"<p>Si votre enfant veut s&rsquo;orienter vers la voie professionnelle ou l&rsquo;apprentissage, il peut demander \u00e0 acc\u00e9der \u00e0 la classe de 3\u00e8me \u00ab\u00a0pr\u00e9pa-m\u00e9tiers\u00a0\u00bb. Ce dispositif lui permet de d\u00e9couvrir plusieurs m\u00e9tiers tout en suivant les enseignements classiques de la classe de 3\u00e8me. La classe de 3\u00e8me \u00ab\u00a0pr\u00e9pa-m\u00e9tiers\u00a0\u00bbcomprend&nbsp;les enseignements suivants : Enseignements disciplinaires (25 heures hebdomadaires) Enseignement &hellip; <\/p>\n<p><a class=\"more-link btn\" href=\"https:\/\/ent2d.ac-bordeaux.fr\/disciplines\/3pm\/modalites-dadmission\/\">Lire la suite<\/a><\/p>\n","protected":false},"author":95,"featured_media":0,"parent":0,"menu_order":0,"comment_status":"closed","ping_status":"closed","template":"","meta":{"footnotes":""},"class_list":["post-343","page","type-page","status-publish","hentry","nodate","item-wrap"],"_links":{"self":[{"href":"https:\/\/ent2d.ac-bordeaux.fr\/disciplines\/3pm\/wp-json\/wp\/v2\/pages\/343","targetHints":{"allow":["GET"]}}],"collection":[{"href":"https:\/\/ent2d.ac-bordeaux.fr\/disciplines\/3pm\/wp-json\/wp\/v2\/pages"}],"about":[{"href":"https:\/\/ent2d.ac-bordeaux.fr\/disciplines\/3pm\/wp-json\/wp\/v2\/types\/page"}],"author":[{"embeddable":true,"href":"https:\/\/ent2d.ac-bordeaux.fr\/disciplines\/3pm\/wp-json\/wp\/v2\/users\/95"}],"replies":[{"embeddable":true,"href":"https:\/\/ent2d.ac-bordeaux.fr\/disciplines\/3pm\/wp-json\/wp\/v2\/comments?post=343"}],"version-history":[{"count":8,"href":"https:\/\/ent2d.ac-bordeaux.fr\/disciplines\/3pm\/wp-json\/wp\/v2\/pages\/343\/revisions"}],"predecessor-version":[{"id":419,"href":"https:\/\/ent2d.ac-bordeaux.fr\/disciplines\/3pm\/wp-json\/wp\/v2\/pages\/343\/revisions\/419"}],"wp:attachment":[{"href":"https:\/\/ent2d.ac-bordeaux.fr\/disciplines\/3pm\/wp-json\/wp\/v2\/media?parent=343"}],"curies":[{"name":"wp","href":"https:\/\/api.w.org\/{rel}","templated":true}]}}