{"id":335,"date":"2023-01-05T15:45:35","date_gmt":"2023-01-05T14:45:35","guid":{"rendered":"https:\/\/ent2d.ac-bordeaux.fr\/disciplines\/3pm\/?page_id=335"},"modified":"2023-03-07T17:03:54","modified_gmt":"2023-03-07T16:03:54","slug":"je-moriente","status":"publish","type":"page","link":"https:\/\/ent2d.ac-bordeaux.fr\/disciplines\/3pm\/je-moriente-2\/je-moriente\/","title":{"rendered":"Guide pratique apr\u00e8s la 3\u00e8me"},"content":{"rendered":"\n<div class=\"wp-block-image\"><figure class=\"aligncenter is-resized\"><a href=\"https:\/\/www.calameo.com\/read\/0060092718f11566c3f49?page=1\" target=\"_blank\" rel=\"noopener\"><img loading=\"lazy\" decoding=\"async\" src=\"https:\/\/www.cap-metiers.fr\/sites\/default\/files\/portail\/images_sites_web\/page_de_couv._guide_3e2023.jpg\" alt=\"\" width=\"310\" height=\"310\" \/><\/a><\/figure><\/div>\n\n\n\n<p>Un <a href=\"https:\/\/www.calameo.com\/read\/0060092718f11566c3f49?page=1\" target=\"_blank\" rel=\"noreferrer noopener\">guide pratique<\/a>, con\u00e7u par la r\u00e9gion Nouvelle-Aquitaine, propose des informations et les conseils n\u00e9cessaires pour mieux appr\u00e9hender les r\u00e9pertoires des formations et mieux choisir son orientation.<\/p>\n","protected":false},"excerpt":{"rendered":"<p>Un guide pratique, con\u00e7u par la r\u00e9gion Nouvelle-Aquitaine, propose des informations et les conseils n\u00e9cessaires pour mieux appr\u00e9hender les r\u00e9pertoires des formations et mieux choisir son orientation.<\/p>\n","protected":false},"author":95,"featured_media":0,"parent":526,"menu_order":0,"comment_status":"closed","ping_status":"closed","template":"","meta":{"footnotes":""},"class_list":["post-335","page","type-page","status-publish","hentry","nodate","item-wrap"],"_links":{"self":[{"href":"https:\/\/ent2d.ac-bordeaux.fr\/disciplines\/3pm\/wp-json\/wp\/v2\/pages\/335","targetHints":{"allow":["GET"]}}],"collection":[{"href":"https:\/\/ent2d.ac-bordeaux.fr\/disciplines\/3pm\/wp-json\/wp\/v2\/pages"}],"about":[{"href":"https:\/\/ent2d.ac-bordeaux.fr\/disciplines\/3pm\/wp-json\/wp\/v2\/types\/page"}],"author":[{"embeddable":true,"href":"https:\/\/ent2d.ac-bordeaux.fr\/disciplines\/3pm\/wp-json\/wp\/v2\/users\/95"}],"replies":[{"embeddable":true,"href":"https:\/\/ent2d.ac-bordeaux.fr\/disciplines\/3pm\/wp-json\/wp\/v2\/comments?post=335"}],"version-history":[{"count":6,"href":"https:\/\/ent2d.ac-bordeaux.fr\/disciplines\/3pm\/wp-json\/wp\/v2\/pages\/335\/revisions"}],"predecessor-version":[{"id":525,"href":"https:\/\/ent2d.ac-bordeaux.fr\/disciplines\/3pm\/wp-json\/wp\/v2\/pages\/335\/revisions\/525"}],"up":[{"embeddable":true,"href":"https:\/\/ent2d.ac-bordeaux.fr\/disciplines\/3pm\/wp-json\/wp\/v2\/pages\/526"}],"wp:attachment":[{"href":"https:\/\/ent2d.ac-bordeaux.fr\/disciplines\/3pm\/wp-json\/wp\/v2\/media?parent=335"}],"curies":[{"name":"wp","href":"https:\/\/api.w.org\/{rel}","templated":true}]}}