{"id":33,"date":"2022-12-16T17:33:39","date_gmt":"2022-12-16T16:33:39","guid":{"rendered":"https:\/\/ent2d.ac-bordeaux.fr\/disciplines\/3pm\/?page_id=33"},"modified":"2023-03-07T16:26:55","modified_gmt":"2023-03-07T15:26:55","slug":"referentiel-technologie","status":"publish","type":"page","link":"https:\/\/ent2d.ac-bordeaux.fr\/disciplines\/3pm\/referentiel-technologie\/","title":{"rendered":"Le programme du cycle 4"},"content":{"rendered":"\n<h1 class=\"wp-block-heading\">Programme du cycle 4 <\/h1>\n\n\n\n<div class=\"wp-block-image\"><figure class=\"alignleft\"><a href=\"https:\/\/ent2d.ac-bordeaux.fr\/disciplines\/sti-college\/wp-content\/uploads\/sites\/63\/2020\/08\/Programme2020_cycle_4_comparatif_technologie.pdf\" target=\"_blank\" rel=\"noreferrer noopener\"><img decoding=\"async\" src=\"https:\/\/ent2d.ac-bordeaux.fr\/disciplines\/sti\/wp-content\/uploads\/sites\/62\/2020\/08\/Programme-Cycle4-Technologie-Rentree-2020-1-213x300.jpg\" alt=\"\" class=\"wp-image-7261\" \/><\/a><\/figure><\/div>\n\n\n\n<p><a href=\"https:\/\/ent2d.ac-bordeaux.fr\/disciplines\/sti-college\/wp-content\/uploads\/sites\/63\/2020\/08\/Programme2020_cycle_3_comparatif_1313375-1-78-89.pdf\" target=\"_blank\" rel=\"noreferrer noopener\">&nbsp;<\/a><strong>Le texte officiel a \u00e9t\u00e9 modifi\u00e9 et publi\u00e9 au BO n\u00b031 du 30 juillet 2020<\/strong><\/p>\n\n\n\n<p><strong>Consultez le&nbsp;<a href=\"https:\/\/cache.media.eduscol.education.fr\/file\/A-Scolarite_obligatoire\/37\/7\/Programme2020_cycle_4_comparatif_1313377.pdf\" target=\"_blank\" rel=\"noreferrer noopener\">programme avec modifications apparentes<\/a><\/strong><\/p>\n\n\n\n<p>Cette version du texte met en \u00e9vidence les modifications apport\u00e9es au programme en application jusqu\u2019\u00e0 l\u2019ann\u00e9e scolaire 2019-2020 afin de renforcer les enseignements relatifs au changement climatique,<br>\u00e0 la biodiversit\u00e9 et au d\u00e9veloppement durable.<\/p>\n\n\n\n<p><strong>T\u00e9l\u00e9chargez le&nbsp;<a href=\"https:\/\/www.education.gouv.fr\/media\/70285\/download\" target=\"_blank\" rel=\"noreferrer noopener\">programme consolid\u00e9<\/a>&nbsp;publi\u00e9 au BO n\u00b031 du 30 juillet 2020<\/strong><\/p>\n\n\n\n<p><a rel=\"noreferrer noopener\" href=\"https:\/\/eduscol.education.fr\/pid34185\/cycle-4-college.html\" target=\"_blank\"><strong>Consultez la page d\u00e9di\u00e9e sur Eduscol<\/strong><\/a>.<\/p>\n\n\n\n<p><\/p>\n\n\n\n<p><\/p>\n\n\n\n<p><\/p>\n\n\n\n<h2 class=\"wp-block-heading\" id=\"summary-item-4\">Quels sont les parcours \u00e9ducatifs&nbsp;?<\/h2>\n\n\n\n<h3 class=\"wp-block-heading\" id=\"summary-item-5\">Le parcours Avenir<\/h3>\n\n\n\n<p>De la 6<sup>e<\/sup> \u00e0 la Terminale, le parcours Avenir permet \u00e0 chaque \u00e9l\u00e8ve de construire progressivement son orientation et de d\u00e9couvrir le monde \u00e9conomique et professionnel. Vous trouverez sur \u00e9duscol <a href=\"https:\/\/eduscol.education.fr\/810\/ressources-pour-accompagner-l-orientation\" target=\"_blank\" rel=\"noreferrer noopener\">les objectifs de l&rsquo;accompagnement \u00e0 l&rsquo;orientation et des pistes d&rsquo;actions<\/a>.<\/p>\n\n\n\n<h3 class=\"wp-block-heading\" id=\"summary-item-6\">Le parcours d&rsquo;\u00e9ducation artistique et culturelle<\/h3>\n\n\n\n<p>L\u2019\u00e9ducation artistique et culturelle a pour objectif que <a href=\"https:\/\/eduscol.education.fr\/575\/education-artistique-et-culturelle\" target=\"_blank\" rel=\"noreferrer noopener\">tous les \u00e9l\u00e8ves b\u00e9n\u00e9ficient d\u2019actions artistiques, culturelles et scientifiques de qualit\u00e9<\/a>. Elle poursuit avant tout un objectif qualitatif, construire un parcours d\u2019\u00e9ducation artistique et culturelle coh\u00e9rent et fertile, mais aussi quantitatif, concerner tous les \u00e9l\u00e8ves.<\/p>\n\n\n\n<h3 class=\"wp-block-heading\" id=\"summary-item-7\">La d\u00e9marche \u00c9cole promotrice de sant\u00e9<\/h3>\n\n\n\n<p>Impuls\u00e9e d\u00e8s janvier 2020, <strong>l<\/strong>a <a href=\"https:\/\/eduscol.education.fr\/2063\/je-souhaite-m-engager-dans-la-demarche-ecole-promotrice-de-sante\" target=\"_blank\" rel=\"noreferrer noopener\">d\u00e9marche \u00c9cole promotrice de sant\u00e9<\/a> (EPSa) s\u2019inscrit dans la continuit\u00e9 du parcours \u00e9ducatif de sant\u00e9. Elle a pour enjeu de valoriser les actions et projets d\u00e9j\u00e0 mis en \u0153uvre et de les articuler avec d\u2019autres approches (climat scolaire, \u00e9ducation \u00e0 la sexualit\u00e9 et \u00e0 l\u2019alimentation par exemple) en les inscrivant dans le projet d\u2019\u00e9cole ou d\u2019\u00e9tablissement.<\/p>\n\n\n\n<h3 class=\"wp-block-heading\" id=\"summary-item-8\">Le parcours citoyen de l&rsquo;\u00e9l\u00e8ve<\/h3>\n\n\n\n<p>De l&rsquo;\u00e9cole au lyc\u00e9e, le parcours citoyen vise \u00e0 la construction, par l&rsquo;\u00e9l\u00e8ve, d&rsquo;un jugement moral et civique, \u00e0 l&rsquo;acquisition d&rsquo;un esprit critique et d&rsquo;une culture de l&rsquo;engagement. Vous trouverez sur \u00e9duscol <a href=\"https:\/\/eduscol.education.fr\/1558\/le-parcours-citoyen-de-l-eleve\" target=\"_blank\" rel=\"noreferrer noopener\">les objectifs, les modalit\u00e9s de pilotage et de mise en \u0153uvre<\/a>.<\/p>\n","protected":false},"excerpt":{"rendered":"<p>Programme du cycle 4 &nbsp;Le texte officiel a \u00e9t\u00e9 modifi\u00e9 et publi\u00e9 au BO n\u00b031 du 30 juillet 2020 Consultez le&nbsp;programme avec modifications apparentes Cette version du texte met en \u00e9vidence les modifications apport\u00e9es au programme en application jusqu\u2019\u00e0 l\u2019ann\u00e9e scolaire 2019-2020 afin de renforcer les enseignements relatifs au changement climatique,\u00e0 la biodiversit\u00e9 et au &hellip; <\/p>\n<p><a class=\"more-link btn\" href=\"https:\/\/ent2d.ac-bordeaux.fr\/disciplines\/3pm\/referentiel-technologie\/\">Lire la suite<\/a><\/p>\n","protected":false},"author":95,"featured_media":0,"parent":0,"menu_order":0,"comment_status":"closed","ping_status":"closed","template":"","meta":{"footnotes":""},"class_list":["post-33","page","type-page","status-publish","hentry","nodate","item-wrap"],"_links":{"self":[{"href":"https:\/\/ent2d.ac-bordeaux.fr\/disciplines\/3pm\/wp-json\/wp\/v2\/pages\/33","targetHints":{"allow":["GET"]}}],"collection":[{"href":"https:\/\/ent2d.ac-bordeaux.fr\/disciplines\/3pm\/wp-json\/wp\/v2\/pages"}],"about":[{"href":"https:\/\/ent2d.ac-bordeaux.fr\/disciplines\/3pm\/wp-json\/wp\/v2\/types\/page"}],"author":[{"embeddable":true,"href":"https:\/\/ent2d.ac-bordeaux.fr\/disciplines\/3pm\/wp-json\/wp\/v2\/users\/95"}],"replies":[{"embeddable":true,"href":"https:\/\/ent2d.ac-bordeaux.fr\/disciplines\/3pm\/wp-json\/wp\/v2\/comments?post=33"}],"version-history":[{"count":8,"href":"https:\/\/ent2d.ac-bordeaux.fr\/disciplines\/3pm\/wp-json\/wp\/v2\/pages\/33\/revisions"}],"predecessor-version":[{"id":509,"href":"https:\/\/ent2d.ac-bordeaux.fr\/disciplines\/3pm\/wp-json\/wp\/v2\/pages\/33\/revisions\/509"}],"wp:attachment":[{"href":"https:\/\/ent2d.ac-bordeaux.fr\/disciplines\/3pm\/wp-json\/wp\/v2\/media?parent=33"}],"curies":[{"name":"wp","href":"https:\/\/api.w.org\/{rel}","templated":true}]}}