{"id":241,"date":"2023-01-03T19:13:33","date_gmt":"2023-01-03T18:13:33","guid":{"rendered":"https:\/\/ent2d.ac-bordeaux.fr\/disciplines\/3pm\/?page_id=241"},"modified":"2025-09-23T19:29:21","modified_gmt":"2025-09-23T17:29:21","slug":"le-diplome-national-du-brevet-pro","status":"publish","type":"page","link":"https:\/\/ent2d.ac-bordeaux.fr\/disciplines\/3pm\/le-diplome-national-du-brevet-pro\/","title":{"rendered":"Le dipl\u00f4me national du brevet pro"},"content":{"rendered":"\n<p>Les \u00e9l\u00e8ves de troisi\u00e8me \u00ab pr\u00e9pa-m\u00e9tiers \u00bb peuvent pr\u00e9senter le dipl\u00f4me national du brevet (DNB), dans la s\u00e9rie professionnelle ou la s\u00e9rie g\u00e9n\u00e9rale. <strong>L&rsquo;enseignement de d\u00e9couverte professionnelle des m\u00e9tiers et des formations professionnelle peut permettre aux \u00e9l\u00e8ves d&rsquo;obtenir des points suppl\u00e9mentaires pour le DNB<\/strong>. Ils peuvent aussi \u00e9ventuellement pr\u00e9senter le certificat de formation g\u00e9n\u00e9rale (CFG)<strong>.<\/strong><\/p>\n\n\n\n<p>Pour les candidats de la <strong>s\u00e9rie professionnelle<\/strong> du DNB, des sujets distincts sont \u00e9labor\u00e9s en ad\u00e9quation avec les sp\u00e9cificit\u00e9s des classes de 3<sup>e<\/sup> \u00ab pr\u00e9pa-m\u00e9tiers \u00bb, les classes des sections d&rsquo;enseignement g\u00e9n\u00e9ral et professionnel adapt\u00e9 et des classes de troisi\u00e8me de l&rsquo;enseignement agricole.<\/p>\n\n\n\n<p>Le dipl\u00f4me national du brevet (DNB) : <a href=\"https:\/\/eduscol.education.fr\/716\/les-epreuves-du-dnb\">https:\/\/eduscol.education.fr\/716\/les-epreuves-du-dnb<\/a><\/p>\n\n\n\n<p><\/p>\n","protected":false},"excerpt":{"rendered":"<p>Les \u00e9l\u00e8ves de troisi\u00e8me \u00ab pr\u00e9pa-m\u00e9tiers \u00bb peuvent pr\u00e9senter le dipl\u00f4me national du brevet (DNB), dans la s\u00e9rie professionnelle ou la s\u00e9rie g\u00e9n\u00e9rale. L&rsquo;enseignement de d\u00e9couverte professionnelle des m\u00e9tiers et des formations professionnelle peut permettre aux \u00e9l\u00e8ves d&rsquo;obtenir des points suppl\u00e9mentaires pour le DNB. Ils peuvent aussi \u00e9ventuellement pr\u00e9senter le certificat de formation g\u00e9n\u00e9rale (CFG). &hellip; <\/p>\n<p><a class=\"more-link btn\" href=\"https:\/\/ent2d.ac-bordeaux.fr\/disciplines\/3pm\/le-diplome-national-du-brevet-pro\/\">Lire la suite<\/a><\/p>\n","protected":false},"author":95,"featured_media":0,"parent":0,"menu_order":0,"comment_status":"closed","ping_status":"closed","template":"","meta":{"footnotes":""},"class_list":["post-241","page","type-page","status-publish","hentry","nodate","item-wrap"],"_links":{"self":[{"href":"https:\/\/ent2d.ac-bordeaux.fr\/disciplines\/3pm\/wp-json\/wp\/v2\/pages\/241","targetHints":{"allow":["GET"]}}],"collection":[{"href":"https:\/\/ent2d.ac-bordeaux.fr\/disciplines\/3pm\/wp-json\/wp\/v2\/pages"}],"about":[{"href":"https:\/\/ent2d.ac-bordeaux.fr\/disciplines\/3pm\/wp-json\/wp\/v2\/types\/page"}],"author":[{"embeddable":true,"href":"https:\/\/ent2d.ac-bordeaux.fr\/disciplines\/3pm\/wp-json\/wp\/v2\/users\/95"}],"replies":[{"embeddable":true,"href":"https:\/\/ent2d.ac-bordeaux.fr\/disciplines\/3pm\/wp-json\/wp\/v2\/comments?post=241"}],"version-history":[{"count":7,"href":"https:\/\/ent2d.ac-bordeaux.fr\/disciplines\/3pm\/wp-json\/wp\/v2\/pages\/241\/revisions"}],"predecessor-version":[{"id":672,"href":"https:\/\/ent2d.ac-bordeaux.fr\/disciplines\/3pm\/wp-json\/wp\/v2\/pages\/241\/revisions\/672"}],"wp:attachment":[{"href":"https:\/\/ent2d.ac-bordeaux.fr\/disciplines\/3pm\/wp-json\/wp\/v2\/media?parent=241"}],"curies":[{"name":"wp","href":"https:\/\/api.w.org\/{rel}","templated":true}]}}