{"id":186,"date":"2022-12-17T18:43:34","date_gmt":"2022-12-17T17:43:34","guid":{"rendered":"https:\/\/ent2d.ac-bordeaux.fr\/disciplines\/3pm\/?page_id=186"},"modified":"2025-09-23T19:42:59","modified_gmt":"2025-09-23T17:42:59","slug":"les-formations-post-troisieme","status":"publish","type":"page","link":"https:\/\/ent2d.ac-bordeaux.fr\/disciplines\/3pm\/les-formations-post-troisieme\/","title":{"rendered":"Les formations post-troisi\u00e8me"},"content":{"rendered":"\n<h1 class=\"wp-block-heading\"><a href=\"https:\/\/www.onisep.fr\/Choisir-mes-etudes\/college\/Orientation-au-college\/Que-faire-apres-la-3e\" target=\"_blank\" rel=\"noreferrer noopener\">Que faire apr\u00e8s la 3e ?<\/a><\/h1>\n\n\n\n<p>L&rsquo;Onisep propose aux \u00e9l\u00e8ves de 3e et \u00e0 leurs familles diff\u00e9rentes ressources. D\u00e9couvrez une s\u00e9lection d\u2019articles pour vous aider dans vos choix d&rsquo;orientation apr\u00e8s le coll\u00e8ge et vous expliquer la proc\u00e9dure d&rsquo;affectation en lyc\u00e9e. Et pour aller plus loin, trois espaces en ligne avec des informations approfondies sur les diff\u00e9rentes voies offertes aux coll\u00e9giens.<\/p>\n\n\n\n<figure class=\"wp-block-image size-full is-resized\"><a href=\"https:\/\/jeunes.nouvelle-aquitaine.fr\/formation\/la-formation-professionnelle\/ou-trouver-une-formation\" target=\"_blank\" rel=\"noopener\"><img loading=\"lazy\" decoding=\"async\" width=\"272\" height=\"113\" src=\"https:\/\/ent2d.ac-bordeaux.fr\/disciplines\/3pm\/wp-content\/uploads\/sites\/74\/2023\/03\/image-1.png\" alt=\"\" class=\"wp-image-382\" style=\"width:204px;height:85px\" \/><\/a><\/figure>\n\n\n\n<h2 class=\"wp-block-heading\">Les r\u00e9pertoires de formation \u00ab\u00a0Apr\u00e8s la 3e\u00a0\u00bb &#8211; \u00c9dition 2025<\/h2>\n\n\n\n<p>Disponibles en mars, des r\u00e9pertoires de formation vous d\u00e9tailleront les formations g\u00e9n\u00e9rales, les formations technologiques et les formations professionnelles. Ils pr\u00e9senteront les formations propos\u00e9es dans les \u00e9tablissements de chacune des trois Acad\u00e9mies de Nouvelle-Aquitaine apr\u00e8s la 3e.<\/p>\n\n\n\n<ul class=\"wp-block-list\">\n<li><a href=\"https:\/\/www.cap-metiers.fr\/orienter-apres-la-3eme\" target=\"_blank\" rel=\"noreferrer noopener\">R\u00e9pertoire des formations Apr\u00e8s la 3e \u2013 Acad\u00e9mie de Bordeaux \u2013 2025<\/a><\/li>\n<\/ul>\n","protected":false},"excerpt":{"rendered":"<p>Que faire apr\u00e8s la 3e ? L&rsquo;Onisep propose aux \u00e9l\u00e8ves de 3e et \u00e0 leurs familles diff\u00e9rentes ressources. D\u00e9couvrez une s\u00e9lection d\u2019articles pour vous aider dans vos choix d&rsquo;orientation apr\u00e8s le coll\u00e8ge et vous expliquer la proc\u00e9dure d&rsquo;affectation en lyc\u00e9e. Et pour aller plus loin, trois espaces en ligne avec des informations approfondies sur les &hellip; <\/p>\n<p><a class=\"more-link btn\" href=\"https:\/\/ent2d.ac-bordeaux.fr\/disciplines\/3pm\/les-formations-post-troisieme\/\">Lire la suite<\/a><\/p>\n","protected":false},"author":95,"featured_media":0,"parent":0,"menu_order":0,"comment_status":"closed","ping_status":"closed","template":"","meta":{"footnotes":""},"class_list":["post-186","page","type-page","status-publish","hentry","nodate","item-wrap"],"_links":{"self":[{"href":"https:\/\/ent2d.ac-bordeaux.fr\/disciplines\/3pm\/wp-json\/wp\/v2\/pages\/186","targetHints":{"allow":["GET"]}}],"collection":[{"href":"https:\/\/ent2d.ac-bordeaux.fr\/disciplines\/3pm\/wp-json\/wp\/v2\/pages"}],"about":[{"href":"https:\/\/ent2d.ac-bordeaux.fr\/disciplines\/3pm\/wp-json\/wp\/v2\/types\/page"}],"author":[{"embeddable":true,"href":"https:\/\/ent2d.ac-bordeaux.fr\/disciplines\/3pm\/wp-json\/wp\/v2\/users\/95"}],"replies":[{"embeddable":true,"href":"https:\/\/ent2d.ac-bordeaux.fr\/disciplines\/3pm\/wp-json\/wp\/v2\/comments?post=186"}],"version-history":[{"count":8,"href":"https:\/\/ent2d.ac-bordeaux.fr\/disciplines\/3pm\/wp-json\/wp\/v2\/pages\/186\/revisions"}],"predecessor-version":[{"id":673,"href":"https:\/\/ent2d.ac-bordeaux.fr\/disciplines\/3pm\/wp-json\/wp\/v2\/pages\/186\/revisions\/673"}],"wp:attachment":[{"href":"https:\/\/ent2d.ac-bordeaux.fr\/disciplines\/3pm\/wp-json\/wp\/v2\/media?parent=186"}],"curies":[{"name":"wp","href":"https:\/\/api.w.org\/{rel}","templated":true}]}}