{"id":12,"date":"2022-12-16T16:23:37","date_gmt":"2022-12-16T15:23:37","guid":{"rendered":"https:\/\/ent2d.ac-bordeaux.fr\/disciplines\/3pm\/?page_id=12"},"modified":"2023-03-01T15:26:53","modified_gmt":"2023-03-01T14:26:53","slug":"se-projetter","status":"publish","type":"page","link":"https:\/\/ent2d.ac-bordeaux.fr\/disciplines\/3pm\/se-projetter\/","title":{"rendered":"Se projeter"},"content":{"rendered":"\n<p>L&rsquo;accompagnement au choix d\u2019orientation dispose d\u2019un horaire d\u00e9di\u00e9 au coll\u00e8ge et au lyc\u00e9e pour tous les niveaux de formation ; les r\u00e9gions y participent. Il r\u00e9pond \u00e0 trois objectifs : faire conna\u00eetre la diversit\u00e9 des formations et du monde \u00e9conomique et professionnel ; valoriser l&rsquo;ensemble des voies de formation, y compris la voie professionnelle, l&rsquo;apprentissage et l&rsquo;enseignement agricole ; d\u00e9passer les repr\u00e9sentations et st\u00e9r\u00e9otypes sur les m\u00e9tiers et les formations.<\/p>\n\n\n\n<p><\/p>\n","protected":false},"excerpt":{"rendered":"<p>L&rsquo;accompagnement au choix d\u2019orientation dispose d\u2019un horaire d\u00e9di\u00e9 au coll\u00e8ge et au lyc\u00e9e pour tous les niveaux de formation ; les r\u00e9gions y participent. Il r\u00e9pond \u00e0 trois objectifs : faire conna\u00eetre la diversit\u00e9 des formations et du monde \u00e9conomique et professionnel ; valoriser l&rsquo;ensemble des voies de formation, y compris la voie professionnelle, l&rsquo;apprentissage &hellip; <\/p>\n<p><a class=\"more-link btn\" href=\"https:\/\/ent2d.ac-bordeaux.fr\/disciplines\/3pm\/se-projetter\/\">Lire la suite<\/a><\/p>\n","protected":false},"author":95,"featured_media":0,"parent":0,"menu_order":0,"comment_status":"closed","ping_status":"closed","template":"","meta":{"footnotes":""},"class_list":["post-12","page","type-page","status-publish","hentry","nodate","item-wrap"],"_links":{"self":[{"href":"https:\/\/ent2d.ac-bordeaux.fr\/disciplines\/3pm\/wp-json\/wp\/v2\/pages\/12","targetHints":{"allow":["GET"]}}],"collection":[{"href":"https:\/\/ent2d.ac-bordeaux.fr\/disciplines\/3pm\/wp-json\/wp\/v2\/pages"}],"about":[{"href":"https:\/\/ent2d.ac-bordeaux.fr\/disciplines\/3pm\/wp-json\/wp\/v2\/types\/page"}],"author":[{"embeddable":true,"href":"https:\/\/ent2d.ac-bordeaux.fr\/disciplines\/3pm\/wp-json\/wp\/v2\/users\/95"}],"replies":[{"embeddable":true,"href":"https:\/\/ent2d.ac-bordeaux.fr\/disciplines\/3pm\/wp-json\/wp\/v2\/comments?post=12"}],"version-history":[{"count":5,"href":"https:\/\/ent2d.ac-bordeaux.fr\/disciplines\/3pm\/wp-json\/wp\/v2\/pages\/12\/revisions"}],"predecessor-version":[{"id":368,"href":"https:\/\/ent2d.ac-bordeaux.fr\/disciplines\/3pm\/wp-json\/wp\/v2\/pages\/12\/revisions\/368"}],"wp:attachment":[{"href":"https:\/\/ent2d.ac-bordeaux.fr\/disciplines\/3pm\/wp-json\/wp\/v2\/media?parent=12"}],"curies":[{"name":"wp","href":"https:\/\/api.w.org\/{rel}","templated":true}]}}